{"id":9508,"date":"2019-12-13T18:38:35","date_gmt":"2019-12-13T17:38:35","guid":{"rendered":"https:\/\/www.nssv.at\/vrsoe\/?page_id=9508"},"modified":"2020-05-31T16:40:44","modified_gmt":"2020-05-31T14:40:44","slug":"rassereferate","status":"publish","type":"page","link":"https:\/\/www.nssv.at\/vrsoe\/rassereferate","title":{"rendered":"Rassereferat"},"content":{"rendered":"<h1>Rassereferat des VRS\u00d6<\/h1>\n<p>Hier m\u00f6chten wir Euch unser Team des Rassereferats vorstellen, dass Euch in allen Fragen betreffend der Rassen unterst\u00fctzt. Egal ob es sich um Sport, alternative Auslastung, Gesundheit, Welpenkauf, Erziehung, und alles andere rund um den Hund handelt, sie sind f\u00fcr Euch da!<\/p>\n<p><em>Unser Team ist auch hier in 2 Sektionen t\u00e4tig:<br \/>\n<\/em><em>Sektion 1 f\u00fcr alle <a href=\"https:\/\/www.nssv.at\/vrsoe\/?p=428\" target=\"_blank\" rel=\"noopener noreferrer\">nordischen (Schlitten-) Hunderassen<\/a>,<br \/>\nSektion 2 f\u00fcr alle nicht-nordischen Hunderassen.<\/em><\/p>\n<p>Die einzelnen Referate sind nochmals verlinkt! Dort erhaltet Ihr weitere Informationen der Referenten und Referentinnen \u00fcber die von ihnen betreute Rasse.<\/p>\n<p><strong>Anmerkung:<\/strong> Alle Artikel in den Rassereferaten sind die Meinung der jeweiligen Referenten. Diese muss nicht zwingend jene unseres Verbandes sein, und schon gar nicht der allgemeinen oder aktuell verbreiteten Meinung anderer Verb\u00e4nde oder Einzelpersonen entsprechen. Unser Verband ist unabh\u00e4ngig, genauso wie die freie Meinung unserer Referenten.<\/p>\n<p>&nbsp;<\/p>\n<p>&nbsp;<\/p>\n<h2><em><a href=\"https:\/\/www.nssv.at\/vrsoe\/?p=9521\" target=\"_blank\" rel=\"noopener noreferrer\">Rassereferat&nbsp; SAMOJEDE<\/a> &#8211; VRS\u00d6 Sektion 1<\/em><br \/>\n<strong>Gloria Eberl<br \/>\n<\/strong><\/h2>\n<p><img loading=\"lazy\" decoding=\"async\" class=\"alignnone size-full wp-image-9499\" src=\"https:\/\/www.nssv.at\/vrsoe\/wp-content\/uploads\/2019\/12\/gloria.jpg\" alt=\"\" width=\"600\" height=\"336\" srcset=\"https:\/\/www.nssv.at\/vrsoe\/wp-content\/uploads\/2019\/12\/gloria.jpg 600w, https:\/\/www.nssv.at\/vrsoe\/wp-content\/uploads\/2019\/12\/gloria-300x168.jpg 300w\" sizes=\"auto, (max-width: 600px) 100vw, 600px\" \/><\/p>\n<p><span class=\"_5yl5\"><strong>Samojeden von Majestic Snowdogs<\/strong>. Dieser Zuchtst\u00e4ttenname wird Euch ab nun \u00f6fter auf unseren Seiten begegnen. Gloria ist ab sofort unsere Rassereferentin in Bezug auf die Rasse der Samojeden. Sie wird Euch \u00fcber die Rasse selbst, die Haltung, Sport und Bewegungsalternativen, Krankheiten, Genetik und vieles mehr informieren, uns steht Euch auch gerne mit Rat und Tat zur Verf\u00fcgung. (Anmerkung: Gloria hat am 25. J\u00e4nner 2020 auch die RV\u00d6 Zuchtwartpr\u00fcfung mit sehr gutem Erfolg bestanden. Wir vom Verband gratulieren herzlichst dazu.)<br \/>\n<\/span><\/p>\n<p><a href=\"https:\/\/www.facebook.com\/gloria.snowdogs\" target=\"_blank\" rel=\"noopener noreferrer\"><img loading=\"lazy\" decoding=\"async\" class=\"alignnone wp-image-9156\" src=\"https:\/\/www.nssv.at\/vrsoe\/wp-content\/uploads\/2018\/11\/fb-logo-300x300-150x150.jpg\" alt=\"\" width=\"50\" height=\"50\" srcset=\"https:\/\/www.nssv.at\/vrsoe\/wp-content\/uploads\/2018\/11\/fb-logo-300x300-150x150.jpg 150w, https:\/\/www.nssv.at\/vrsoe\/wp-content\/uploads\/2018\/11\/fb-logo-300x300.jpg 300w\" sizes=\"auto, (max-width: 50px) 100vw, 50px\" \/><\/a> &nbsp;&nbsp; <a href=\"https:\/\/majestic-snowdogs.webnode.at\/\" target=\"_blank\" rel=\"noopener noreferrer\"><img loading=\"lazy\" decoding=\"async\" class=\"alignnone wp-image-9502\" src=\"https:\/\/www.nssv.at\/vrsoe\/wp-content\/uploads\/2019\/12\/internet-explorer-icon-12.png\" alt=\"\" width=\"50\" height=\"50\" srcset=\"https:\/\/www.nssv.at\/vrsoe\/wp-content\/uploads\/2019\/12\/internet-explorer-icon-12.png 256w, https:\/\/www.nssv.at\/vrsoe\/wp-content\/uploads\/2019\/12\/internet-explorer-icon-12-150x150.png 150w\" sizes=\"auto, (max-width: 50px) 100vw, 50px\" \/><\/a> &nbsp; <img loading=\"lazy\" decoding=\"async\" class=\"alignnone wp-image-9146\" src=\"https:\/\/www.nssv.at\/vrsoe\/wp-content\/uploads\/2018\/11\/email-150x150.png\" alt=\"\" width=\"50\" height=\"50\" srcset=\"https:\/\/www.nssv.at\/vrsoe\/wp-content\/uploads\/2018\/11\/email-150x150.png 150w, https:\/\/www.nssv.at\/vrsoe\/wp-content\/uploads\/2018\/11\/email-300x300.png 300w, https:\/\/www.nssv.at\/vrsoe\/wp-content\/uploads\/2018\/11\/email.png 512w\" sizes=\"auto, (max-width: 50px) 100vw, 50px\" \/>samojeden [@nssv.at]<\/p>\n<p><img loading=\"lazy\" decoding=\"async\" class=\"alignnone size-full wp-image-9599\" src=\"https:\/\/www.nssv.at\/vrsoe\/wp-content\/uploads\/2020\/01\/pawline2020.png\" alt=\"\" width=\"988\" height=\"50\" srcset=\"https:\/\/www.nssv.at\/vrsoe\/wp-content\/uploads\/2020\/01\/pawline2020.png 988w, https:\/\/www.nssv.at\/vrsoe\/wp-content\/uploads\/2020\/01\/pawline2020-300x15.png 300w, https:\/\/www.nssv.at\/vrsoe\/wp-content\/uploads\/2020\/01\/pawline2020-768x39.png 768w\" sizes=\"auto, (max-width: 988px) 100vw, 988px\" \/><\/p>\n<p>&nbsp;<\/p>\n<h2><em><a href=\"https:\/\/www.nssv.at\/vrsoe\/?p=9524\" target=\"_blank\" rel=\"noopener noreferrer\">Rassereferat&nbsp; ALASKAN MALAMUTE<\/a> &#8211; VRS\u00d6 Sektion 1<\/em><br \/>\n<strong>Christian Veigl<br \/>\n<\/strong><\/h2>\n<p><img loading=\"lazy\" decoding=\"async\" class=\"wp-image-9517\" src=\"https:\/\/www.nssv.at\/vrsoe\/wp-content\/uploads\/2019\/12\/IMG_20180622_122714-1024x665.jpg\" alt=\"\" width=\"600\" height=\"390\" srcset=\"https:\/\/www.nssv.at\/vrsoe\/wp-content\/uploads\/2019\/12\/IMG_20180622_122714-1024x665.jpg 1024w, https:\/\/www.nssv.at\/vrsoe\/wp-content\/uploads\/2019\/12\/IMG_20180622_122714-300x195.jpg 300w, https:\/\/www.nssv.at\/vrsoe\/wp-content\/uploads\/2019\/12\/IMG_20180622_122714-768x498.jpg 768w, https:\/\/www.nssv.at\/vrsoe\/wp-content\/uploads\/2019\/12\/IMG_20180622_122714-1536x997.jpg 1536w, https:\/\/www.nssv.at\/vrsoe\/wp-content\/uploads\/2019\/12\/IMG_20180622_122714-2048x1329.jpg 2048w, https:\/\/www.nssv.at\/vrsoe\/wp-content\/uploads\/2019\/12\/IMG_20180622_122714-scaled.jpg 1280w\" sizes=\"auto, (max-width: 600px) 100vw, 600px\" \/><\/p>\n<p><span class=\"_5yl5\">Seine ersten nordischen Hunde kamen 2004 zu ihm, und seither ist der Name <strong>Arctic Snownoses<\/strong> geblieben. Mehr als 15 Jahre Erfahrung mit Alaskan Malamutes, Siberian Huskies und auch Eskimos die als Familienmitglieder integriert waren und sind, haben eine Menge an Wissen angeh\u00e4uft. Die Alaskan Malamutes waren immer schon seine bevorzugten Fellfreunde, und so hat er es sich zur Aufgabe gemacht, Rasseinteressenten mit seinem Wissen zu unterst\u00fctzen. Diese nordischen Hunde sind ihm sehr wichtig, deswegen unterst\u00fctzt er auch gerne andere &#8222;M\u00fctzenhalter und -halterinnen&#8220; wenn sie nicht beratungsresistent sind.<br \/>\n<\/span><\/p>\n<p><a href=\"https:\/\/www.facebook.com\/arctic.snownoses\" target=\"_blank\" rel=\"noopener noreferrer\"><img loading=\"lazy\" decoding=\"async\" class=\"alignnone wp-image-9156\" src=\"https:\/\/www.nssv.at\/vrsoe\/wp-content\/uploads\/2018\/11\/fb-logo-300x300-150x150.jpg\" alt=\"\" width=\"50\" height=\"50\" srcset=\"https:\/\/www.nssv.at\/vrsoe\/wp-content\/uploads\/2018\/11\/fb-logo-300x300-150x150.jpg 150w, https:\/\/www.nssv.at\/vrsoe\/wp-content\/uploads\/2018\/11\/fb-logo-300x300.jpg 300w\" sizes=\"auto, (max-width: 50px) 100vw, 50px\" \/><\/a> &nbsp; <a href=\"https:\/\/blog.veigl.net\/\" target=\"_blank\" rel=\"noopener noreferrer\"><img loading=\"lazy\" decoding=\"async\" class=\"alignnone wp-image-9502\" src=\"https:\/\/www.nssv.at\/vrsoe\/wp-content\/uploads\/2019\/12\/internet-explorer-icon-12.png\" alt=\"\" width=\"50\" height=\"50\" srcset=\"https:\/\/www.nssv.at\/vrsoe\/wp-content\/uploads\/2019\/12\/internet-explorer-icon-12.png 256w, https:\/\/www.nssv.at\/vrsoe\/wp-content\/uploads\/2019\/12\/internet-explorer-icon-12-150x150.png 150w\" sizes=\"auto, (max-width: 50px) 100vw, 50px\" \/><\/a> &nbsp;&nbsp;<img loading=\"lazy\" decoding=\"async\" class=\"alignnone wp-image-9146\" src=\"https:\/\/www.nssv.at\/vrsoe\/wp-content\/uploads\/2018\/11\/email-150x150.png\" alt=\"\" width=\"50\" height=\"50\" srcset=\"https:\/\/www.nssv.at\/vrsoe\/wp-content\/uploads\/2018\/11\/email-150x150.png 150w, https:\/\/www.nssv.at\/vrsoe\/wp-content\/uploads\/2018\/11\/email-300x300.png 300w, https:\/\/www.nssv.at\/vrsoe\/wp-content\/uploads\/2018\/11\/email.png 512w\" sizes=\"auto, (max-width: 50px) 100vw, 50px\" \/>alaskan-malamute [@nssv.at]<\/p>\n<p><img loading=\"lazy\" decoding=\"async\" class=\"alignnone size-full wp-image-9599\" src=\"https:\/\/www.nssv.at\/vrsoe\/wp-content\/uploads\/2020\/01\/pawline2020.png\" alt=\"\" width=\"988\" height=\"50\" srcset=\"https:\/\/www.nssv.at\/vrsoe\/wp-content\/uploads\/2020\/01\/pawline2020.png 988w, https:\/\/www.nssv.at\/vrsoe\/wp-content\/uploads\/2020\/01\/pawline2020-300x15.png 300w, https:\/\/www.nssv.at\/vrsoe\/wp-content\/uploads\/2020\/01\/pawline2020-768x39.png 768w\" sizes=\"auto, (max-width: 988px) 100vw, 988px\" \/><\/p>\n<p>&nbsp;<\/p>\n<h2><em><a href=\"https:\/\/www.nssv.at\/vrsoe\/?p=9559\" target=\"_blank\" rel=\"noopener noreferrer\">Rassereferat&nbsp; YAKUTIAN LAIKA<\/a> &#8211; VRS\u00d6 Sektion 1<\/em><br \/>\n<strong>Manuela Aigner<br \/>\n<\/strong><\/h2>\n<p><img loading=\"lazy\" decoding=\"async\" class=\"alignnone wp-image-9556\" src=\"https:\/\/www.nssv.at\/vrsoe\/wp-content\/uploads\/2020\/01\/78615894_10219900249646117_700436903152844800_n.jpg\" alt=\"\" width=\"600\" height=\"667\" srcset=\"https:\/\/www.nssv.at\/vrsoe\/wp-content\/uploads\/2020\/01\/78615894_10219900249646117_700436903152844800_n.jpg 720w, https:\/\/www.nssv.at\/vrsoe\/wp-content\/uploads\/2020\/01\/78615894_10219900249646117_700436903152844800_n-270x300.jpg 270w\" sizes=\"auto, (max-width: 600px) 100vw, 600px\" \/><\/p>\n<p><span class=\"_5yl5\">Hallo, mein Name ist Manuela Aigner ich bin 33 Jahre und komme aus Nieder\u00f6sterreich aus dem sch\u00f6nen Mostviertel. Ich bin 2 fache Mutter und bin Verheiratet. Die Liebe zu den Nordischen packte mich im Jahr 2007 mit meinem ersten Husky Akim. Nach dem Motto einer ist keiner kam 2008 der Zweite. Leider mussten mich beide zu fr\u00fch verlassen. Wen einmal das nordische Fieber gepackt hat, wird es aber nicht mehr los, eigentlich wollte ich so schnell keinen Wegbegleiter mehr &#8230; Dann kam aber Christian und zeigte mir einen sooooo s\u00fcssen Knopf. Ich hatte viele Zweifel, soll ich, soll ich nicht. Naja, nach einigen Mails mit der Z\u00fcchterin aus Russland war es dann doch soweit und ich sagte zu. &#8222;Bandit&#8220;, ein waschechter Yakutian Laika R\u00fcde, kam am 4. August 2018 zu uns. Wir beide sind ein echt tolles Team geworden. Wir sind sowohl in der Hundeschule, die uns beiden sehr Spass macht, aber er ist auch unser Sofawolf. Bandit ist super schlau, lernt schnell und ist immer mit Freude dabei. Wir haben bisher schon die MHT-Pr\u00fcfung und die BGH1 zusammen geschafft. Rollerfahren macht uns Spass und Breitensport ist auch was f\u00fcr uns beide. Es wird gemacht was Lust macht. Probiert wird alles. Am Liebsten gehen wir lange spazieren um danach zuhause zu Kuscheln. Ich bin froh diesen verr\u00fcckten Russen bei uns in der Familie zu haben.<br \/>\n<\/span><\/p>\n<p><a href=\"https:\/\/www.facebook.com\/manuela.trost.3\" target=\"_blank\" rel=\"noopener noreferrer\"><img loading=\"lazy\" decoding=\"async\" class=\"alignnone wp-image-9156\" src=\"https:\/\/www.nssv.at\/vrsoe\/wp-content\/uploads\/2018\/11\/fb-logo-300x300-150x150.jpg\" alt=\"\" width=\"50\" height=\"50\" srcset=\"https:\/\/www.nssv.at\/vrsoe\/wp-content\/uploads\/2018\/11\/fb-logo-300x300-150x150.jpg 150w, https:\/\/www.nssv.at\/vrsoe\/wp-content\/uploads\/2018\/11\/fb-logo-300x300.jpg 300w\" sizes=\"auto, (max-width: 50px) 100vw, 50px\" \/><\/a> &nbsp; <img loading=\"lazy\" decoding=\"async\" class=\"alignnone wp-image-9502\" src=\"https:\/\/www.nssv.at\/vrsoe\/wp-content\/uploads\/2019\/12\/internet-explorer-icon-12.png\" alt=\"\" width=\"50\" height=\"50\" srcset=\"https:\/\/www.nssv.at\/vrsoe\/wp-content\/uploads\/2019\/12\/internet-explorer-icon-12.png 256w, https:\/\/www.nssv.at\/vrsoe\/wp-content\/uploads\/2019\/12\/internet-explorer-icon-12-150x150.png 150w\" sizes=\"auto, (max-width: 50px) 100vw, 50px\" \/> &nbsp;&nbsp;<img loading=\"lazy\" decoding=\"async\" class=\"alignnone wp-image-9146\" src=\"https:\/\/www.nssv.at\/vrsoe\/wp-content\/uploads\/2018\/11\/email-150x150.png\" alt=\"\" width=\"50\" height=\"50\" srcset=\"https:\/\/www.nssv.at\/vrsoe\/wp-content\/uploads\/2018\/11\/email-150x150.png 150w, https:\/\/www.nssv.at\/vrsoe\/wp-content\/uploads\/2018\/11\/email-300x300.png 300w, https:\/\/www.nssv.at\/vrsoe\/wp-content\/uploads\/2018\/11\/email.png 512w\" sizes=\"auto, (max-width: 50px) 100vw, 50px\" \/> yakutian-laikas [@nssv.at]<\/p>\n<p><img loading=\"lazy\" decoding=\"async\" class=\"alignnone size-full wp-image-9599\" src=\"https:\/\/www.nssv.at\/vrsoe\/wp-content\/uploads\/2020\/01\/pawline2020.png\" alt=\"\" width=\"988\" height=\"50\" srcset=\"https:\/\/www.nssv.at\/vrsoe\/wp-content\/uploads\/2020\/01\/pawline2020.png 988w, https:\/\/www.nssv.at\/vrsoe\/wp-content\/uploads\/2020\/01\/pawline2020-300x15.png 300w, https:\/\/www.nssv.at\/vrsoe\/wp-content\/uploads\/2020\/01\/pawline2020-768x39.png 768w\" sizes=\"auto, (max-width: 988px) 100vw, 988px\" \/><\/p>\n<p>&nbsp;<\/p>\n<h2><em>Rassereferat&nbsp; SIBERIAN HUSKY &#8211; VRS\u00d6 Sektion 1<\/em><br \/>\n<strong>Siberian Husky<br \/>\n<\/strong><\/h2>\n<p><span class=\"_5yl5\">Demn\u00e4chst &#8230;<\/span><\/p>\n<p><img loading=\"lazy\" decoding=\"async\" class=\"alignnone size-full wp-image-9599\" src=\"https:\/\/www.nssv.at\/vrsoe\/wp-content\/uploads\/2020\/01\/pawline2020.png\" alt=\"\" width=\"988\" height=\"50\" srcset=\"https:\/\/www.nssv.at\/vrsoe\/wp-content\/uploads\/2020\/01\/pawline2020.png 988w, https:\/\/www.nssv.at\/vrsoe\/wp-content\/uploads\/2020\/01\/pawline2020-300x15.png 300w, https:\/\/www.nssv.at\/vrsoe\/wp-content\/uploads\/2020\/01\/pawline2020-768x39.png 768w\" sizes=\"auto, (max-width: 988px) 100vw, 988px\" \/><\/p>\n<p>&nbsp;<\/p>\n<p>Ihr habt eine nordische Rasse (anerkannt oder nicht anerkannt) die hier noch nicht aufscheint, und wollt sie hier im VRS\u00d6-Rassereferat vertreten? Dann meldet Euch bei uns, schreibt uns Eure Visionen, und wir melden uns bei Euch! Unsere aktiven Teammitglieder sind nat\u00fcrlich beitragsfrei gestellt. (Mail: &#111;&#x66;&#x66;&#105;&#x63;&#x65;&#64;&#x6e;&#x73;s&#118;&#x2e;a&#116;)<\/p>\n<p>&nbsp;<\/p>\n<p>&nbsp;<\/p>\n","protected":false},"excerpt":{"rendered":"<p>Rassereferat des VRS\u00d6 Hier m\u00f6chten wir Euch unser Team des Rassereferats vorstellen, dass Euch in allen Fragen betreffend der Rassen unterst\u00fctzt. Egal ob es sich um Sport, alternative Auslastung, Gesundheit, Welpenkauf, Erziehung, und alles andere rund um den Hund handelt, sie sind f\u00fcr Euch da! Unser Team ist auch hier in 2 Sektionen t\u00e4tig: Sektion [&hellip;]<\/p>\n","protected":false},"author":2,"featured_media":9592,"parent":0,"menu_order":0,"comment_status":"closed","ping_status":"closed","template":"","meta":{"_bbp_topic_count":0,"_bbp_reply_count":0,"_bbp_total_topic_count":0,"_bbp_total_reply_count":0,"_bbp_voice_count":0,"_bbp_anonymous_reply_count":0,"_bbp_topic_count_hidden":0,"_bbp_reply_count_hidden":0,"_bbp_forum_subforum_count":0,"ngg_post_thumbnail":0,"footnotes":""},"class_list":["post-9508","page","type-page","status-publish","has-post-thumbnail","hentry"],"amp_enabled":true,"_links":{"self":[{"href":"https:\/\/www.nssv.at\/vrsoe\/wp-json\/wp\/v2\/pages\/9508","targetHints":{"allow":["GET"]}}],"collection":[{"href":"https:\/\/www.nssv.at\/vrsoe\/wp-json\/wp\/v2\/pages"}],"about":[{"href":"https:\/\/www.nssv.at\/vrsoe\/wp-json\/wp\/v2\/types\/page"}],"author":[{"embeddable":true,"href":"https:\/\/www.nssv.at\/vrsoe\/wp-json\/wp\/v2\/users\/2"}],"replies":[{"embeddable":true,"href":"https:\/\/www.nssv.at\/vrsoe\/wp-json\/wp\/v2\/comments?post=9508"}],"version-history":[{"count":0,"href":"https:\/\/www.nssv.at\/vrsoe\/wp-json\/wp\/v2\/pages\/9508\/revisions"}],"wp:featuredmedia":[{"embeddable":true,"href":"https:\/\/www.nssv.at\/vrsoe\/wp-json\/wp\/v2\/media\/9592"}],"wp:attachment":[{"href":"https:\/\/www.nssv.at\/vrsoe\/wp-json\/wp\/v2\/media?parent=9508"}],"curies":[{"name":"wp","href":"https:\/\/api.w.org\/{rel}","templated":true}]}}