{"id":9177,"date":"2018-11-04T18:21:51","date_gmt":"2018-11-04T17:21:51","guid":{"rendered":"https:\/\/www.nssv.at\/vrsoe\/?page_id=9177"},"modified":"2022-01-06T09:04:06","modified_gmt":"2022-01-06T08:04:06","slug":"vrsoe-ehrenkodex","status":"publish","type":"page","link":"https:\/\/www.nssv.at\/vrsoe\/mitglieder\/vrsoe-ehrenkodex","title":{"rendered":"VRS\u00d6-Ehrenkodex"},"content":{"rendered":"<p><strong>Das ist unser Ehrenkodex dem wir auf \u00f6ffentlichen Events und Rennen verpflichtet sind:<br \/>\n<\/strong><\/p>\n<p>&nbsp;<\/p>\n<p><a href=\"https:\/\/www.nssv.at\/vrsoe\/wp-content\/uploads\/2019\/02\/Goldpfote.png\" class=\"thickbox no_icon\"><img loading=\"lazy\" decoding=\"async\" class=\"alignnone wp-image-9368\" src=\"https:\/\/www.nssv.at\/vrsoe\/wp-content\/uploads\/2019\/02\/Goldpfote-150x150.png\" alt=\"\" width=\"15\" height=\"17\" srcset=\"https:\/\/www.nssv.at\/vrsoe\/wp-content\/uploads\/2019\/02\/Goldpfote-269x300.png 269w, https:\/\/www.nssv.at\/vrsoe\/wp-content\/uploads\/2019\/02\/Goldpfote.png 307w\" sizes=\"auto, (max-width: 15px) 100vw, 15px\" \/><\/a> Wir verpflichten uns mit der Mitgliedschaft, uns an die ver\u00f6ffentlichten Regeln des Verbandes uneingeschr\u00e4nkt zu halten. Bundes- und Landesgesetze werden wir nicht ignorieren oder missachten. Dies gilt insbesondere f\u00fcr Tierschutzgesetze und nationale Tierhalteverordnungen. Diese stehen immer \u00fcber allen Verbandsregeln und gelten f\u00fcr uns auch auf Rennen anderer Verb\u00e4nde oder Vereine.<\/p>\n<p><a href=\"https:\/\/www.nssv.at\/vrsoe\/wp-content\/uploads\/2019\/02\/Goldpfote.png\" class=\"thickbox no_icon\"><img loading=\"lazy\" decoding=\"async\" class=\"alignnone wp-image-9368\" src=\"https:\/\/www.nssv.at\/vrsoe\/wp-content\/uploads\/2019\/02\/Goldpfote-150x150.png\" alt=\"\" width=\"15\" height=\"17\" srcset=\"https:\/\/www.nssv.at\/vrsoe\/wp-content\/uploads\/2019\/02\/Goldpfote-269x300.png 269w, https:\/\/www.nssv.at\/vrsoe\/wp-content\/uploads\/2019\/02\/Goldpfote.png 307w\" sizes=\"auto, (max-width: 15px) 100vw, 15px\" \/><\/a> Verst\u00f6\u00dfe gegen die Tierschutzordnungen, Gesetze, Vorschriften, etc. werden wir sofort und ohne Verz\u00f6gerungen an das Verbands-Office melden, das sich der Sache annehmen wird. Wenn bei einer Teilnahme an Veranstaltungen oder Rennen innerhalb oder auch au\u00dferhalb unseres Verbandes Missst\u00e4nde zu beklagen sind, oder es bei einer Teilnahme zu Verst\u00f6\u00dfen gegen oben Genanntes kommen w\u00fcrde, gehen wir nicht an den Start und legen beim Veranstalter und dem VRS\u00d6-Office sofort Beschwerde ein.<\/p>\n<p><a href=\"https:\/\/www.nssv.at\/vrsoe\/wp-content\/uploads\/2019\/02\/Goldpfote.png\" class=\"thickbox no_icon\"><img loading=\"lazy\" decoding=\"async\" class=\"alignnone wp-image-9368\" src=\"https:\/\/www.nssv.at\/vrsoe\/wp-content\/uploads\/2019\/02\/Goldpfote-150x150.png\" alt=\"\" width=\"15\" height=\"17\" srcset=\"https:\/\/www.nssv.at\/vrsoe\/wp-content\/uploads\/2019\/02\/Goldpfote-269x300.png 269w, https:\/\/www.nssv.at\/vrsoe\/wp-content\/uploads\/2019\/02\/Goldpfote.png 307w\" sizes=\"auto, (max-width: 15px) 100vw, 15px\" \/><\/a> Als Mitglied des VRS\u00d6 oder einem seiner angeschlossenen Vereine verpflichten wir uns, keine weiteren Mitgliedschaften in anderen Schlittenhundevereinen oder gleichartigen Vereinen oder Verb\u00e4nden einzugehen. (Davon ausgenommen sind Mitgliedschaften bei Vereinen au\u00dferhalb \u00d6sterreichs).<\/p>\n<p><a href=\"https:\/\/www.nssv.at\/vrsoe\/wp-content\/uploads\/2019\/02\/Goldpfote.png\" class=\"thickbox no_icon\"><img loading=\"lazy\" decoding=\"async\" class=\"alignnone wp-image-9368\" src=\"https:\/\/www.nssv.at\/vrsoe\/wp-content\/uploads\/2019\/02\/Goldpfote-150x150.png\" alt=\"\" width=\"15\" height=\"17\" srcset=\"https:\/\/www.nssv.at\/vrsoe\/wp-content\/uploads\/2019\/02\/Goldpfote-269x300.png 269w, https:\/\/www.nssv.at\/vrsoe\/wp-content\/uploads\/2019\/02\/Goldpfote.png 307w\" sizes=\"auto, (max-width: 15px) 100vw, 15px\" \/><\/a> Unsere Hunde sind vorrangig. Sie sind so zu behandeln wie man auch selbst behandelt werden m\u00f6chte. Wir betrachten die Hunde nicht als Sportger\u00e4te, sondern als Sportpartner die uns gleichgestellt sind. Das Wohl der Hunde ist unsere oberste Priorit\u00e4t.<\/p>\n<p><a href=\"https:\/\/www.nssv.at\/vrsoe\/wp-content\/uploads\/2019\/02\/Goldpfote.png\" class=\"thickbox no_icon\"><img loading=\"lazy\" decoding=\"async\" class=\"alignnone wp-image-9368\" src=\"https:\/\/www.nssv.at\/vrsoe\/wp-content\/uploads\/2019\/02\/Goldpfote-150x150.png\" alt=\"\" width=\"15\" height=\"17\" srcset=\"https:\/\/www.nssv.at\/vrsoe\/wp-content\/uploads\/2019\/02\/Goldpfote-269x300.png 269w, https:\/\/www.nssv.at\/vrsoe\/wp-content\/uploads\/2019\/02\/Goldpfote.png 307w\" sizes=\"auto, (max-width: 15px) 100vw, 15px\" \/><\/a> Wir sind alle f\u00fcr einander da. Innerhalb des Verbandes gibt es kein Konkurrenzdenken und kein Blockieren in Punkto Sportnachwuchs und Neueinsteiger. Wir helfen innerhalb des Verbandes mit allen uns zur Verf\u00fcgung stehenden Mitteln und M\u00f6glichkeiten unseren Mitgliedern ihre gesetzten Ziele zu erreichen. Ehrlichkeit, R\u00fccksichtnahme und gegenseitige Hilfe sind oberstes Gebot f\u00fcr alle Mitglieder im Verband! Wir geben im Rahmen des Verbandes und seiner Aktivit\u00e4ten unser Wissen gerne an neue Mitglieder weiter. Interessierte und Neueinsteiger kl\u00e4ren wir \u00fcber die Haltung der Hunde, ihre jeweiligen Eigenarten und Bed\u00fcrfnisse, sowie die Sportarten die man mit ihnen betreiben kann bereitwillig auf.<\/p>\n<p><a href=\"https:\/\/www.nssv.at\/vrsoe\/wp-content\/uploads\/2019\/02\/Goldpfote.png\" class=\"thickbox no_icon\"><img loading=\"lazy\" decoding=\"async\" class=\"alignnone wp-image-9368\" src=\"https:\/\/www.nssv.at\/vrsoe\/wp-content\/uploads\/2019\/02\/Goldpfote-150x150.png\" alt=\"\" width=\"15\" height=\"17\" srcset=\"https:\/\/www.nssv.at\/vrsoe\/wp-content\/uploads\/2019\/02\/Goldpfote-269x300.png 269w, https:\/\/www.nssv.at\/vrsoe\/wp-content\/uploads\/2019\/02\/Goldpfote.png 307w\" sizes=\"auto, (max-width: 15px) 100vw, 15px\" \/><\/a> Wir setzen uns gemeinsam f\u00fcr den Verband ein, und helfen auch gemeinsam bei der Ausrichtung von Veranstaltungen um eine gr\u00f6\u00dftm\u00f6gliche Zufriedenheit f\u00fcr alle zu erreichen. Zum Erfolg des Verbandes tragen wir gemeinsam bei.<\/p>\n<p><a href=\"https:\/\/www.nssv.at\/vrsoe\/wp-content\/uploads\/2019\/02\/Goldpfote.png\" class=\"thickbox no_icon\"><img loading=\"lazy\" decoding=\"async\" class=\"alignnone wp-image-9368\" src=\"https:\/\/www.nssv.at\/vrsoe\/wp-content\/uploads\/2019\/02\/Goldpfote-150x150.png\" alt=\"\" width=\"15\" height=\"17\" srcset=\"https:\/\/www.nssv.at\/vrsoe\/wp-content\/uploads\/2019\/02\/Goldpfote-269x300.png 269w, https:\/\/www.nssv.at\/vrsoe\/wp-content\/uploads\/2019\/02\/Goldpfote.png 307w\" sizes=\"auto, (max-width: 15px) 100vw, 15px\" \/><\/a> Streitigkeiten schlichten wir untereinander und nicht \u00f6ffentlich. Sollten die Fronten verfahren sein, ziehen wir den Rat von Vertrauensmitgliedern zu Hilfe um den Streit zu schlichten. Wir beteiligen uns nicht an \u00f6ffentlicher Denunzierung oder Hetze gegen andere Hundehalter, Z\u00fcchter oder Sportler in den sozialen Medien, Foren oder sonstigen \u00f6ffentlich lesbaren Einrichtungen. Diskussionen aufgrund von Meinungsverschiedenheiten werden sachlich und ohne Anfeindungen gef\u00fchrt.<\/p>\n<p><a href=\"https:\/\/www.nssv.at\/vrsoe\/wp-content\/uploads\/2019\/02\/Goldpfote.png\" class=\"thickbox no_icon\"><img loading=\"lazy\" decoding=\"async\" class=\"alignnone wp-image-9368\" src=\"https:\/\/www.nssv.at\/vrsoe\/wp-content\/uploads\/2019\/02\/Goldpfote-150x150.png\" alt=\"\" width=\"15\" height=\"17\" srcset=\"https:\/\/www.nssv.at\/vrsoe\/wp-content\/uploads\/2019\/02\/Goldpfote-269x300.png 269w, https:\/\/www.nssv.at\/vrsoe\/wp-content\/uploads\/2019\/02\/Goldpfote.png 307w\" sizes=\"auto, (max-width: 15px) 100vw, 15px\" \/><\/a> Wir akzeptieren gegenseitig unsere Meinungen. Das hei\u00dft nicht, dass wir sie umsetzen m\u00fcssen oder werden, aber auch nicht, dass wir sie sofort bek\u00e4mpfen oder schlecht machen werden. Meinungsfreiheit ist ein hohes Gut, wenn sie die anderen Punkte dieses Kodexes nicht ad absurdum f\u00fchrt.<\/p>\n<p><a href=\"https:\/\/www.nssv.at\/vrsoe\/wp-content\/uploads\/2019\/02\/Goldpfote.png\" class=\"thickbox no_icon\"><img loading=\"lazy\" decoding=\"async\" class=\"alignnone wp-image-9368\" src=\"https:\/\/www.nssv.at\/vrsoe\/wp-content\/uploads\/2019\/02\/Goldpfote-150x150.png\" alt=\"\" width=\"15\" height=\"17\" srcset=\"https:\/\/www.nssv.at\/vrsoe\/wp-content\/uploads\/2019\/02\/Goldpfote-269x300.png 269w, https:\/\/www.nssv.at\/vrsoe\/wp-content\/uploads\/2019\/02\/Goldpfote.png 307w\" sizes=\"auto, (max-width: 15px) 100vw, 15px\" \/><\/a> Alkohol ist f\u00fcr uns nicht verboten, aber bitte nur mit Ma\u00df und Vorsicht! Immerhin haben wir die Verantwortung f\u00fcr unsere Hunde und stehen auch im Mittelpunkt \u00f6ffentlichen Interesses. Sinnloses Besaufen und anschlie\u00dfende, dem Sport nicht dienliche Auftritte in der \u00d6ffentlichkeit, sind ein Tabu f\u00fcr uns. Sollte es trotzdem einmal vorkommen, dass wir \u00fcbers Ziel geschossen sind, dann verzichten wir freiwillig am n\u00e4chsten Tag auf jegliche sportliche Teilnahme um die Hunde nicht zu gef\u00e4hrden. Mit Restalkohol im Blut kann man keine Verantwortung \u00fcber die Tiere \u00fcbernehmen und ist nicht im vollen Besitz aller notwendigen Reaktionsf\u00e4higkeiten. Weiters lehnen wir bei unseren Zusammenk\u00fcnften Drogen aller Art kategorisch ab!<\/p>\n<p><a href=\"https:\/\/www.nssv.at\/vrsoe\/wp-content\/uploads\/2019\/02\/Goldpfote.png\" class=\"thickbox no_icon\"><img loading=\"lazy\" decoding=\"async\" class=\"alignnone wp-image-9368\" src=\"https:\/\/www.nssv.at\/vrsoe\/wp-content\/uploads\/2019\/02\/Goldpfote-150x150.png\" alt=\"\" width=\"15\" height=\"17\" srcset=\"https:\/\/www.nssv.at\/vrsoe\/wp-content\/uploads\/2019\/02\/Goldpfote-269x300.png 269w, https:\/\/www.nssv.at\/vrsoe\/wp-content\/uploads\/2019\/02\/Goldpfote.png 307w\" sizes=\"auto, (max-width: 15px) 100vw, 15px\" \/><\/a> Unsere Hunde werden von uns beaufsichtigt sowie besch\u00e4ftigt, und nicht den ganzen Tag in den Boxen oder am Stake-Out angebunden gehalten ohne bewegt zu werden. Spazierg\u00e4nge zum Beine vertreten werden von uns in regelm\u00e4\u00dfigen Zeitabst\u00e4nden durchgef\u00fchrt. Sollte nicht das ganze Rudel mit k\u00f6nnen, dann bitten wir andere Anwesende vor\u00fcbergehend die Aufsicht \u00fcber die zur\u00fcckgebliebenen Hunde zu \u00fcbernehmen. Kein Hund wird von uns ohne Aufsicht alleine gelassen!<\/p>\n<p><a href=\"https:\/\/www.nssv.at\/vrsoe\/wp-content\/uploads\/2019\/02\/Goldpfote.png\" class=\"thickbox no_icon\"><img loading=\"lazy\" decoding=\"async\" class=\"alignnone wp-image-9368\" src=\"https:\/\/www.nssv.at\/vrsoe\/wp-content\/uploads\/2019\/02\/Goldpfote-150x150.png\" alt=\"\" width=\"15\" height=\"17\" srcset=\"https:\/\/www.nssv.at\/vrsoe\/wp-content\/uploads\/2019\/02\/Goldpfote-269x300.png 269w, https:\/\/www.nssv.at\/vrsoe\/wp-content\/uploads\/2019\/02\/Goldpfote.png 307w\" sizes=\"auto, (max-width: 15px) 100vw, 15px\" \/><\/a> Wasser steht den Hunden jederzeit bereit. Futter wird von uns nach Bedarf gegeben. Kein Hund hungert oder leidet an Durst bei uns. Sollte jemandem &#8211; aus welchen Gr\u00fcnden auch immer &#8211; das Futter ausgehen dann springen wir mit gegenseitiger Futterhilfe ein. Das gilt auch f\u00fcr Material der medizinischen Versorgung.<\/p>\n<p><a href=\"https:\/\/www.nssv.at\/vrsoe\/wp-content\/uploads\/2019\/02\/Goldpfote.png\" class=\"thickbox no_icon\"><img loading=\"lazy\" decoding=\"async\" class=\"alignnone wp-image-9368\" src=\"https:\/\/www.nssv.at\/vrsoe\/wp-content\/uploads\/2019\/02\/Goldpfote-150x150.png\" alt=\"\" width=\"15\" height=\"17\" srcset=\"https:\/\/www.nssv.at\/vrsoe\/wp-content\/uploads\/2019\/02\/Goldpfote-269x300.png 269w, https:\/\/www.nssv.at\/vrsoe\/wp-content\/uploads\/2019\/02\/Goldpfote.png 307w\" sizes=\"auto, (max-width: 15px) 100vw, 15px\" \/><\/a> Wir schleppen unsere Hunde nicht wie einen Sack durch die Gegend, und behandeln sie in der \u00d6ffentlichkeit und auch au\u00dferhalb des Renngeschehens so wie es sich geh\u00f6rt. Wir halten das Stake-Out sauber, und auch den Ort wo wir zu Gast sind. H\u00e4ufchen unserer Hunde werden von uns vom Stake-Out unverz\u00fcglich entfernt! Pipilacken mit Wasser \u00fcbergossen damit es verd\u00fcnnt besser versickern kann. Im Winter wird das &#8222;Zitroneneis&#8220; von uns entfernt. Kein Hund wird oder muss bei uns in seinen Exkrementen liegen. Wir verursachen auch keinen unn\u00f6tigen L\u00e4rm, und schreien nicht mit unseren Hunden!<\/p>\n<p><a href=\"https:\/\/www.nssv.at\/vrsoe\/wp-content\/uploads\/2019\/02\/Goldpfote.png\" class=\"thickbox no_icon\"><img loading=\"lazy\" decoding=\"async\" class=\"alignnone wp-image-9368\" src=\"https:\/\/www.nssv.at\/vrsoe\/wp-content\/uploads\/2019\/02\/Goldpfote-150x150.png\" alt=\"\" width=\"15\" height=\"17\" srcset=\"https:\/\/www.nssv.at\/vrsoe\/wp-content\/uploads\/2019\/02\/Goldpfote-269x300.png 269w, https:\/\/www.nssv.at\/vrsoe\/wp-content\/uploads\/2019\/02\/Goldpfote.png 307w\" sizes=\"auto, (max-width: 15px) 100vw, 15px\" \/><\/a> Wir geben unsere Hunde niemals auf oder schieben sie ab nur weil sie generell oder auch im Alter nicht mehr den Anforderungen, die man m\u00f6glicherweise stellt, entsprechen! Die Hunde haben es nach den Leistungen die sie f\u00fcr uns erbracht haben verdient, ihren Lebensabend auch bei uns zu verbringen und ihren Lebensabend genie\u00dfen zu k\u00f6nnen.<\/p>\n<p>&nbsp;<\/p>\n<p><em>Wenn Ihr Euch nicht imstande seht, diesen Ehrenkodex einzuhalten, dann legen wir Euch nahe, den Verband zu verlassen oder nicht um eine Mitgliedschaft bei uns oder den angeschlossenen Vereinen und Clubs anzusuchen. Es k\u00e4me unweigerlich zu Streitigkeiten und Diskrepanzen zwischen Euch und uns. Danke f\u00fcr das Verst\u00e4ndnis.<\/em><\/p>\n<p>&nbsp;<\/p>\n<p>&nbsp;<\/p>\n<p><strong>Das Ethikpapier der WSA (World Sleddog Association) in f\u00fcr uns leicht angepasster Form, an dem wir uns ebenfalls orientieren:<br \/>\n<\/strong><\/p>\n<p>&nbsp;<\/p>\n<p><strong>HUNDESPORT<\/strong><\/p>\n<p><a href=\"https:\/\/www.nssv.at\/vrsoe\/wp-content\/uploads\/2019\/02\/Goldpfote.png\" class=\"thickbox no_icon\"><img loading=\"lazy\" decoding=\"async\" class=\"alignnone wp-image-9368\" src=\"https:\/\/www.nssv.at\/vrsoe\/wp-content\/uploads\/2019\/02\/Goldpfote-150x150.png\" alt=\"\" width=\"15\" height=\"17\" srcset=\"https:\/\/www.nssv.at\/vrsoe\/wp-content\/uploads\/2019\/02\/Goldpfote-269x300.png 269w, https:\/\/www.nssv.at\/vrsoe\/wp-content\/uploads\/2019\/02\/Goldpfote.png 307w\" sizes=\"auto, (max-width: 15px) 100vw, 15px\" \/><\/a> Das Wohlbefinden und die Gesundheit des Hundes verbietet jegliche Aktivit\u00e4ten, die seine Lebenserwartung und seine Lebensqualit\u00e4t stark beintr\u00e4chtigen oder gef\u00e4hrden. Eine gr\u00f6\u00dftm\u00f6gliche Harmonie zwischen Mensch und Hund zu erreichen, ist das Ziel jeder Form von Hundesport.<\/p>\n<p><strong>Ethische Grunds\u00e4tze:<\/strong><\/p>\n<p><a href=\"https:\/\/www.nssv.at\/vrsoe\/wp-content\/uploads\/2019\/02\/Goldpfote.png\" class=\"thickbox no_icon\"><img loading=\"lazy\" decoding=\"async\" class=\"alignnone wp-image-9368\" src=\"https:\/\/www.nssv.at\/vrsoe\/wp-content\/uploads\/2019\/02\/Goldpfote-150x150.png\" alt=\"\" width=\"15\" height=\"17\" srcset=\"https:\/\/www.nssv.at\/vrsoe\/wp-content\/uploads\/2019\/02\/Goldpfote-269x300.png 269w, https:\/\/www.nssv.at\/vrsoe\/wp-content\/uploads\/2019\/02\/Goldpfote.png 307w\" sizes=\"auto, (max-width: 15px) 100vw, 15px\" \/><\/a> Die Verantwortung f\u00fcr einen Hund beginnt am ersten Tag und dauert bis zum Lebensende, wobei die Lebenserwartung eines gesunden, mittelgro\u00dfen bis gro\u00dfen Hund im Durchschnitt zwischen 12 und 15 Jahren liegt.<\/p>\n<p><a href=\"https:\/\/www.nssv.at\/vrsoe\/wp-content\/uploads\/2019\/02\/Goldpfote.png\" class=\"thickbox no_icon\"><img loading=\"lazy\" decoding=\"async\" class=\"alignnone wp-image-9368\" src=\"https:\/\/www.nssv.at\/vrsoe\/wp-content\/uploads\/2019\/02\/Goldpfote-150x150.png\" alt=\"\" width=\"15\" height=\"17\" srcset=\"https:\/\/www.nssv.at\/vrsoe\/wp-content\/uploads\/2019\/02\/Goldpfote-269x300.png 269w, https:\/\/www.nssv.at\/vrsoe\/wp-content\/uploads\/2019\/02\/Goldpfote.png 307w\" sizes=\"auto, (max-width: 15px) 100vw, 15px\" \/><\/a> Oberste Priorit\u00e4t hat die Erhaltung und F\u00f6rderung der physischen und psychischen Gesundheit des Hundes. Neben den Grundbed\u00fcrfnissen Nahrung, Pflege und Auslauf gilt es ein verhaltensgerechter und weitm\u00f6glichst gewaltfreier Umgang mit dem Hund zu erlangen.<\/p>\n<p><a href=\"https:\/\/www.nssv.at\/vrsoe\/wp-content\/uploads\/2019\/02\/Goldpfote.png\" class=\"thickbox no_icon\"><img loading=\"lazy\" decoding=\"async\" class=\"alignnone wp-image-9368\" src=\"https:\/\/www.nssv.at\/vrsoe\/wp-content\/uploads\/2019\/02\/Goldpfote-150x150.png\" alt=\"\" width=\"15\" height=\"17\" srcset=\"https:\/\/www.nssv.at\/vrsoe\/wp-content\/uploads\/2019\/02\/Goldpfote-269x300.png 269w, https:\/\/www.nssv.at\/vrsoe\/wp-content\/uploads\/2019\/02\/Goldpfote.png 307w\" sizes=\"auto, (max-width: 15px) 100vw, 15px\" \/><\/a> Neben der Grundversorgung geh\u00f6ren regelm\u00e4\u00dfige Gesundheitschecks, Impfungen, Ma\u00dfnahmen gegen Endo- und Ektoparasiten und \u00e4rztlichen Untersuchungen zu einer verantwortungsvollen Hundehaltung dazu. Die Haltung des Hundes muss seinen nat\u00fcrlichen Bed\u00fcrfnissen angepasst sein und der dringend notwendige soziale Kontakt zu Artgenossen, zu Fremden und zu Bezugsmenschen muss gew\u00e4hrleistet sein. Gerade in der Schlittenhundehaltung ist die Anzahl der Hunde nach den pers\u00f6nlichen, finanziellen und zeitlichen Gegebenheiten und dem zur Verf\u00fcgung stehenden Platz zu richten, weil oft die eigenen M\u00f6glichkeiten \u00fcbergangen werden und dann Folgeprobleme auftreten.<\/p>\n<p><a href=\"https:\/\/www.nssv.at\/vrsoe\/wp-content\/uploads\/2019\/02\/Goldpfote.png\" class=\"thickbox no_icon\"><img loading=\"lazy\" decoding=\"async\" class=\"alignnone wp-image-9368\" src=\"https:\/\/www.nssv.at\/vrsoe\/wp-content\/uploads\/2019\/02\/Goldpfote-150x150.png\" alt=\"\" width=\"15\" height=\"17\" srcset=\"https:\/\/www.nssv.at\/vrsoe\/wp-content\/uploads\/2019\/02\/Goldpfote-269x300.png 269w, https:\/\/www.nssv.at\/vrsoe\/wp-content\/uploads\/2019\/02\/Goldpfote.png 307w\" sizes=\"auto, (max-width: 15px) 100vw, 15px\" \/><\/a> Die Grunderziehung eines jeden Hundes, auch und vor allem in Rudelhaltung (wobei Rudelhaltung auch das Eingliedern im Familienverband sein kann), ist gelebter Tierschutz und unumg\u00e4nglich um jedem Hund einen sicheren Handlungsrahmen zu gew\u00e4hren.<\/p>\n<p><a href=\"https:\/\/www.nssv.at\/vrsoe\/wp-content\/uploads\/2019\/02\/Goldpfote.png\" class=\"thickbox no_icon\"><img loading=\"lazy\" decoding=\"async\" class=\"alignnone wp-image-9368\" src=\"https:\/\/www.nssv.at\/vrsoe\/wp-content\/uploads\/2019\/02\/Goldpfote-150x150.png\" alt=\"\" width=\"15\" height=\"17\" srcset=\"https:\/\/www.nssv.at\/vrsoe\/wp-content\/uploads\/2019\/02\/Goldpfote-269x300.png 269w, https:\/\/www.nssv.at\/vrsoe\/wp-content\/uploads\/2019\/02\/Goldpfote.png 307w\" sizes=\"auto, (max-width: 15px) 100vw, 15px\" \/><\/a> Eine etwaige Zwingerhaltung ist derartig zu praktizieren, dass ausreichend Raum f\u00fcr Bewegung garantiert wird und ein guter Witterungsschutz gegeben ist. Kettenhaltung wird generell abgelehnt und ist in \u00d6sterreich auch verboten. Der Hund oder die Hunde sollten seinen\/ihren Anlagen und seinem\/ihrem Leistungsverm\u00f6gen entsprechend bewegt und besch\u00e4ftigt werden. Sein Bewegungsdrang, seine Lernf\u00e4higkeit, sowie die \u00fcbrigen Anlagen des Hundes m\u00fcssen gefordert und gef\u00f6rdert werden. Ebenso muss neben angemessener Besch\u00e4ftigung f\u00fcr gen\u00fcgend Auslauf, vorzugsweise im Freilauf (in einem eingez\u00e4unten und gesicherten Gel\u00e4nde) gesorgt werden. Hierzu sind die o.g. Ma\u00dfst\u00e4be an die Grunderziehung eines jeden Hundes zu Grunde zu legen.<\/p>\n<p><a href=\"https:\/\/www.nssv.at\/vrsoe\/wp-content\/uploads\/2019\/02\/Goldpfote.png\" class=\"thickbox no_icon\"><img loading=\"lazy\" decoding=\"async\" class=\"alignnone wp-image-9368\" src=\"https:\/\/www.nssv.at\/vrsoe\/wp-content\/uploads\/2019\/02\/Goldpfote-150x150.png\" alt=\"\" width=\"15\" height=\"17\" srcset=\"https:\/\/www.nssv.at\/vrsoe\/wp-content\/uploads\/2019\/02\/Goldpfote-269x300.png 269w, https:\/\/www.nssv.at\/vrsoe\/wp-content\/uploads\/2019\/02\/Goldpfote.png 307w\" sizes=\"auto, (max-width: 15px) 100vw, 15px\" \/><\/a> Hervorragend zur angemessenen Besch\u00e4ftigung geeignet ist ein gelebter Schlittenhundesport und ebenso die verschiedenen M\u00f6glichkeiten des Hundesports \u00fcberhaupt.<\/p>\n<p><a href=\"https:\/\/www.nssv.at\/vrsoe\/wp-content\/uploads\/2019\/02\/Goldpfote.png\" class=\"thickbox no_icon\"><img loading=\"lazy\" decoding=\"async\" class=\"alignnone wp-image-9368\" src=\"https:\/\/www.nssv.at\/vrsoe\/wp-content\/uploads\/2019\/02\/Goldpfote-150x150.png\" alt=\"\" width=\"15\" height=\"17\" srcset=\"https:\/\/www.nssv.at\/vrsoe\/wp-content\/uploads\/2019\/02\/Goldpfote-269x300.png 269w, https:\/\/www.nssv.at\/vrsoe\/wp-content\/uploads\/2019\/02\/Goldpfote.png 307w\" sizes=\"auto, (max-width: 15px) 100vw, 15px\" \/><\/a> Es besteht die ethische Verpflichtung, den Hund f\u00fcr seine Aufgabe ausreichend zu erziehen und auszubilden. Wobei vor allem moderne Methoden des Trainings, die wissenschaftlich kynologisch getestet und f\u00fcr gut befunden sind, eingesetzt werden sollen. Eine Steigerung des Leistungsverm\u00f6gens durch medikament\u00f6se und nicht tiergerechte Hilfsmittel, sowie Doping, ist strafbar und absolut abzulehnen. Ebenso widerspricht einem notwendigen ethischen Bewusstsein, Leistungen von einem Hund zu verlangen die er aus verschiedenen Gr\u00fcnden nicht erbringen kann, wenn ihm die F\u00e4higkeiten hierzu fehlen.<\/p>\n<p><a href=\"https:\/\/www.nssv.at\/vrsoe\/wp-content\/uploads\/2019\/02\/Goldpfote.png\" class=\"thickbox no_icon\"><img loading=\"lazy\" decoding=\"async\" class=\"alignnone wp-image-9368\" src=\"https:\/\/www.nssv.at\/vrsoe\/wp-content\/uploads\/2019\/02\/Goldpfote-150x150.png\" alt=\"\" width=\"15\" height=\"17\" srcset=\"https:\/\/www.nssv.at\/vrsoe\/wp-content\/uploads\/2019\/02\/Goldpfote-269x300.png 269w, https:\/\/www.nssv.at\/vrsoe\/wp-content\/uploads\/2019\/02\/Goldpfote.png 307w\" sizes=\"auto, (max-width: 15px) 100vw, 15px\" \/><\/a> Ein verantwortungsbewusster Hundef\u00fchrer (Musher) wird nur mit gesunden, gut trainierten und leistungsf\u00e4higen Hunden an sportlichen Veranstaltungen verschiedener Art teilnehmen. Aus wirtschaftlichem Interesse und falschem Ehrgeiz vorgenommenen Manipulationen, zur Leistungssteigerung, sind mit ethischen Grunds\u00e4tzen nicht zu vereinbaren.<\/p>\n<p><a href=\"https:\/\/www.nssv.at\/vrsoe\/wp-content\/uploads\/2019\/02\/Goldpfote.png\" class=\"thickbox no_icon\"><img loading=\"lazy\" decoding=\"async\" class=\"alignnone wp-image-9368\" src=\"https:\/\/www.nssv.at\/vrsoe\/wp-content\/uploads\/2019\/02\/Goldpfote-150x150.png\" alt=\"\" width=\"15\" height=\"17\" srcset=\"https:\/\/www.nssv.at\/vrsoe\/wp-content\/uploads\/2019\/02\/Goldpfote-269x300.png 269w, https:\/\/www.nssv.at\/vrsoe\/wp-content\/uploads\/2019\/02\/Goldpfote.png 307w\" sizes=\"auto, (max-width: 15px) 100vw, 15px\" \/><\/a> Vor allem ist es undenkbar, die Lebenszeit eines Hundes ausfehlenden finanziellen Gr\u00fcnden, aus Platzgr\u00fcnden und vor allem auch weil er keine sportlichen Leistungen mehr erbringen kann, zu verk\u00fcrzen. Die T\u00f6tung von Wirbeltieren ist im Tierschutzgesetz eines jeden Landes geregelt und verbietet ein T\u00f6ten aus o.g. Gr\u00fcnden ganz eindeutig.<\/p>\n<p><a href=\"https:\/\/www.nssv.at\/vrsoe\/wp-content\/uploads\/2019\/02\/Goldpfote.png\" class=\"thickbox no_icon\"><img loading=\"lazy\" decoding=\"async\" class=\"alignnone wp-image-9368\" src=\"https:\/\/www.nssv.at\/vrsoe\/wp-content\/uploads\/2019\/02\/Goldpfote-150x150.png\" alt=\"\" width=\"15\" height=\"17\" srcset=\"https:\/\/www.nssv.at\/vrsoe\/wp-content\/uploads\/2019\/02\/Goldpfote-269x300.png 269w, https:\/\/www.nssv.at\/vrsoe\/wp-content\/uploads\/2019\/02\/Goldpfote.png 307w\" sizes=\"auto, (max-width: 15px) 100vw, 15px\" \/><\/a> Dem Hund einen angenehmen letzten Lebensabschnitt zu gew\u00e4hren, der seinem Gesundheits- und Alterszustand entspricht, ist f\u00fcr nach ethischen Grunds\u00e4tzen handelnde Menschen eine Selbstverst\u00e4ndlichkeit und zeigt seine Dankbarkeit gegen\u00fcber dem Hund als Partner in seinen j\u00fcngeren, leistungsstarken und lebhafteren Zeiten.<\/p>\n<p>&nbsp;<\/p>\n<p><strong>Stand: 16. Dezember 2018<\/strong><\/p>\n","protected":false},"excerpt":{"rendered":"<p>Das ist unser Ehrenkodex dem wir auf \u00f6ffentlichen Events und Rennen verpflichtet sind: &nbsp; Wir verpflichten uns mit der Mitgliedschaft, uns an die ver\u00f6ffentlichten Regeln des Verbandes uneingeschr\u00e4nkt zu halten. Bundes- und Landesgesetze werden wir nicht ignorieren oder missachten. Dies gilt insbesondere f\u00fcr Tierschutzgesetze und nationale Tierhalteverordnungen. Diese stehen immer \u00fcber allen Verbandsregeln und gelten [&hellip;]<\/p>\n","protected":false},"author":2,"featured_media":9178,"parent":18,"menu_order":0,"comment_status":"closed","ping_status":"closed","template":"","meta":{"_bbp_topic_count":0,"_bbp_reply_count":0,"_bbp_total_topic_count":0,"_bbp_total_reply_count":0,"_bbp_voice_count":0,"_bbp_anonymous_reply_count":0,"_bbp_topic_count_hidden":0,"_bbp_reply_count_hidden":0,"_bbp_forum_subforum_count":0,"ngg_post_thumbnail":0,"footnotes":""},"class_list":["post-9177","page","type-page","status-publish","has-post-thumbnail","hentry"],"amp_enabled":true,"_links":{"self":[{"href":"https:\/\/www.nssv.at\/vrsoe\/wp-json\/wp\/v2\/pages\/9177","targetHints":{"allow":["GET"]}}],"collection":[{"href":"https:\/\/www.nssv.at\/vrsoe\/wp-json\/wp\/v2\/pages"}],"about":[{"href":"https:\/\/www.nssv.at\/vrsoe\/wp-json\/wp\/v2\/types\/page"}],"author":[{"embeddable":true,"href":"https:\/\/www.nssv.at\/vrsoe\/wp-json\/wp\/v2\/users\/2"}],"replies":[{"embeddable":true,"href":"https:\/\/www.nssv.at\/vrsoe\/wp-json\/wp\/v2\/comments?post=9177"}],"version-history":[{"count":3,"href":"https:\/\/www.nssv.at\/vrsoe\/wp-json\/wp\/v2\/pages\/9177\/revisions"}],"predecessor-version":[{"id":10515,"href":"https:\/\/www.nssv.at\/vrsoe\/wp-json\/wp\/v2\/pages\/9177\/revisions\/10515"}],"up":[{"embeddable":true,"href":"https:\/\/www.nssv.at\/vrsoe\/wp-json\/wp\/v2\/pages\/18"}],"wp:featuredmedia":[{"embeddable":true,"href":"https:\/\/www.nssv.at\/vrsoe\/wp-json\/wp\/v2\/media\/9178"}],"wp:attachment":[{"href":"https:\/\/www.nssv.at\/vrsoe\/wp-json\/wp\/v2\/media?parent=9177"}],"curies":[{"name":"wp","href":"https:\/\/api.w.org\/{rel}","templated":true}]}}