{"id":8656,"date":"2018-09-05T14:07:19","date_gmt":"2018-09-05T12:07:19","guid":{"rendered":"https:\/\/www.nssv.at\/vrsoe\/?page_id=8656"},"modified":"2024-12-11T18:56:23","modified_gmt":"2024-12-11T17:56:23","slug":"partner-land","status":"publish","type":"page","link":"https:\/\/www.nssv.at\/vrsoe\/links-querverweise\/partner-land","title":{"rendered":"Partner World"},"content":{"rendered":"<h2><strong>Partner World<\/strong><\/h2>\n<p>Unsere Partner, Sponsoren und alle die uns wohlgesonnen sind, haben hier in der &#8222;Partner World&#8220; einen besonderen Platz erhalten. Wir vom Verband und den angeschlossenen Vereinigungen sagen herzlich Danke zu allen Unterst\u00fctzungen die uns gew\u00e4hrt werden!<\/p>\n<p>&nbsp;<\/p>\n<p><a href=\"https:\/\/www.nssv.at\/vrsoe\/wp-content\/uploads\/2024\/12\/erpaki.png\" target=\"_blank\" rel=\"noopener\" class=\"thickbox no_icon\"><img loading=\"lazy\" decoding=\"async\" class=\"alignnone wp-image-11004\" src=\"https:\/\/www.nssv.at\/vrsoe\/wp-content\/uploads\/2024\/12\/erpaki.png\" alt=\"\" width=\"245\" height=\"60\" srcset=\"https:\/\/www.nssv.at\/vrsoe\/wp-content\/uploads\/2024\/12\/erpaki.png 350w, https:\/\/www.nssv.at\/vrsoe\/wp-content\/uploads\/2024\/12\/erpaki-300x73.png 300w\" sizes=\"auto, (max-width: 245px) 100vw, 245px\" \/><\/a><\/p>\n<p><strong>eRPaki<\/strong>, unser Ausr\u00fcstungspartner seit 2009! Nat\u00fcrlich auch f\u00fcr den Hunde-Zugsport. Geschirre gibts auch auf Ma\u00df ohne Aufpreis! Alles was man braucht und sucht findet man direkt auf <a href=\"http:\/\/www.erpaki.de\" target=\"_blank\" rel=\"noopener\">www.erpaki.de<\/a>.<\/p>\n<p>&nbsp;<\/p>\n<p><a href=\"https:\/\/www.austropet.at\" target=\"_blank\" rel=\"noopener\"><img loading=\"lazy\" decoding=\"async\" class=\"alignnone wp-image-520\" src=\"https:\/\/www.nssv.at\/vrsoe\/wp-content\/uploads\/2016\/11\/Austropet_Logo-1024x214.jpg\" alt=\"\" width=\"245\" height=\"51\" srcset=\"https:\/\/www.nssv.at\/vrsoe\/wp-content\/uploads\/2016\/11\/Austropet_Logo-1024x214.jpg 1024w, https:\/\/www.nssv.at\/vrsoe\/wp-content\/uploads\/2016\/11\/Austropet_Logo-300x63.jpg 300w, https:\/\/www.nssv.at\/vrsoe\/wp-content\/uploads\/2016\/11\/Austropet_Logo-768x161.jpg 768w, https:\/\/www.nssv.at\/vrsoe\/wp-content\/uploads\/2016\/11\/Austropet_Logo.jpg 1280w\" sizes=\"auto, (max-width: 245px) 100vw, 245px\" \/><\/a><\/p>\n<p><strong>AUSTROPET, Ing. Franz Gonaus.<\/strong> Einer unserer spezialisierten Futtermittellieferanten und Sponsoren (Trapper-Camp, Rookie-Camps) seit 2009. Mit Franz hat man auch einen kompetenten Partner in Sachen Sporthundefutter. Zu finden unter <a href=\"https:\/\/www.austropet.at\" target=\"_blank\" rel=\"noopener\">www.austropet.at<\/a>.<\/p>\n<p>&nbsp;<\/p>\n<p><a href=\"https:\/\/www.dasfutterhaus.at\/mein-futterhaus\/filialen\/gerasdorf\/\" target=\"_blank\" rel=\"noopener\"><img loading=\"lazy\" decoding=\"async\" class=\"alignnone wp-image-8662\" src=\"https:\/\/www.nssv.at\/vrsoe\/wp-content\/uploads\/2018\/09\/1851.jpg\" alt=\"\" width=\"245\" height=\"68\" srcset=\"https:\/\/www.nssv.at\/vrsoe\/wp-content\/uploads\/2018\/09\/1851.jpg 1019w, https:\/\/www.nssv.at\/vrsoe\/wp-content\/uploads\/2018\/09\/1851-300x83.jpg 300w, https:\/\/www.nssv.at\/vrsoe\/wp-content\/uploads\/2018\/09\/1851-768x213.jpg 768w\" sizes=\"auto, (max-width: 245px) 100vw, 245px\" \/><\/a><\/p>\n<p><strong>Das Futterhaus in Wolkersdorf<\/strong>, unser Partner und Sponsor bei unseren Burning feet Events. Hier findet Ihr immer ein L\u00e4cheln und gute Beratung bei Silvia und dem ganzen Team! Zu finden unter <a href=\"https:\/\/www.dasfutterhaus.at\/service\/filialen\/wolkersdorf\/\" target=\"_blank\" rel=\"noopener\">https:\/\/www.dasfutterhaus.at\/service\/filialen\/wolkersdorf\/<\/a><\/p>\n<p>&nbsp;<\/p>\n<p>&nbsp; <a href=\"https:\/\/www.stastnik.at\/\" target=\"_blank\" rel=\"noopener\"><img loading=\"lazy\" decoding=\"async\" class=\"alignnone wp-image-626\" src=\"https:\/\/www.nssv.at\/vrsoe\/wp-content\/uploads\/2016\/08\/stastnik-168.png\" alt=\"\" width=\"245\" height=\"103\" srcset=\"https:\/\/www.nssv.at\/vrsoe\/wp-content\/uploads\/2016\/08\/stastnik-168.png 1000w, https:\/\/www.nssv.at\/vrsoe\/wp-content\/uploads\/2016\/08\/stastnik-168-300x127.png 300w, https:\/\/www.nssv.at\/vrsoe\/wp-content\/uploads\/2016\/08\/stastnik-168-768x324.png 768w\" sizes=\"auto, (max-width: 245px) 100vw, 245px\" \/><\/a><\/p>\n<p>Der Salamimeister <strong>Stastnik<\/strong>, unser Sponsor f\u00fcr das allj\u00e4hrliche Burning feet Event in Gro\u00dfengersdorf.<\/p>\n<p>&nbsp;<\/p>\n<p><a href=\"https:\/\/stroeck.at\/de\" target=\"_blank\" rel=\"noopener\"><img loading=\"lazy\" decoding=\"async\" class=\"alignnone wp-image-625\" src=\"https:\/\/www.nssv.at\/vrsoe\/wp-content\/uploads\/2016\/08\/stroeck-logo.png\" alt=\"\" width=\"245\" height=\"150\" srcset=\"https:\/\/www.nssv.at\/vrsoe\/wp-content\/uploads\/2016\/08\/stroeck-logo.png 304w, https:\/\/www.nssv.at\/vrsoe\/wp-content\/uploads\/2016\/08\/stroeck-logo-300x184.png 300w\" sizes=\"auto, (max-width: 245px) 100vw, 245px\" \/><\/a><\/p>\n<p><strong>Str\u00f6ck<\/strong> Brot, ebenfalls Sponsor unseres Burning feet Hundewandermarathons in Gro\u00dfengersdorf.<\/p>\n<p>&nbsp;<\/p>\n<p><a href=\"https:\/\/www.petra-ruge.de\/\" target=\"_blank\" rel=\"noopener\"><img loading=\"lazy\" decoding=\"async\" class=\"alignnone wp-image-8689\" src=\"https:\/\/www.nssv.at\/vrsoe\/wp-content\/uploads\/2018\/09\/hq720-1024x332.jpg\" alt=\"\" width=\"245\" height=\"80\" srcset=\"https:\/\/www.nssv.at\/vrsoe\/wp-content\/uploads\/2018\/09\/hq720-1024x332.jpg 1024w, https:\/\/www.nssv.at\/vrsoe\/wp-content\/uploads\/2018\/09\/hq720-300x97.jpg 300w, https:\/\/www.nssv.at\/vrsoe\/wp-content\/uploads\/2018\/09\/hq720-768x249.jpg 768w, https:\/\/www.nssv.at\/vrsoe\/wp-content\/uploads\/2018\/09\/hq720.jpg 1266w\" sizes=\"auto, (max-width: 245px) 100vw, 245px\" \/><\/a><\/p>\n<p>Das <strong>Hadhi-Dog-Trike<\/strong> &#8211; eine Empfehlung von uns &#8211; ist eines der besten Trikes f\u00fcr den Hundezugsport. Auch Scooter gibts bei Petra Ruge in Borsfleth. Wir kennen uns seit 2007 und hatten selbst das Vergn\u00fcgen, ein original Hadhi zu testen. Wirklich top!<\/p>\n<p>&nbsp;<\/p>\n<p><a href=\"https:\/\/www.nssv.at\/vrsoe\/wp-content\/uploads\/2024\/12\/snap37357.jpg\" class=\"thickbox no_icon\"><img loading=\"lazy\" decoding=\"async\" class=\"alignnone size-full wp-image-11000\" src=\"https:\/\/www.nssv.at\/vrsoe\/wp-content\/uploads\/2024\/12\/snap37357.jpg\" alt=\"\" width=\"245\" height=\"95\"><\/a><\/p>\n<p>Mit <a href=\"https:\/\/www.platinum.com\/\" target=\"_blank\" rel=\"noopener\"><strong>PLATINUM<\/strong><\/a> haben wir ebenfalls f\u00fcr einige Events einen tollen Sponsor und Partner gefunden. Vorrangig unterst\u00fctzt wurden unsere &#8222;Burning feets&#8220; Events in Gro\u00dfengersdorf. Vielen Dank daf\u00fcr!<\/p>\n<p>&nbsp;<\/p>\n<p><a href=\"http:\/\/www.rohrimgebirge.at\" target=\"_blank\" rel=\"noopener\"><img loading=\"lazy\" decoding=\"async\" class=\"alignnone wp-image-8665\" src=\"https:\/\/www.nssv.at\/vrsoe\/wp-content\/uploads\/2018\/09\/snap26107.jpg\" alt=\"\" width=\"500\" height=\"61\" srcset=\"https:\/\/www.nssv.at\/vrsoe\/wp-content\/uploads\/2018\/09\/snap26107.jpg 957w, https:\/\/www.nssv.at\/vrsoe\/wp-content\/uploads\/2018\/09\/snap26107-300x37.jpg 300w, https:\/\/www.nssv.at\/vrsoe\/wp-content\/uploads\/2018\/09\/snap26107-768x94.jpg 768w\" sizes=\"auto, (max-width: 500px) 100vw, 500px\" \/><\/a><\/p>\n<p><strong>Die Gemeinde Rohr im Gebirge<\/strong>, wo wir unsere j\u00e4hrlichen Trainingscamps veranstalten k\u00f6nnen. 2 Themenwege, der Unterberg, das Jochart, und weitere interessante Ausflugsziele in der Umgebung machen diese kleine verschlafene Gemeinde zum Idyll. Wir sind seit 2009 Gast in Rohr im Gebirge.<\/p>\n<p>&nbsp;<\/p>\n<p><a href=\"http:\/\/http:\/\/www.rauchwart.at\" target=\"_blank\" rel=\"noopener\"><img loading=\"lazy\" decoding=\"async\" class=\"alignnone wp-image-8666\" src=\"https:\/\/www.nssv.at\/vrsoe\/wp-content\/uploads\/2018\/09\/snap26108.jpg\" alt=\"\" width=\"500\" height=\"110\" srcset=\"https:\/\/www.nssv.at\/vrsoe\/wp-content\/uploads\/2018\/09\/snap26108.jpg 756w, https:\/\/www.nssv.at\/vrsoe\/wp-content\/uploads\/2018\/09\/snap26108-300x66.jpg 300w\" sizes=\"auto, (max-width: 500px) 100vw, 500px\" \/><\/a><\/p>\n<p><strong>Die Gemeinde Rauchwart<\/strong> im sonnigen Burgenland. Der Badesee mit Campingplatz sind allj\u00e4hrlich unsere Location f\u00fcr das AMCSF\u00d6-Zeltweekend. Dank Campingwart Erwin klappt es auch immer wie am Schn\u00fcrchen. Danke auch an die Fr. B\u00fcrgermeisterin, die uns Jahr f\u00fcr Jahr &#8222;erduldet&#8220;. Auch in Rauchwart sind wir seit 2009 Gast.<\/p>\n<p>&nbsp;<\/p>\n<p><a href=\"http:\/\/http:\/\/www.grossengersdorf.gv.at\/\" target=\"_blank\" rel=\"noopener\"><img loading=\"lazy\" decoding=\"async\" class=\"alignnone wp-image-8667\" src=\"https:\/\/www.nssv.at\/vrsoe\/wp-content\/uploads\/2018\/09\/snap26109-1024x123.jpg\" alt=\"\" width=\"500\" height=\"60\" srcset=\"https:\/\/www.nssv.at\/vrsoe\/wp-content\/uploads\/2018\/09\/snap26109-1024x123.jpg 1024w, https:\/\/www.nssv.at\/vrsoe\/wp-content\/uploads\/2018\/09\/snap26109-300x36.jpg 300w, https:\/\/www.nssv.at\/vrsoe\/wp-content\/uploads\/2018\/09\/snap26109-768x92.jpg 768w, https:\/\/www.nssv.at\/vrsoe\/wp-content\/uploads\/2018\/09\/snap26109.jpg 1026w\" sizes=\"auto, (max-width: 500px) 100vw, 500px\" \/><\/a><\/p>\n<p>Die Gemeinde Gro\u00dfengersdorf, der Ausgangspunkt f\u00fcr Burning feet, dem Hundewandermarathon im Weinviertel \u00fcber 17-21km und 42km Wegstrecke. In Gro\u00dfengersdorf sind wir seit 2013. Danke an Alt-B\u00fcrgermeister Josef Staut, der uns erstmalig die Ausrichtung des Events in seiner Gemeinde erlaubt hat, und Christian Hellmer den neuen B\u00fcrgermeister von Gro\u00dfengersdorf, der es uns weiterhin erm\u00f6glicht hat.<\/p>\n<p>&nbsp;<\/p>\n<p>&nbsp;<\/p>\n<h2>Empfehlungen von uns an Euch:<\/h2>\n<p>Diese Seiten empfehlen wir Euch, weil wir entweder mit dem Angebot sehr zufrieden sind, oder die Betreiber aus unserer Heimatgemeinde kommen, Freunde und empfehlenswert sind. Schaut doch einfach mal selbst vorbei, und \u00fcberzeugt Euch davon.<\/p>\n<p>&nbsp;<\/p>\n<p><a href=\"https:\/\/automobilereisinger.at\/\" target=\"_blank\" rel=\"noopener\"><img loading=\"lazy\" decoding=\"async\" class=\"alignnone wp-image-11008\" src=\"https:\/\/www.nssv.at\/vrsoe\/wp-content\/uploads\/2024\/12\/snap37374.jpg\" alt=\"\" width=\"501\" height=\"263\" srcset=\"https:\/\/www.nssv.at\/vrsoe\/wp-content\/uploads\/2024\/12\/snap37374.jpg 801w, https:\/\/www.nssv.at\/vrsoe\/wp-content\/uploads\/2024\/12\/snap37374-300x158.jpg 300w, https:\/\/www.nssv.at\/vrsoe\/wp-content\/uploads\/2024\/12\/snap37374-768x404.jpg 768w\" sizes=\"auto, (max-width: 501px) 100vw, 501px\" \/><\/a><\/p>\n<p><strong>Automobile Reisinger<\/strong>, ein kleiner famili\u00e4rer Betrieb wo man noch als Kunde K\u00f6nig ist! Im <a href=\"https:\/\/automobilereisinger.at\/\" target=\"_blank\" rel=\"noopener\">Web<\/a> und auch auf <a href=\"https:\/\/www.facebook.com\/profile.php?id=100063476113524\" target=\"_blank\" rel=\"noopener\">Facebook<\/a> zu finden.<\/p>\n<p>&nbsp;<\/p>\n<p><a href=\"http:\/\/www.reifen-falke.at\/\" target=\"_blank\" rel=\"noopener\"><img loading=\"lazy\" decoding=\"async\" class=\"alignnone wp-image-777\" src=\"https:\/\/www.nssv.at\/vrsoe\/wp-content\/uploads\/2017\/02\/reifen-falke.jpg\" alt=\"\" width=\"501\" height=\"333\" srcset=\"https:\/\/www.nssv.at\/vrsoe\/wp-content\/uploads\/2017\/02\/reifen-falke.jpg 600w, https:\/\/www.nssv.at\/vrsoe\/wp-content\/uploads\/2017\/02\/reifen-falke-300x200.jpg 300w\" sizes=\"auto, (max-width: 501px) 100vw, 501px\" \/><\/a><\/p>\n<p>Die beste Auswahl zum besten Preis an Reifen und Felgen findet man bei Michael und <strong>Reifen Falke<\/strong> in<br \/>\n1220 Wien (Gewerbepark Stadlau), Gewerbeparkstrasse 2.<br \/>\nAuch auf <a href=\"https:\/\/www.facebook.com\/Reifenfalke-1534382903543402\/\" target=\"_blank\" rel=\"noopener\">Facebook<\/a> zu finden.<\/p>\n<p>&nbsp;<\/p>\n<p><a href=\"https:\/\/www.facebook.com\/roman.havel.96\/\"><img loading=\"lazy\" decoding=\"async\" class=\"alignnone wp-image-10929\" src=\"https:\/\/www.nssv.at\/vrsoe\/wp-content\/uploads\/2024\/01\/RHavel.jpg\" alt=\"\" width=\"500\" height=\"288\" srcset=\"https:\/\/www.nssv.at\/vrsoe\/wp-content\/uploads\/2024\/01\/RHavel.jpg 957w, https:\/\/www.nssv.at\/vrsoe\/wp-content\/uploads\/2024\/01\/RHavel-300x173.jpg 300w, https:\/\/www.nssv.at\/vrsoe\/wp-content\/uploads\/2024\/01\/RHavel-768x442.jpg 768w\" sizes=\"auto, (max-width: 500px) 100vw, 500px\" \/><\/a><\/p>\n<p>Roman Havel und sein <strong>Haarstudio EASY CUT<\/strong> in<br \/>\n2201 Kapellerfeld-Ost, Lenaugasse 33.<\/p>\n<p>&nbsp;<\/p>\n<p><a href=\"http:\/\/www.naturvita.at\/\" target=\"_blank\" rel=\"noopener\"><img loading=\"lazy\" decoding=\"async\" class=\"alignnone wp-image-8854\" src=\"https:\/\/www.nssv.at\/vrsoe\/wp-content\/uploads\/2018\/10\/naturvita.png\" alt=\"\" width=\"500\" height=\"87\" srcset=\"https:\/\/www.nssv.at\/vrsoe\/wp-content\/uploads\/2018\/10\/naturvita.png 1000w, https:\/\/www.nssv.at\/vrsoe\/wp-content\/uploads\/2018\/10\/naturvita-300x52.png 300w, https:\/\/www.nssv.at\/vrsoe\/wp-content\/uploads\/2018\/10\/naturvita-768x133.png 768w\" sizes=\"auto, (max-width: 500px) 100vw, 500px\" \/><\/a><\/p>\n<p><strong>NATURVITA<\/strong> von Joe Wandaller in<br \/>\n1210 Wien, Gaswerkstrasse 5\/4<br \/>\nAuch auf <a href=\"https:\/\/www.facebook.com\/www.naturvita.at\/\" target=\"_blank\" rel=\"noopener\">Facebook<\/a> zu finden.<\/p>\n<p>&nbsp;<\/p>\n<p><a href=\"https:\/\/www.nssv.at\/vrsoe\/wp-content\/uploads\/2024\/12\/snap37358.jpg\" class=\"thickbox no_icon\"><img loading=\"lazy\" decoding=\"async\" class=\"alignnone wp-image-11002\" src=\"https:\/\/www.nssv.at\/vrsoe\/wp-content\/uploads\/2024\/12\/snap37358.jpg\" alt=\"\" width=\"245\" height=\"63\"><\/a><\/p>\n<p><a href=\"https:\/\/www.josera.de\/\" target=\"_blank\" rel=\"noopener\"><strong>JOSERA<\/strong><\/a>, eines der besten Hundefutter die wir f\u00fcr &#8222;heikle&#8220; Fresser gefunden haben. Noch kein Unterst\u00fctzer von uns, aber trotzdem eine Empfehlung, weil wir wissen wie viele der Nordischen das normale Standardfutter verweigern.<\/p>\n<p>&nbsp;<\/p>\n<p>&nbsp;<\/p>\n","protected":false},"excerpt":{"rendered":"<p>Partner World Unsere Partner, Sponsoren und alle die uns wohlgesonnen sind, haben hier in der &#8222;Partner World&#8220; einen besonderen Platz erhalten. Wir vom Verband und den angeschlossenen Vereinigungen sagen herzlich Danke zu allen Unterst\u00fctzungen die uns gew\u00e4hrt werden! &nbsp; eRPaki, unser Ausr\u00fcstungspartner seit 2009! Nat\u00fcrlich auch f\u00fcr den Hunde-Zugsport. Geschirre gibts auch auf Ma\u00df ohne [&hellip;]<\/p>\n","protected":false},"author":2,"featured_media":8657,"parent":64,"menu_order":0,"comment_status":"closed","ping_status":"closed","template":"","meta":{"_bbp_topic_count":0,"_bbp_reply_count":0,"_bbp_total_topic_count":0,"_bbp_total_reply_count":0,"_bbp_voice_count":0,"_bbp_anonymous_reply_count":0,"_bbp_topic_count_hidden":0,"_bbp_reply_count_hidden":0,"_bbp_forum_subforum_count":0,"ngg_post_thumbnail":0,"footnotes":""},"class_list":["post-8656","page","type-page","status-publish","has-post-thumbnail","hentry"],"amp_enabled":true,"_links":{"self":[{"href":"https:\/\/www.nssv.at\/vrsoe\/wp-json\/wp\/v2\/pages\/8656","targetHints":{"allow":["GET"]}}],"collection":[{"href":"https:\/\/www.nssv.at\/vrsoe\/wp-json\/wp\/v2\/pages"}],"about":[{"href":"https:\/\/www.nssv.at\/vrsoe\/wp-json\/wp\/v2\/types\/page"}],"author":[{"embeddable":true,"href":"https:\/\/www.nssv.at\/vrsoe\/wp-json\/wp\/v2\/users\/2"}],"replies":[{"embeddable":true,"href":"https:\/\/www.nssv.at\/vrsoe\/wp-json\/wp\/v2\/comments?post=8656"}],"version-history":[{"count":9,"href":"https:\/\/www.nssv.at\/vrsoe\/wp-json\/wp\/v2\/pages\/8656\/revisions"}],"predecessor-version":[{"id":11010,"href":"https:\/\/www.nssv.at\/vrsoe\/wp-json\/wp\/v2\/pages\/8656\/revisions\/11010"}],"up":[{"embeddable":true,"href":"https:\/\/www.nssv.at\/vrsoe\/wp-json\/wp\/v2\/pages\/64"}],"wp:featuredmedia":[{"embeddable":true,"href":"https:\/\/www.nssv.at\/vrsoe\/wp-json\/wp\/v2\/media\/8657"}],"wp:attachment":[{"href":"https:\/\/www.nssv.at\/vrsoe\/wp-json\/wp\/v2\/media?parent=8656"}],"curies":[{"name":"wp","href":"https:\/\/api.w.org\/{rel}","templated":true}]}}