{"id":7573,"date":"2018-04-20T10:04:00","date_gmt":"2018-04-20T08:04:00","guid":{"rendered":"http:\/\/www.nssv.at\/VRSOE\/?page_id=7573"},"modified":"2018-11-04T13:08:05","modified_gmt":"2018-11-04T12:08:05","slug":"online-beitrittserklaerung","status":"publish","type":"page","link":"https:\/\/www.nssv.at\/vrsoe\/unser-verband\/online-beitrittserklaerung","title":{"rendered":"Beitritt (Online)"},"content":{"rendered":"\n<div class=\"wpcf7 no-js\" id=\"wpcf7-f7572-o1\" lang=\"de-DE\" dir=\"ltr\" data-wpcf7-id=\"7572\">\n<div class=\"screen-reader-response\"><p role=\"status\" aria-live=\"polite\" aria-atomic=\"true\"><\/p> <ul><\/ul><\/div>\n<form action=\"\/vrsoe\/wp-json\/wp\/v2\/pages\/7573#wpcf7-f7572-o1\" method=\"post\" class=\"wpcf7-form init\" aria-label=\"Kontaktformular\" novalidate=\"novalidate\" data-status=\"init\">\n<fieldset class=\"hidden-fields-container\"><input type=\"hidden\" name=\"_wpcf7\" value=\"7572\" \/><input type=\"hidden\" name=\"_wpcf7_version\" value=\"6.1.5\" \/><input type=\"hidden\" name=\"_wpcf7_locale\" value=\"de_DE\" \/><input type=\"hidden\" name=\"_wpcf7_unit_tag\" value=\"wpcf7-f7572-o1\" \/><input type=\"hidden\" name=\"_wpcf7_container_post\" value=\"0\" \/><input type=\"hidden\" name=\"_wpcf7_posted_data_hash\" value=\"\" \/>\n<\/fieldset>\n<p><b>Ich(Wir) beantrage(n) hiermit folgende Mitgliedschaft (Zutreffendes bitte in der Auswahl ausw\u00e4hlen).<\/b>\n<\/p>\n<p>Mit dem Beitritt erkennst Du die aktuellen Clubregeln und Vereinsstatuten, sowie s\u00e4mtliche Verbands- und Vereinsbeschl\u00fcsse zur G\u00e4nze an.\n<\/p>\n<p>Diese Mitgliedschaftsantr\u00e4ge sind derzeit bei uns m\u00f6glich:\n<\/p>\n<p>AMCSF\u00d6: Freie Mitgliedschaft:<br \/>\nDie Mitgliedschaft ist beitragsfrei. Die ersten 6 Monate verstehen sich als Probemitgliedschaft.\n<\/p>\n<p>NSSV: Regul\u00e4re Mitgliedschaft:<br \/>\nMitgliedsbeitrag: Euro 45,- pro Person pro Gesch\u00e4ftsjahr. Die ersten 6 Monate verstehen sich als Probemitgliedschaft.\n<\/p>\n<p>LTH-Austria: Regul\u00e4re Mitgliedschaft:<br \/>\nMitgliedsbeitrag: Euro 45,- pro Person pro Gesch\u00e4ftsjahr. Die ersten 6 Monate verstehen sich als Probemitgliedschaft.\n<\/p>\n<p>Antrag zur VRS\u00d6 \u2013 PREMIUM-Mitgliedschaft:<br \/>\nDiese Premiummitgliedschaft im VRS\u00d6 ist nur bestehenden Aktiv-Mitgliedern m\u00f6glich, die sich besonders f\u00fcr den Verband eingesetzt haben und wird vom Vorstand f\u00fcr die Mitglieder beantragt. Voraussetzung ist eine mindestens 3-j\u00e4hrige Mitgliedschaft in einer unserer Gemeinschaften NSSV oder LTH-Austria.\n<\/p>\n<p>VRS\u00d6 - Vereinsmitgliedschaft f\u00fcr unterst\u00fctzende Clubs und Gemeinschaften:<br \/>\nDie Mitgliedschaft wird mittels einer Vorstandssitzung behandelt und bei positivem Bescheid verliehen. Mitglied werden darf jeder Verein, der den VRS\u00d6 und seine Aktivit\u00e4ten unterst\u00fctzen m\u00f6chte. Eine Mitgliedschaft ist bei entsprechender Einbringung in den Verband beitragsfrei!<label><b> Bitte die gew\u00fcnschte Gemeinschaft ausw\u00e4hlen:<\/b><\/label><br \/>\n<span class=\"wpcf7-form-control-wrap\" data-name=\"menu-666\"><select class=\"wpcf7-form-control wpcf7-select wpcf7-validates-as-required\" aria-required=\"true\" aria-invalid=\"false\" name=\"menu-666\"><option value=\"Bitte w\u00e4hle aus ...\">Bitte w\u00e4hle aus ...<\/option><option value=\"AMCSF\u00d6: Freie Mitgliedschaft (Details siehe obige Beschreibung).\">AMCSF\u00d6: Freie Mitgliedschaft (Details siehe obige Beschreibung).<\/option><option value=\"NSSV: Regul\u00e4re Mitgliedschaft  (Details siehe obige Beschreibung).\">NSSV: Regul\u00e4re Mitgliedschaft  (Details siehe obige Beschreibung).<\/option><option value=\"LTH-Austria: Regul\u00e4re Mitgliedschaft  (Details siehe obige Beschreibung).\">LTH-Austria: Regul\u00e4re Mitgliedschaft  (Details siehe obige Beschreibung).<\/option><option value=\"Antrag zur VRS\u00d6 \u2013 PREMIUM-Mitgliedschaft (Details siehe obige Beschreibung).\">Antrag zur VRS\u00d6 \u2013 PREMIUM-Mitgliedschaft (Details siehe obige Beschreibung).<\/option><option value=\"VRS\u00d6 - Vereinsmitgliedschaft f\u00fcr unterst\u00fctzende Clubs und Gemeinschaften (Details siehe obige Beschreibung).\">VRS\u00d6 - Vereinsmitgliedschaft f\u00fcr unterst\u00fctzende Clubs und Gemeinschaften (Details siehe obige Beschreibung).<\/option><option value=\"\"><\/option><option value=\"Datenaktualisierung: Ich gebe hiermit meine neuen\/ge\u00e4nderten Daten f\u00fcr das Mitgliederregister bekannt.\">Datenaktualisierung: Ich gebe hiermit meine neuen\/ge\u00e4nderten Daten f\u00fcr das Mitgliederregister bekannt.<\/option><option value=\"\"><\/option><option value=\"Ich m\u00f6chte meine bestehende Mitgliedschaft beenden. (Absendefrist: Mindestens 4 Wochen vor Ende des Gesch\u00e4ftsjahres!)\">Ich m\u00f6chte meine bestehende Mitgliedschaft beenden. (Absendefrist: Mindestens 4 Wochen vor Ende des Gesch\u00e4ftsjahres!)<\/option><\/select><\/span>\n<\/p>\n<p><span class=\"wpcf7-form-control-wrap\" data-name=\"mitgliedschaftsart\"><span class=\"wpcf7-form-control wpcf7-checkbox wpcf7-validates-as-required\"><span class=\"wpcf7-list-item first\"><input type=\"checkbox\" name=\"mitgliedschaftsart[]\" value=\"Regul\u00e4re Mitgliedschaft\" \/><span class=\"wpcf7-list-item-label\">Regul\u00e4re Mitgliedschaft<\/span><\/span><span class=\"wpcf7-list-item last\"><input type=\"checkbox\" name=\"mitgliedschaftsart[]\" value=\"Vereinsmitgliedschaft\" \/><span class=\"wpcf7-list-item-label\">Vereinsmitgliedschaft<\/span><\/span><\/span><\/span>\n<\/p>\n<p><b>Bitte zus\u00e4tzlich Portraitfotos oder das Vereinslogo von Euch f\u00fcr die Eintragung ins Mitgliederregister als Mail (&#x6f;&#102;f&#x69;&#99;e&#x40;&#x6e;&#115;&#x73;&#x76;&#46;a&#x74;) an uns senden! <\/b>\n<\/p>\n<p><label><b> Vor- und Zuname <\/b>(Pflichtfeld!):<br \/>\n<span class=\"wpcf7-form-control-wrap\" data-name=\"your-name\"><input size=\"40\" maxlength=\"400\" class=\"wpcf7-form-control wpcf7-text wpcf7-validates-as-required\" aria-required=\"true\" aria-invalid=\"false\" value=\"\" type=\"text\" name=\"your-name\" \/><\/span> <\/label>\n<\/p>\n<p><label><b> Adresse <\/b>(Pflichtfeld!):<br \/>\n<span class=\"wpcf7-form-control-wrap\" data-name=\"adresse\"><input size=\"40\" maxlength=\"400\" class=\"wpcf7-form-control wpcf7-text wpcf7-validates-as-required\" aria-required=\"true\" aria-invalid=\"false\" value=\"\" type=\"text\" name=\"adresse\" \/><\/span> <\/label>\n<\/p>\n<p><label><b> PLZ\/Ort <\/b>(Pflichtfeld!):<br \/>\n<span class=\"wpcf7-form-control-wrap\" data-name=\"plz-ort\"><input size=\"40\" maxlength=\"400\" class=\"wpcf7-form-control wpcf7-text wpcf7-validates-as-required\" aria-required=\"true\" aria-invalid=\"false\" value=\"\" type=\"text\" name=\"plz-ort\" \/><\/span> <\/label>\n<\/p>\n<p><label><b> Telefon <\/b>(Pflichtfeld!):<br \/>\n<span class=\"wpcf7-form-control-wrap\" data-name=\"telefon\"><input size=\"40\" maxlength=\"400\" class=\"wpcf7-form-control wpcf7-text wpcf7-validates-as-required\" aria-required=\"true\" aria-invalid=\"false\" value=\"\" type=\"text\" name=\"telefon\" \/><\/span> <\/label>\n<\/p>\n<p><label><b> Deine E-Mail-Adresse <\/b>(Pflichtfeld)<br \/>\n<span class=\"wpcf7-form-control-wrap\" data-name=\"your-email\"><input size=\"40\" maxlength=\"400\" class=\"wpcf7-form-control wpcf7-email wpcf7-validates-as-required wpcf7-text wpcf7-validates-as-email\" aria-required=\"true\" aria-invalid=\"false\" value=\"\" type=\"email\" name=\"your-email\" \/><\/span> <\/label>\n<\/p>\n<p><label><b> Dein Geburtsdatum <\/b>(Pflichtfeld!):<br \/>\n<span class=\"wpcf7-form-control-wrap\" data-name=\"geburtsdatum\"><input size=\"40\" maxlength=\"400\" class=\"wpcf7-form-control wpcf7-text wpcf7-validates-as-required\" aria-required=\"true\" aria-invalid=\"false\" value=\"\" type=\"text\" name=\"geburtsdatum\" \/><\/span> <\/label>\n<\/p>\n<p><label><b> Hast Du eine Webseite? Oder bist Du in Facebook? Bitte gib uns hier Deine Links an:<\/b><br \/>\n<span class=\"wpcf7-form-control-wrap\" data-name=\"web-fb\"><textarea cols=\"40\" rows=\"10\" maxlength=\"2000\" class=\"wpcf7-form-control wpcf7-textarea\" aria-invalid=\"false\" name=\"web-fb\"><\/textarea><\/span> <\/label>\n<\/p>\n<p><label><b>Bei Familienmitgliedschaften: Bitte alle weiteren Angeh\u00f6rigen hier im Textfeld zus\u00e4tzlich mit Vorname, Name und Geburtsdatum angeben:<\/b><\/label><br \/>\n<span class=\"wpcf7-form-control-wrap\" data-name=\"familienmitglieder\"><textarea cols=\"40\" rows=\"10\" maxlength=\"2000\" class=\"wpcf7-form-control wpcf7-textarea\" aria-invalid=\"false\" name=\"familienmitglieder\"><\/textarea><\/span>\n<\/p>\n<p><label><b>Ich bin auch Mitglied bei folgenden Vereinen:<\/b><br \/>\n<span class=\"wpcf7-form-control-wrap\" data-name=\"andere-vereine\"><input size=\"40\" maxlength=\"400\" class=\"wpcf7-form-control wpcf7-text\" aria-invalid=\"false\" value=\"\" type=\"text\" name=\"andere-vereine\" \/><\/span> <\/label>\n<\/p>\n<p><b>Wichtige Informationen:<\/b>\n<\/p>\n<p>Bis zum 16. Geburtstag z\u00e4hlen Kinder und Jugendliche bei uns zu den verg\u00fcnstigten Personen. Die ersten 6 Monate der Mitgliedschaft verstehen sich als \u201eProbezeit\u201c, in der Ihr Euch bew\u00e4hren und Euer Interesse zum Verein zeigen k\u00f6nnt. Danach erfolgt die fixe Aufnahme als ordentliches Mitglied. Innerhalb dieser Zeit kann die Mitgliedschaft von beiden Seiten her schriftlich gek\u00fcndigt werden. Mitgliedsbeitr\u00e4ge werden nach dem Gesch\u00e4ftsjahr (1.1. \u2013 31.12.) verrechnet. Eine R\u00fcckerstattung von Mitgliedsbeitr\u00e4gen bei Austritt oder Ausschluss wird nicht gew\u00e4hrt! Mitgliedsbeitr\u00e4ge sind bis 31.12. des Jahres f\u00e4llig! Eine K\u00fcndigung der Mitgliedschaft ist nur bis sp\u00e4testens 30. November des Jahres schriftlich per Brief oder Mail m\u00f6glich. Bei Fristverlust ist der Mitgliedsbeitrag f\u00fcr das Folgejahr zu bezahlen.\n<\/p>\n<p>Bei falschen Angaben in der Beitrittserkl\u00e4rung wird die Mitgliedschaft mit sofortiger Wirkung aufgek\u00fcndigt und die bereits einbezahlten Beitr\u00e4ge als verfallen erkl\u00e4rt. Es besteht KEIN Anspruch auf R\u00fcckerstattung!\n<\/p>\n<p>Unterst\u00fctzungsbetr\u00e4ge durch den ASV\u00d6-Nieder\u00f6sterreich (Startgeb\u00fchren, Anfahrtskosten zu Meisterschaften) k\u00f6nnen ausschlie\u00dflich nur f\u00fcr Mitglieder beantragt und ausbezahlt werden, die keine Doppel- oder Mehrfachmitgliedschaften mit anderen vergleichbaren Vereinen haben. Dazu notwendig sind die rechtzeitige Einreichung, und das Zusenden von Ausschreibung und Ergebnisliste f\u00fcr jedes einreichbare Rennen an uns. Diese Richtlinie wurde uns vom ASV\u00d6-N\u00d6 \u2013 Sektion Hundesport \u00fcbermittelt. Wir danken f\u00fcr Euer Verst\u00e4ndnis.\n<\/p>\n<p>Bei Bekanntwerden einer verschwiegenen Doppel- oder Mehrfachmitgliedschaft wird die Mitgliedschaft bei uns mit sofortiger Wirkung gek\u00fcndigt und s\u00e4mtliche bis dahin bestehende Verg\u00fcnstigungen oder Zug\u00e4nge zu internen Infos gestrichen.\n<\/p>\n<p><b>Aktuelle Beitragss\u00e4tze per 08.10.2024:<\/b>\n<\/p>\n<p>Der AMCSF\u00d6 ist beitragsfrei.<br \/>\nEinmalige Beitrittsgeb\u00fchr (g\u00fcltig f\u00fcr alle 3 Gemeinschaften) \u20ac 35,-<br \/>\nNSSV Mitgliedschaft: \u20ac 45,- pro Person und Jahr.<br \/>\nLTH-Austria Mitgliedschaft: \u20ac 45,- pro Person und Jahr.\n<\/p>\n<p>Ein Beitritt direkt zum VRS\u00d6 ist nicht m\u00f6glich! Es kann aber eine Sondermitgliedschaft beantragt werden. Diese gilt f\u00fcr Mitglieder des NSSV und des LTH-Austria f\u00fcr besonders verdienstreiche Mitglieder und wird vom VRS\u00d6-Pr\u00e4sidium beraten und beschlossen.\n<hr \/><b>Haft- und Schadloshaltungserkl\u00e4rung f\u00fcr meine Veranstaltungsteilnahme gegen\u00fcber dem LTH-Austria, NSSV, AMCSF\u00d6 oder VRS\u00d6 und Best\u00e4tigung \u00fcber die vollst\u00e4ndige Anerkennung der ver\u00f6ffentlichten und\/oder ausgeschriebenen Teilnahmeregeln:<\/b>\n<\/p>\n<p><label><b> Bitte ausw\u00e4hlen:<\/b><\/label><br \/>\n<span class=\"wpcf7-form-control-wrap\" data-name=\"mit-oder-ohne-hund\"><span class=\"wpcf7-form-control wpcf7-checkbox\"><span class=\"wpcf7-list-item first\"><input type=\"checkbox\" name=\"mit-oder-ohne-hund[]\" value=\"Ich habe eine Mitgliedschaft mit Hund\" \/><span class=\"wpcf7-list-item-label\">Ich habe eine Mitgliedschaft mit Hund<\/span><\/span><span class=\"wpcf7-list-item last\"><input type=\"checkbox\" name=\"mit-oder-ohne-hund[]\" value=\"Ich habe eine Mitgliedschaft ohne Hund\" \/><span class=\"wpcf7-list-item-label\">Ich habe eine Mitgliedschaft ohne Hund<\/span><\/span><\/span><\/span>\n<\/p>\n<p><label><b> Anzahl der Hunde <\/b>(Nur ausf\u00fcllen bei Mitgliedschaft mit Hund!):<br \/>\n<span class=\"wpcf7-form-control-wrap\" data-name=\"hundeanzahl\"><input size=\"40\" maxlength=\"400\" class=\"wpcf7-form-control wpcf7-text\" aria-invalid=\"false\" value=\"\" type=\"text\" name=\"hundeanzahl\" \/><\/span> <\/label>\n<\/p>\n<p><label><b> Rasse <\/b>(Nur ausf\u00fcllen bei Mitgliedschaft mit Hund!):<br \/>\n<span class=\"wpcf7-form-control-wrap\" data-name=\"hunderasse\"><input size=\"40\" maxlength=\"400\" class=\"wpcf7-form-control wpcf7-text\" aria-invalid=\"false\" value=\"\" type=\"text\" name=\"hunderasse\" \/><\/span> <\/label>\n<\/p>\n<p><label><b> Hunde-Haftpflichtversicherer <\/b>(Nur ausf\u00fcllen bei Mitgliedschaft mit Hund!):<br \/>\n<span class=\"wpcf7-form-control-wrap\" data-name=\"versicherung\"><input size=\"40\" maxlength=\"400\" class=\"wpcf7-form-control wpcf7-text\" aria-invalid=\"false\" value=\"\" type=\"text\" name=\"versicherung\" \/><\/span> <\/label>\n<\/p>\n<p><label><b> Polizzennummer <\/b>(Nur ausf\u00fcllen bei Mitgliedschaft mit Hund!):<br \/>\n<span class=\"wpcf7-form-control-wrap\" data-name=\"polizze\"><input size=\"40\" maxlength=\"400\" class=\"wpcf7-form-control wpcf7-text\" aria-invalid=\"false\" value=\"\" type=\"text\" name=\"polizze\" \/><\/span> <\/label>\n<\/p>\n<p>Mit meiner Unterschrift stimme ich zu, dass meine oben eingetragenen Daten zum Zweck der fachlichen, organisatorischen und finanziellen Abwicklung im Verband\/Verein verarbeitet werden d\u00fcrfen. Ich erkl\u00e4re mich weiters damit einverstanden, dass die Daten f\u00fcr denselben Zweck an den Verband (VRS\u00d6) und den Landesverband (ASV\u00d6-N\u00d6) \u00fcbermittelt werden d\u00fcrfen. Ebenso wie die Verwendung von Vor- und Nachname, Ort und Verein auf der Homepage des VRS\u00d6 im Zuge eines Eventberichtes.\n<\/p>\n<p>Ich nehme zur Kenntnis, dass ich s\u00e4mtliche Geb\u00fchren die f\u00fcr mich bei einer Anmeldung zu einem Event anfallen (ausgenommen verursachte Sch\u00e4den, diese sind direkt mit dem Gesch\u00e4digten abzurechnen!), mit dem NSSV abzurechnen habe. Ich best\u00e4tige hiermit auch, dass ich den Trail, bzw. das zu befahrende Wegenetz auf eigene Gefahr benutze und keine wie immer gearteten Anspr\u00fcche, im Falle eines Unfalles, Verletzungen jeglicher Art, Invalidit\u00e4tsanspr\u00fcche, Verletzungen der Hunde, Besch\u00e4digung von Fahrr\u00e4dern, Rollern, Trainingswagen, Schlitten, etc., an den Veranstalter, Wege- oder Grundst\u00fcckseigent\u00fcmer stellen werde. Selbiges gilt f\u00fcr Materialsch\u00e4den die durch wetterbedingte Bodenbeschaffenheit entstehen k\u00f6nnen (Schneemangel, Eis, Schotter, Steine, etc.). Weiters best\u00e4tige ich, dass ich f\u00fcr meine Hunde vollkommen selbst verantwortlich bin und in meiner eigenen Obsorge liegen, sowie im Falle von Verletzungen oder der Notwendigkeit eines Tierarztes ich selbst und unverz\u00fcglich f\u00fcr eine Notfallbehandlung oder tier\u00e4rztlichen Versorgung der Hunde zu sorgen habe! Die Teilnahme an der Veranstaltung erfolgt auf eigene Gefahr und Risiko f\u00fcr mich und meine Hunde. Weiters nehme ich zur Kenntnis, dass ich f\u00fcr aufgetretene Sch\u00e4den, sei es durch mich oder durch meine Hunde selbst hafte und f\u00fcr solche Ereignisse eine Haftpflichtversicherung abgeschlossen habe. Meine Hunde besitzen einen g\u00fcltigen EU-Heimtierausweis und sind gechipt und gesetzeskonform in der Heimtierdatenbank registriert. (Impfungen werden auf G\u00fcltigkeit \u00fcberpr\u00fcft! Vorgeschrieben sind bei Trainingslagern und Rennen: Tollwut, Staupe, Parvovirose, Leptospirose und Zwingerhusten. Bei allen anderen Events: Tollwut laut Impfstoffherstellerg\u00fcltigkeitsangabe!).\n<\/p>\n<p>Ich stimme zu, dass meine Hunde in der Verbandsdatenbank mit einer Chipliste registriert sind, und die Daten an den ausrichtenden Verein eines Events weitergegeben werden d\u00fcrfen, um die tierschutzkonforme \u00dcberpr\u00fcfung der Hunde (Identit\u00e4tsabgleich) zu gew\u00e4hrleisten. Bei etwaigen \u00c4nderungen meines Hundebestandes ist diese Chipliste unaufgefordert bei der Teilnahmeanmeldung aktualisieren zu lassen und gebe die dazu erforderlichen Daten bekannt (Name des Hundes, Rasse, Geschlecht, Geburtsdatum, Chipnummer, Heimtierausweisnummer).\n<\/p>\n<p>Mit meiner Unterschrift erkenne ich auch s\u00e4mtliche Regeln und Rennordnungen sowie die Tierschutzordnung des VRS\u00d6 an.\n<\/p>\n<p>Ich stimme zu, dass Fotos und Videos die im Laufe der Veranstaltung von mir gemacht werden, vom Verein f\u00fcr Werbezwecke, Aussendungen, Sponsorenberichte, \u00f6ffentliche und nicht \u00f6ffentliche Fotogalerien und Internetseiten verwendet werden d\u00fcrfen. Ich habe das Recht, diese Zustimmung schriftlich (Brief oder Mail) zu wiederrufen. In diesem Falle wird eine weitere Verwendung nicht mehr durchgef\u00fchrt. Eine nachtr\u00e4gliche L\u00f6schung von bereits verwendeten Fotos ist aufgrund von berechtigten Interessen des Vereins an der \u00f6ffentlichkeitswirksamen Darstellung der von uns durchgef\u00fchrten Sportveranstaltungen nicht m\u00f6glich.\n<\/p>\n<p><span class=\"wpcf7-form-control-wrap\" data-name=\"checkbox-943\"><span class=\"wpcf7-form-control wpcf7-checkbox wpcf7-validates-as-required\"><span class=\"wpcf7-list-item first last\"><input type=\"checkbox\" name=\"checkbox-943[]\" value=\"Gelesen und akzeptiert!\" \/><span class=\"wpcf7-list-item-label\">Gelesen und akzeptiert!<\/span><\/span><\/span><\/span>\n<\/p>\n<p><label><b> Name, Ort und Datum (Mit dem Absenden dieses Formulars gilt dies als Unterschrift):<\/b><br \/>\n<span class=\"wpcf7-form-control-wrap\" data-name=\"ort-datum\"><input size=\"40\" maxlength=\"400\" class=\"wpcf7-form-control wpcf7-text wpcf7-validates-as-required\" aria-required=\"true\" aria-invalid=\"false\" value=\"\" type=\"text\" name=\"ort-datum\" \/><\/span> <\/label>\n<\/p>\n<p><input class=\"wpcf7-form-control wpcf7-submit has-spinner\" type=\"submit\" value=\"Senden\" \/>\n<\/p><div class=\"wpcf7-response-output\" aria-hidden=\"true\"><\/div>\n<\/form>\n<\/div>\n\n","protected":false},"excerpt":{"rendered":"","protected":false},"author":2,"featured_media":0,"parent":34,"menu_order":0,"comment_status":"closed","ping_status":"closed","template":"","meta":{"_bbp_topic_count":0,"_bbp_reply_count":0,"_bbp_total_topic_count":0,"_bbp_total_reply_count":0,"_bbp_voice_count":0,"_bbp_anonymous_reply_count":0,"_bbp_topic_count_hidden":0,"_bbp_reply_count_hidden":0,"_bbp_forum_subforum_count":0,"ngg_post_thumbnail":0,"footnotes":""},"class_list":["post-7573","page","type-page","status-publish","hentry"],"amp_enabled":true,"_links":{"self":[{"href":"https:\/\/www.nssv.at\/vrsoe\/wp-json\/wp\/v2\/pages\/7573","targetHints":{"allow":["GET"]}}],"collection":[{"href":"https:\/\/www.nssv.at\/vrsoe\/wp-json\/wp\/v2\/pages"}],"about":[{"href":"https:\/\/www.nssv.at\/vrsoe\/wp-json\/wp\/v2\/types\/page"}],"author":[{"embeddable":true,"href":"https:\/\/www.nssv.at\/vrsoe\/wp-json\/wp\/v2\/users\/2"}],"replies":[{"embeddable":true,"href":"https:\/\/www.nssv.at\/vrsoe\/wp-json\/wp\/v2\/comments?post=7573"}],"version-history":[{"count":0,"href":"https:\/\/www.nssv.at\/vrsoe\/wp-json\/wp\/v2\/pages\/7573\/revisions"}],"up":[{"embeddable":true,"href":"https:\/\/www.nssv.at\/vrsoe\/wp-json\/wp\/v2\/pages\/34"}],"wp:attachment":[{"href":"https:\/\/www.nssv.at\/vrsoe\/wp-json\/wp\/v2\/media?parent=7573"}],"curies":[{"name":"wp","href":"https:\/\/api.w.org\/{rel}","templated":true}]}}