{"id":7567,"date":"2018-04-20T07:10:57","date_gmt":"2018-04-20T05:10:57","guid":{"rendered":"http:\/\/www.nssv.at\/VRSOE\/?page_id=7567"},"modified":"2018-04-20T07:10:57","modified_gmt":"2018-04-20T05:10:57","slug":"anmeldung-zu-einer-veranstaltung","status":"publish","type":"page","link":"https:\/\/www.nssv.at\/vrsoe\/termine\/anmeldung-zu-einer-veranstaltung","title":{"rendered":"Anmeldung zu einer Veranstaltung"},"content":{"rendered":"\n<div class=\"wpcf7 no-js\" id=\"wpcf7-f7566-o1\" lang=\"de-DE\" dir=\"ltr\" data-wpcf7-id=\"7566\">\n<div class=\"screen-reader-response\"><p role=\"status\" aria-live=\"polite\" aria-atomic=\"true\"><\/p> <ul><\/ul><\/div>\n<form action=\"\/vrsoe\/wp-json\/wp\/v2\/pages\/7567#wpcf7-f7566-o1\" method=\"post\" class=\"wpcf7-form init\" aria-label=\"Kontaktformular\" novalidate=\"novalidate\" data-status=\"init\">\n<fieldset class=\"hidden-fields-container\"><input type=\"hidden\" name=\"_wpcf7\" value=\"7566\" \/><input type=\"hidden\" name=\"_wpcf7_version\" value=\"6.1.5\" \/><input type=\"hidden\" name=\"_wpcf7_locale\" value=\"de_DE\" \/><input type=\"hidden\" name=\"_wpcf7_unit_tag\" value=\"wpcf7-f7566-o1\" \/><input type=\"hidden\" name=\"_wpcf7_container_post\" value=\"0\" \/><input type=\"hidden\" name=\"_wpcf7_posted_data_hash\" value=\"\" \/>\n<\/fieldset>\n<p><b>Verbindliche Anmeldung zu einer Veranstaltung<\/b>\n<\/p>\n<p>Mit dem Absenden der ausgef\u00fcllten Anmeldung akzeptierst Du alle f\u00fcr diese Veranstaltung geltenden Regeln und Vorschriften des Veranstalters.<label><b> Name der Veranstaltung <\/b>(Pflichtfeld):<br \/>\n<span class=\"wpcf7-form-control-wrap\" data-name=\"event\"><input size=\"40\" maxlength=\"400\" class=\"wpcf7-form-control wpcf7-text wpcf7-validates-as-required\" aria-required=\"true\" aria-invalid=\"false\" value=\"\" type=\"text\" name=\"event\" \/><\/span> <\/label>\n<\/p>\n<p><label><b> Datum der Anreise <\/b>(Pflichtfeld):<br \/>\n<span class=\"wpcf7-form-control-wrap\" data-name=\"anreisedatum\"><input class=\"wpcf7-form-control wpcf7-date wpcf7-validates-as-required wpcf7-validates-as-date\" aria-required=\"true\" aria-invalid=\"false\" value=\"\" type=\"date\" name=\"anreisedatum\" \/><\/span> <\/label>\n<\/p>\n<p><label><b> Ich starte in der Kategorie <\/b>(Pflichtfeld):<\/label><br \/>\n<span class=\"wpcf7-form-control-wrap\" data-name=\"ich-starte-in\"><span class=\"wpcf7-form-control wpcf7-checkbox wpcf7-validates-as-required\"><span class=\"wpcf7-list-item first\"><input type=\"checkbox\" name=\"ich-starte-in[]\" value=\"Clubtreffen oder Hundewanderung\" \/><span class=\"wpcf7-list-item-label\">Clubtreffen oder Hundewanderung<\/span><\/span><span class=\"wpcf7-list-item\"><input type=\"checkbox\" name=\"ich-starte-in[]\" value=\"Trekking allgemein\" \/><span class=\"wpcf7-list-item-label\">Trekking allgemein<\/span><\/span><span class=\"wpcf7-list-item\"><input type=\"checkbox\" name=\"ich-starte-in[]\" value=\"Trekking Marathondistanz\" \/><span class=\"wpcf7-list-item-label\">Trekking Marathondistanz<\/span><\/span><span class=\"wpcf7-list-item\"><input type=\"checkbox\" name=\"ich-starte-in[]\" value=\"Trekking Halbmarathondistanz\" \/><span class=\"wpcf7-list-item-label\">Trekking Halbmarathondistanz<\/span><\/span><span class=\"wpcf7-list-item\"><input type=\"checkbox\" name=\"ich-starte-in[]\" value=\"Laufen\" \/><span class=\"wpcf7-list-item-label\">Laufen<\/span><\/span><span class=\"wpcf7-list-item\"><input type=\"checkbox\" name=\"ich-starte-in[]\" value=\"Nordic Walking\" \/><span class=\"wpcf7-list-item-label\">Nordic Walking<\/span><\/span><span class=\"wpcf7-list-item\"><input type=\"checkbox\" name=\"ich-starte-in[]\" value=\"Nordic Walking mit Hund (Walk&#039;n&#039;Dog)\" \/><span class=\"wpcf7-list-item-label\">Nordic Walking mit Hund (Walk&#039;n&#039;Dog)<\/span><\/span><span class=\"wpcf7-list-item\"><input type=\"checkbox\" name=\"ich-starte-in[]\" value=\"Bike 1 Hund\" \/><span class=\"wpcf7-list-item-label\">Bike 1 Hund<\/span><\/span><span class=\"wpcf7-list-item\"><input type=\"checkbox\" name=\"ich-starte-in[]\" value=\"Bike 2 Hunde\" \/><span class=\"wpcf7-list-item-label\">Bike 2 Hunde<\/span><\/span><span class=\"wpcf7-list-item\"><input type=\"checkbox\" name=\"ich-starte-in[]\" value=\"Scooter 1 Hund\" \/><span class=\"wpcf7-list-item-label\">Scooter 1 Hund<\/span><\/span><span class=\"wpcf7-list-item\"><input type=\"checkbox\" name=\"ich-starte-in[]\" value=\"Scooter 2 Hunde\" \/><span class=\"wpcf7-list-item-label\">Scooter 2 Hunde<\/span><\/span><span class=\"wpcf7-list-item\"><input type=\"checkbox\" name=\"ich-starte-in[]\" value=\"Trainingswagen D\" \/><span class=\"wpcf7-list-item-label\">Trainingswagen D<\/span><\/span><span class=\"wpcf7-list-item\"><input type=\"checkbox\" name=\"ich-starte-in[]\" value=\"Trainingswagen C\" \/><span class=\"wpcf7-list-item-label\">Trainingswagen C<\/span><\/span><span class=\"wpcf7-list-item\"><input type=\"checkbox\" name=\"ich-starte-in[]\" value=\"Trainingswagen B\" \/><span class=\"wpcf7-list-item-label\">Trainingswagen B<\/span><\/span><span class=\"wpcf7-list-item\"><input type=\"checkbox\" name=\"ich-starte-in[]\" value=\"Trainingswagen A\" \/><span class=\"wpcf7-list-item-label\">Trainingswagen A<\/span><\/span><span class=\"wpcf7-list-item\"><input type=\"checkbox\" name=\"ich-starte-in[]\" value=\"Trainingswagen O\" \/><span class=\"wpcf7-list-item-label\">Trainingswagen O<\/span><\/span><span class=\"wpcf7-list-item\"><input type=\"checkbox\" name=\"ich-starte-in[]\" value=\"Schlitten D\" \/><span class=\"wpcf7-list-item-label\">Schlitten D<\/span><\/span><span class=\"wpcf7-list-item\"><input type=\"checkbox\" name=\"ich-starte-in[]\" value=\"Schlitten C\" \/><span class=\"wpcf7-list-item-label\">Schlitten C<\/span><\/span><span class=\"wpcf7-list-item\"><input type=\"checkbox\" name=\"ich-starte-in[]\" value=\"Schlitten B\" \/><span class=\"wpcf7-list-item-label\">Schlitten B<\/span><\/span><span class=\"wpcf7-list-item\"><input type=\"checkbox\" name=\"ich-starte-in[]\" value=\"Schlitten A\" \/><span class=\"wpcf7-list-item-label\">Schlitten A<\/span><\/span><span class=\"wpcf7-list-item\"><input type=\"checkbox\" name=\"ich-starte-in[]\" value=\"Schlitten O\" \/><span class=\"wpcf7-list-item-label\">Schlitten O<\/span><\/span><span class=\"wpcf7-list-item last\"><input type=\"checkbox\" name=\"ich-starte-in[]\" value=\"Sonstige\" \/><span class=\"wpcf7-list-item-label\">Sonstige<\/span><\/span><\/span><\/span>\n<\/p>\n<p><b>Angaben zu Dir:<\/b>\n<\/p>\n<p><label><b> Vor- und Zuname <\/b>(Pflichtfeld):<br \/>\n<span class=\"wpcf7-form-control-wrap\" data-name=\"dein-name\"><input size=\"40\" maxlength=\"400\" class=\"wpcf7-form-control wpcf7-text wpcf7-validates-as-required\" aria-required=\"true\" aria-invalid=\"false\" value=\"\" type=\"text\" name=\"dein-name\" \/><\/span> <\/label>\n<\/p>\n<p><label><b> Adresse <\/b>(Pflichtfeld):<br \/>\n<span class=\"wpcf7-form-control-wrap\" data-name=\"adresse\"><input size=\"40\" maxlength=\"400\" class=\"wpcf7-form-control wpcf7-text wpcf7-validates-as-required\" aria-required=\"true\" aria-invalid=\"false\" value=\"\" type=\"text\" name=\"adresse\" \/><\/span> <\/label>\n<\/p>\n<p><label><b> PLZ \/ Ort <\/b>(Pflichtfeld):<br \/>\n<span class=\"wpcf7-form-control-wrap\" data-name=\"plz-ort\"><input size=\"40\" maxlength=\"400\" class=\"wpcf7-form-control wpcf7-text wpcf7-validates-as-required\" aria-required=\"true\" aria-invalid=\"false\" value=\"\" type=\"text\" name=\"plz-ort\" \/><\/span> <\/label>\n<\/p>\n<p><label><b> Deine Telefonnummer <\/b>(Pflichtfeld):<br \/>\n<span class=\"wpcf7-form-control-wrap\" data-name=\"telefon\"><input size=\"40\" maxlength=\"400\" class=\"wpcf7-form-control wpcf7-text wpcf7-validates-as-required\" aria-required=\"true\" aria-invalid=\"false\" value=\"\" type=\"text\" name=\"telefon\" \/><\/span> <\/label>\n<\/p>\n<p><label><b> Deine E-Mail-Adresse <\/b>(Pflichtfeld):<br \/>\n<span class=\"wpcf7-form-control-wrap\" data-name=\"email\"><input size=\"40\" maxlength=\"400\" class=\"wpcf7-form-control wpcf7-email wpcf7-validates-as-required wpcf7-text wpcf7-validates-as-email\" aria-required=\"true\" aria-invalid=\"false\" value=\"\" type=\"email\" name=\"email\" \/><\/span> <\/label>\n<\/p>\n<p><label><b> Mitreisende Begleitpersonen (Keine kostenlose Versorgung durch den Veranstalter!):<\/b><br \/>\n<span class=\"wpcf7-form-control-wrap\" data-name=\"mitreisende\"><input size=\"40\" maxlength=\"400\" class=\"wpcf7-form-control wpcf7-text\" aria-invalid=\"false\" value=\"\" type=\"text\" name=\"mitreisende\" \/><\/span> <\/label><label><b> Ich starte mit oder ohne Hund:<\/b><\/label><br \/>\n<span class=\"wpcf7-form-control-wrap\" data-name=\"mit-ohne-hund\"><span class=\"wpcf7-form-control wpcf7-checkbox\"><span class=\"wpcf7-list-item first\"><input type=\"checkbox\" name=\"mit-ohne-hund[]\" value=\"Ich starte mit Hund\" \/><span class=\"wpcf7-list-item-label\">Ich starte mit Hund<\/span><\/span><span class=\"wpcf7-list-item last\"><input type=\"checkbox\" name=\"mit-ohne-hund[]\" value=\"Ich starte ohne Hund\" \/><span class=\"wpcf7-list-item-label\">Ich starte ohne Hund<\/span><\/span><\/span><\/span>\n<\/p>\n<p><b>Angaben zum Hund oder den Hunden (Bei einem Start mit Hund):<\/b>\n<\/p>\n<p><label><b> Ich starte in der Klasse:<\/b><\/label><br \/>\n<span class=\"wpcf7-form-control-wrap\" data-name=\"klasse\"><span class=\"wpcf7-form-control wpcf7-checkbox\"><span class=\"wpcf7-list-item first\"><input type=\"checkbox\" name=\"klasse[]\" value=\"Klasse 1 (Siberian Husky)\" \/><span class=\"wpcf7-list-item-label\">Klasse 1 (Siberian Husky)<\/span><\/span><span class=\"wpcf7-list-item\"><input type=\"checkbox\" name=\"klasse[]\" value=\"Klasse 2 (Alaskan Malamute, Samojede, Gr\u00f6nl\u00e4nder)\" \/><span class=\"wpcf7-list-item-label\">Klasse 2 (Alaskan Malamute, Samojede, Gr\u00f6nl\u00e4nder)<\/span><\/span><span class=\"wpcf7-list-item\"><input type=\"checkbox\" name=\"klasse[]\" value=\"Klasse 3 (Alle anderen Nordischen)\" \/><span class=\"wpcf7-list-item-label\">Klasse 3 (Alle anderen Nordischen)<\/span><\/span><span class=\"wpcf7-list-item last\"><input type=\"checkbox\" name=\"klasse[]\" value=\"Klasse 4 (Alle nicht nordischen Hunde)\" \/><span class=\"wpcf7-list-item-label\">Klasse 4 (Alle nicht nordischen Hunde)<\/span><\/span><\/span><\/span>\n<\/p>\n<p><label><b> Hunderasse:<\/b><br \/>\n<span class=\"wpcf7-form-control-wrap\" data-name=\"hunderasse\"><input size=\"40\" maxlength=\"400\" class=\"wpcf7-form-control wpcf7-text\" aria-invalid=\"false\" value=\"\" type=\"text\" name=\"hunderasse\" \/><\/span> <\/label>\n<\/p>\n<p><label><b> Anzahl der Hunde:<\/b><br \/>\n<span class=\"wpcf7-form-control-wrap\" data-name=\"hundeanzahl\"><input size=\"40\" maxlength=\"400\" class=\"wpcf7-form-control wpcf7-text\" aria-invalid=\"false\" value=\"\" type=\"text\" name=\"hundeanzahl\" \/><\/span> <\/label>\n<\/p>\n<p><b>Bitte die Hunde, wenn sie noch nicht bei uns registriert sind, mittels \"Anmeldung eines Hundes ins VRS\u00d6 Microchip-Register\" auch eintragen!<\/b>\n<\/p>\n<p><label><b> Ich bin Mitglied in folgendem Verein:<\/b><br \/>\n<span class=\"wpcf7-form-control-wrap\" data-name=\"verein\"><input size=\"40\" maxlength=\"400\" class=\"wpcf7-form-control wpcf7-text\" aria-invalid=\"false\" value=\"\" type=\"text\" name=\"verein\" \/><\/span> <\/label>\n<\/p>\n<p><label><b> Mitteilungen und\/oder Fragen an uns:<\/b><br \/>\n<span class=\"wpcf7-form-control-wrap\" data-name=\"mitteilungen\"><textarea cols=\"40\" rows=\"10\" maxlength=\"2000\" class=\"wpcf7-form-control wpcf7-textarea\" aria-invalid=\"false\" name=\"mitteilungen\"><\/textarea><\/span> <\/label>\n<\/p>\n<p>Ich nehme zur Kenntnis, dass ich s\u00e4mtliche Geb\u00fchren die f\u00fcr mich anfallen (ausgenommen verursachte Sch\u00e4den), mit dem Veranstalter des Events abzurechnen habe. Ich best\u00e4tige mit meiner Anmeldung, dass ich den Trail, bzw. das zu befahrende Wegenetz auf eigene Gefahr benutze und keine wie immer gearteten Anspr\u00fcche, im Falle eines Unfalles, Verletzungen jeglicher Art, Invalidit\u00e4tsanspr\u00fcche, Verletzungen der Hunde, Besch\u00e4digung von Fahrr\u00e4dern, Rollern, Trainingswagen, etc., an den Veranstalter, Wege und Grundst\u00fcckseigent\u00fcmer, stellen werde. Weiters nehme ich zur Kenntnis, dass ich f\u00fcr aufgetretene Sch\u00e4den, sei es durch mich oder durch meine Hunde selbst hafte und f\u00fcr solche Ereignisse eine Haftpflichtversicherung abgeschlossen habe. Meine Hunde besitzen einen g\u00fcltigen EU-Heimtierausweis und sind gechipt (Impfungen werden auf G\u00fcltigkeit \u00fcberpr\u00fcft! Vorgeschrieben sind: Tollwut, Staupe, Parvovirose, Leptospirose und Zwingerhusten).\n<\/p>\n<p>Achtung ! F\u00fcr alle Veranstaltungen des AMCSF\u00d6, NSSV, VRS\u00d6 oder Long Trail Hikers - Austria gelten die Regeln und Vorschriften laut aktueller Fassung wie auf den Webseites ver\u00f6ffentlicht. Drittregeln werden bei uns NICHT anerkannt! Bei allen Sportveranstaltungen ist unbedingt der blaue EU-Heimtierausweis mit g\u00fcltigen Impfungen mitzubringen und auf Verlangen vorzuweisen. Eine Haftpflichtversicherung (f\u00fcr die Hunde) muss vorhanden sein. Ebenso ist eine Chipliste f\u00fcr alle Hunde abzugeben. Sollte diese bereits bei uns aufliegen, sind nur mehr etwaige \u00c4nderungen anzugeben. Der Verein oder Club ist in jedem Falle schadlos zu halten! Jeder ist f\u00fcr sein Handeln und seine Hunde selbst verantwortlich.\n<\/p>\n<p>[wpgdprc \"Mit der Nutzung dieses Formulars erkl\u00e4rst Du Dich mit der Speicherung und Verarbeitung Deiner Daten durch diese Website sowie dem Verband und die ihm abgeschlossenen Vereine einverstanden.\"]\n<\/p>\n<p><input class=\"wpcf7-form-control wpcf7-submit has-spinner\" type=\"submit\" value=\"Senden\" \/>\n<\/p><div class=\"wpcf7-response-output\" aria-hidden=\"true\"><\/div>\n<\/form>\n<\/div>\n\n","protected":false},"excerpt":{"rendered":"","protected":false},"author":2,"featured_media":0,"parent":306,"menu_order":0,"comment_status":"closed","ping_status":"closed","template":"","meta":{"_bbp_topic_count":0,"_bbp_reply_count":0,"_bbp_total_topic_count":0,"_bbp_total_reply_count":0,"_bbp_voice_count":0,"_bbp_anonymous_reply_count":0,"_bbp_topic_count_hidden":0,"_bbp_reply_count_hidden":0,"_bbp_forum_subforum_count":0,"ngg_post_thumbnail":0,"footnotes":""},"class_list":["post-7567","page","type-page","status-publish","hentry"],"amp_enabled":true,"_links":{"self":[{"href":"https:\/\/www.nssv.at\/vrsoe\/wp-json\/wp\/v2\/pages\/7567","targetHints":{"allow":["GET"]}}],"collection":[{"href":"https:\/\/www.nssv.at\/vrsoe\/wp-json\/wp\/v2\/pages"}],"about":[{"href":"https:\/\/www.nssv.at\/vrsoe\/wp-json\/wp\/v2\/types\/page"}],"author":[{"embeddable":true,"href":"https:\/\/www.nssv.at\/vrsoe\/wp-json\/wp\/v2\/users\/2"}],"replies":[{"embeddable":true,"href":"https:\/\/www.nssv.at\/vrsoe\/wp-json\/wp\/v2\/comments?post=7567"}],"version-history":[{"count":0,"href":"https:\/\/www.nssv.at\/vrsoe\/wp-json\/wp\/v2\/pages\/7567\/revisions"}],"up":[{"embeddable":true,"href":"https:\/\/www.nssv.at\/vrsoe\/wp-json\/wp\/v2\/pages\/306"}],"wp:attachment":[{"href":"https:\/\/www.nssv.at\/vrsoe\/wp-json\/wp\/v2\/media?parent=7567"}],"curies":[{"name":"wp","href":"https:\/\/api.w.org\/{rel}","templated":true}]}}