{"id":64,"date":"2016-08-16T19:24:50","date_gmt":"2016-08-16T17:24:50","guid":{"rendered":"http:\/\/www.nssv.at\/VRSOE\/?page_id=64"},"modified":"2026-02-15T17:21:55","modified_gmt":"2026-02-15T16:21:55","slug":"links-querverweise","status":"publish","type":"page","link":"https:\/\/www.nssv.at\/vrsoe\/links-querverweise","title":{"rendered":"Links"},"content":{"rendered":"<p><strong>Links, Formulare &amp; Empfehlungen<br \/>\n<\/strong><em>Letztes Update: 06\/01\/26<\/em><strong><br \/>\n<\/strong><\/p>\n<p>Auf dieser Seite fassen wir alle Links und Querverweise zusammen, die mit uns, unseren Gruppierungen oder auch mit befreundeten Clubs und Vereinen zusammenh\u00e4ngen. Wenn wir Seiten finden, die uns verlinkt haben, so werden wir auch hier bei uns einen Retourlink setzen und bedanken uns damit daf\u00fcr. Empfehlungen geben wir unverbindlich ab, jeder muss f\u00fcr sich selbst entscheiden ob diese f\u00fcr ihn n\u00fctzlich sind oder nicht. Hier findet ihr auch unsere Formulare f\u00fcr den Download:<\/p>\n<p>&nbsp;<\/p>\n<p><strong><em>Unsere eigenen Links, IG&#8217;s, Clubs &amp; Vereine:<\/em><\/strong><\/p>\n<p><a href=\"http:\/\/nssv.nssv.at\/\" target=\"_blank\" rel=\"noopener noreferrer\">NSSV &#8211; Nieder\u00f6sterreichischer Schlittenhunde Sportverein<\/a><br \/>\n<a href=\"http:\/\/longtrailhikers.nssv.at\" target=\"_blank\" rel=\"noopener noreferrer\">Long Trail Hikers &#8211; Austria<\/a><br \/>\n<a href=\"http:\/\/vrsoe.nssv.at\" target=\"_blank\" rel=\"noopener noreferrer\">VRS\u00d6 &#8211; Verband f\u00fcr reinrassigen Schlittenhundesport und Nachwuchsausbildung in \u00d6sterreich<\/a><\/p>\n<p>&nbsp;<\/p>\n<p><em><strong>Unsere Formulare:<\/strong><\/em><\/p>\n<p><a href=\"https:\/\/www.nssv.at\/vrsoe\/?page_id=7567\" target=\"_blank\" rel=\"noopener noreferrer\">ONLINE &#8211; Anmeldeformular<\/a> (Anmeldung zu einer Veranstaltung)<br \/>\n<a href=\"https:\/\/www.nssv.at\/vrsoe\/?page_id=7564\" target=\"_blank\" rel=\"noopener noreferrer\">ONLINE &#8211; Meldung eines Hundes ins VRS\u00d6 Microchip-Register<\/a><\/p>\n<p><a href=\"https:\/\/www.nssv.at\/vrsoe\/?page_id=7573\" target=\"_blank\" rel=\"noopener noreferrer\">ONLINE &#8211; Beitrittserkl\u00e4rung<\/a> (AMCSF\u00d6, NSSV, Longtrail Hikers &#8211; Austria, VRS\u00d6)<\/p>\n<p>PDF: <a href=\"https:\/\/www.nssv.at\/vrsoe\/wp-content\/uploads\/2018\/01\/Teilnahme-Anmeldung-2018.pdf\">Teilnahme-Anmeldung<\/a> (Anmeldung zu einer Veranstaltung. Ausf\u00fcllen und zur\u00fccksenden an: &#x61;&#x6e;&#x6d;&#x65;&#108;&#100;ung&#x40;&#x6e;&#x73;&#x73;&#118;&#46;at)<br \/>\nPDF: <a href=\"https:\/\/www.nssv.at\/vrsoe\/wp-content\/uploads\/2018\/01\/Chipregister.pdf\">Chipregister<\/a> (Wenn Euer Hund teilnimmt, und noch nicht bei uns registriert ist, ausgef\u00fcllt mit der Anmeldung&nbsp; an uns senden)<\/p>\n<p>&nbsp;<\/p>\n<p><em><strong>Unsere internen Infoseiten:<\/strong><\/em><\/p>\n<p><a href=\"https:\/\/www.nssv.at\/vrsoe\/?page_id=9098\">Ehrenmitgliedschaften im VRS\u00d6<\/a><br \/>\n<a href=\"https:\/\/www.nssv.at\/vrsoe\/?page_id=9133\">Das operative Team im VRS\u00d6<\/a><br \/>\n<a href=\"https:\/\/www.nssv.at\/vrsoe\/?page_id=9177\">Der verpflichtende Ehrenkodex f\u00fcr unsere Mitglieder<\/a><br \/>\n<a href=\"https:\/\/www.nssv.at\/vrsoe\/?page_id=9186\">Unsere Mitglieder im Verband <\/a><\/p>\n<p>&nbsp;<\/p>\n<p><strong><em>Interne oder gesperrte Bereiche (tw. Zugangsdaten erforderlich!):<\/em><\/strong><\/p>\n<p><a href=\"http:\/\/members.nssv.at\" target=\"_blank\" rel=\"noopener noreferrer\">Members-Area<\/a>&nbsp;(VRS\u00d6)<\/p>\n<p><a href=\"https:\/\/www.nssv.at\/vrsoe\/chat\" target=\"_blank\" rel=\"noopener\">Der VRS\u00d6 Schlittenhundesport Chatroom<\/a><br \/>\n<a href=\"https:\/\/www.nssv.at\/vrsoe\/mitglieder-2\/\" target=\"_blank\" rel=\"noopener\">Die VRS\u00d6 Community-Mitglieder<\/a><\/p>\n<p>&nbsp;<\/p>\n<p><strong><em>Unsere Empfehlungen, Sponsoren und Partner:<\/em><\/strong><\/p>\n<p><a href=\"https:\/\/www.nssv.at\/vrsoe\/?page_id=8656\" target=\"_blank\" rel=\"noopener noreferrer\">VRS\u00d6 PARTNER WORLD<\/a><\/p>\n<p>&nbsp;<\/p>\n<p><strong><em>Hilfreiches und Interessantes:<\/em><\/strong><\/p>\n<p><a href=\"http:\/\/www.tier-chiropraktik.at\" target=\"_blank\" rel=\"noopener noreferrer\"><span style=\"color: #0066cc;\">Chiropraktik f\u00fcr (Sport-) Hunde und Pferde &#8211; Dr. Petra Peer<\/span><\/a><br \/>\n<a href=\"http:\/\/daniswollwerkstatt.at\/\" target=\"_blank\" rel=\"noopener noreferrer\"><span style=\"color: #0066cc;\">Dani\u2019s Wollwerkstatt<\/span><\/a>! Alles zum Thema Wolle, Fasern, Filzen, und vieles mehr!<br \/>\n<a href=\"https:\/\/www.sonjasbastelshop.at\/\" target=\"_blank\" rel=\"noopener noreferrer\">Sonjas Bastelshop<\/a>&nbsp;(Alles f\u00fcr selbstgebastelte Traumf\u00e4nger bekommt man da!)<br \/>\n<a href=\"http:\/\/www.erste-hilfe-beim-hund.de\/\" target=\"_blank\" rel=\"noopener noreferrer\">Erste Hilfe beim Hund<\/a> (Online-Tutorial, ersetzt NICHT den Tierarztbesuch bei Notf\u00e4llen!)<br \/>\n<a href=\"http:\/\/tierbestattungen.at\/\" target=\"_blank\" rel=\"noopener noreferrer\">ANTARES &#8211; Tierbestattung<\/a> (Irgendwann geht jeder Fellfreund \u00fcber die Regenbogenbr\u00fccke)<\/p>\n<p>&nbsp;<\/p>\n<p><em><strong>Videos:<\/strong><\/em><\/p>\n<p><a href=\"https:\/\/www.youtube.com\/watch?v=OrhUmvc3wjU#t=28\" target=\"_blank\" rel=\"noopener noreferrer\">&#8222;How to make a Bike Antenna for Bikej\u00f6ring&#8220;<\/a> &#8211; Youtube Video (Englisch)<br \/>\n<a href=\"https:\/\/www.youtube.com\/watch?v=4DxJ1fhs9RM\" target=\"_blank\" rel=\"noopener noreferrer\">&#8222;Make Ropes, Lines and Leashes&#8220;<\/a> &#8211; Youtube Video (Englisch)<\/p>\n<p>&nbsp;<\/p>\n<p><em><strong>Shops &amp; Online-Shops:<\/strong><\/em><\/p>\n<p><a href=\"http:\/\/www.erpaki.de\/\" target=\"_blank\" rel=\"noopener noreferrer\"><span style=\"color: #0066cc;\">eRPaki<\/span><\/a> \u2013 Hundezubeh\u00f6r, DIE Adresse f\u00fcr gutes Zubeh\u00f6r! (DE, liefert seit 2026 leider nicht mehr nach \u00d6sterreich!)<br \/>\n<a href=\"http:\/\/www.huskytec.net\/web\/index.htm\" target=\"_blank\" rel=\"noopener noreferrer\">Husky Tec<\/a> &#8211; <span class=\"unnamed5\">Europa\u00b4s Hersteller Nr.1 f\u00fcr Schlittenhunde- und Laufhundesport (DE)<\/span><br \/>\n<a href=\"https:\/\/www.stake-out.de\/\" target=\"_blank\" rel=\"noopener noreferrer\">Stake-Out<\/a> &#8211; Alles f\u00fcr den Schlittenhund (DE)<br \/>\n<a href=\"http:\/\/www.manmat.at\/\" target=\"_blank\" rel=\"noopener noreferrer\">ManMat<\/a> &#8211; Arnold Fichtinger (AT)<br \/>\n<a href=\"http:\/\/www.northernhowl.com\/index.php?route=common\/home\" target=\"_blank\" rel=\"noopener noreferrer\">Northern Howl<\/a> (Bulgarischer Onlineshop, super Preise!)<br \/>\n<a href=\"http:\/\/www.zerodc.cz\/en\/\" target=\"_blank\" rel=\"noopener noreferrer\">Zero DC<\/a> (Zugequipment, Tschechien)<br \/>\n<a href=\"http:\/\/www.modog.at\/\" target=\"_blank\" rel=\"noopener noreferrer\">MODOG<\/a> (Geschirre, Leinen, etc. in 1190 Wien)<br \/>\n<a href=\"https:\/\/www.axaeco.se\/\" target=\"_blank\" rel=\"noopener noreferrer\">AXAECO Sleddog Equipments<\/a> (Schweden, gute Auswahl im Online-Shop)<br \/>\n<a href=\"http:\/\/www.wildnisshop.at\/\" target=\"_blank\" rel=\"noopener noreferrer\">NAWISHO Wildnisshop<\/a> (Vieles f\u00fcr den Outdoor-Enthusiasten)<\/p>\n<p>&nbsp;<\/p>\n<p><strong><em>Sch\u00f6ne und anspruchsvolle LD-Rennen:<\/em><\/strong><\/p>\n<p><a title=\"\" href=\"http:\/\/www.alpentrail.de\/\" target=\"_blank\" rel=\"noopener noreferrer\"><span style=\"color: #0066cc;\">Alpentrail<\/span><\/a><br \/>\n<a title=\"\" href=\"http:\/\/www.ceskoukanadou.cz\/\" target=\"_blank\" rel=\"noopener noreferrer\"><span style=\"color: #0066cc;\">Ceskou Kanadou (Tschechische Republik)<\/span><\/a><br \/>\n<a title=\"\" href=\"http:\/\/www.finnmarkslopet.no\/front.jsp?lang=de\" target=\"_blank\" rel=\"noopener noreferrer\"><span style=\"color: #0066cc;\">Finnmarksloppet (Norwegen)<\/span><\/a><br \/>\n<a title=\"\" href=\"http:\/\/www.iditarod.com\/\" target=\"_blank\" rel=\"noopener noreferrer\"><span style=\"color: #0066cc;\">Iditarod (USA-Alaska)<\/span><\/a><br \/>\n<a title=\"\" href=\"http:\/\/www.iditarod-race.de\/\" target=\"_blank\" rel=\"noopener noreferrer\"><span style=\"color: #0066cc;\">Iditarod (inoffizielle deutschsprachige Seite)<\/span><\/a><br \/>\n<a title=\"\" href=\"http:\/\/www.beargrease.com\/\" target=\"_blank\" rel=\"noopener noreferrer\"><span style=\"color: #0066cc;\">John Beargrease Sled Dog Marathon<\/span><\/a><br \/>\n<a title=\"\" href=\"http:\/\/www.grandeodyssee.com\/\" target=\"_blank\" rel=\"noopener noreferrer\"><span style=\"color: #0066cc;\">La Grande Odys\u00e9e<\/span><\/a><br \/>\n<a title=\"\" href=\"http:\/\/www.pirena.com\/\" target=\"_blank\" rel=\"noopener noreferrer\"><span style=\"color: #0066cc;\">Pirena (Spanien)<\/span><\/a><br \/>\n<a title=\"\" href=\"https:\/\/sphk.se\/polardistans\/en\/welcome-to-polardistans\/\" target=\"_blank\" rel=\"noopener noreferrer\"><span style=\"color: #0066cc;\">Polar-Distans (Schweden)<\/span><\/a><br \/>\n<a title=\"\" href=\"http:\/\/www.cscpt.ch\/\" target=\"_blank\" rel=\"noopener noreferrer\"><span style=\"color: #0066cc;\">TransAlp Vaudoise<\/span><\/a><br \/>\n<a title=\"\" href=\"http:\/\/www.trans-thueringia.de\/\" target=\"_blank\" rel=\"noopener noreferrer\"><span style=\"color: #0066cc;\">Trans-Th\u00fcringia (Deutschland)<\/span><\/a><br \/>\n<a title=\"\" href=\"http:\/\/www.yukonquest.info\/yukonquest.shtml\" target=\"_blank\" rel=\"noopener noreferrer\"><span style=\"color: #0066cc;\">Yukon Quest<\/span><\/a><br \/>\n<a href=\"http:\/\/www.sedivackuv-long.cz\/?lang=de\/\" target=\"_blank\" rel=\"noopener noreferrer\">Sedivackuv Long (Tschechien)<\/a><br \/>\n<a href=\"http:\/\/sleddogchallenge.com\/\" target=\"_blank\" rel=\"noopener noreferrer\">Dinner Plain Sleddog Challenge (Australien)<\/a><br \/>\n<a href=\"http:\/\/www.lekkarod.com\/en\" target=\"_blank\" rel=\"noopener noreferrer\">Lekkarod (Frankreich)<\/a><br \/>\n<a href=\"https:\/\/www.k300.org\/\" target=\"_blank\" rel=\"noopener noreferrer\">Kuskokwim 300 (Alaska)<\/a><br \/>\n<a href=\"http:\/\/www.trans-thueringia.de\/\" target=\"_blank\" rel=\"noopener noreferrer\">Trans Th\u00fcringia<\/a><br \/>\n<a href=\"http:\/\/www.alta-via.eu\/\" target=\"_blank\" rel=\"noopener noreferrer\">Alta Via <\/a><br \/>\n<a href=\"http:\/\/www.ivakkak.com\/\" target=\"_blank\" rel=\"noopener noreferrer\">Ivakkak &#8211; The return of the inuit dogs<\/a><\/p>\n<p>&nbsp;<\/p>\n<p><strong><em>Interessante Artikel &amp; Infoseiten:<\/em><\/strong><\/p>\n<p><a href=\"http:\/\/www.nssv.at\/wordpress\/?p=108\" target=\"_blank\" rel=\"noopener noreferrer\">Empfohlene Ausr\u00fcstung, wenn der Hund mit auf Wandertour ist<\/a>&nbsp;(Link zum Blog der Long Trail Hikers &#8211; Austria)<br \/>\n<a href=\"http:\/\/vdsv.de\/vet-corner\/\" target=\"_blank\" rel=\"noopener noreferrer\">VDSV Vetcorner<\/a> (Wir erfinden das Rad nicht neu, sondern verlinken einfach auf diese Infoseite)<br \/>\n<a href=\"http:\/\/www.tirup.at\/\" target=\"_blank\" rel=\"noopener noreferrer\">TiRuP &#8211; Tierschutz in Recht und Praxis<\/a><\/p>\n<p>&nbsp;<\/p>\n<p><em><strong>Vielleicht auch f\u00fcr Euch N\u00fctzliches:<\/strong><\/em><\/p>\n<p><a href=\"https:\/\/ergo-versicherung.at\/p\/bergungskostenversicherung\/\" target=\"_blank\" rel=\"noopener noreferrer\">ERGO Bergekostenversicherung&nbsp;Online<\/a> &nbsp;(Versichert innerhalb einer Stunde!)<\/p>\n<p>&nbsp;<\/p>\n<p><strong><em>Trainingswagen<\/em><\/strong><\/p>\n<p><a class=\"link\" href=\"http:\/\/www.calupo.com\/\" target=\"_blank\" rel=\"nofollow noopener noreferrer\"><span style=\"color: #0066cc;\">Calupo Hundetrainingswagen<\/span><\/a> &#8211; Hersteller eines leichten Dreirad-Trainingswagen<span id=\"span_15\">s<\/span> aus Stahl und Edelstahl.<br \/>\n<a class=\"link\" href=\"http:\/\/www.dyck-carts.de\/\" target=\"_blank\" rel=\"nofollow noopener noreferrer\"><span style=\"color: #0066cc;\">Dyck-Carts<\/span><\/a> &#8211; Herstellung und Verkauf von Trainingswagen, Verkauf von Halsb\u00e4ndern, Geschirren und Zubeh\u00f6r f\u00fcr Selbstbauer.<br \/>\n<a class=\"link\" href=\"http:\/\/www.flauger-hundesport.de\/\" target=\"_blank\" rel=\"nofollow noopener noreferrer\"><span style=\"color: #0066cc;\">Flauger Hundesport<\/span><\/a> &#8211; Trainingswagen, Hundezwinger, Hundefuttter, Futtermittel, Danlerschlitten und Schlittenhundezubeh\u00f6r.<br \/>\n<a class=\"link\" href=\"http:\/\/www.hadhi-trike.de\/Startseite.html\" target=\"_blank\" rel=\"nofollow noopener noreferrer\"><span style=\"color: #0066cc;\">Hadhi-dog-Trike<\/span><\/a> &#8211; Herstellung und Vertrieb von dreir\u00e4drigen Trainingswagen.<br \/>\n<a class=\"link\" href=\"http:\/\/www.huskytec.de\/\" target=\"_blank\" rel=\"noopener noreferrer\"><span style=\"color: #0066cc;\">HuskyTec<\/span><\/a> &#8211; Herstellung und Vertrieb von Schlittenhundezubeh\u00f6r. Alles rund um den Schlittenhunde<span id=\"span_16\">sport<\/span>&#8211; Renn-F\u00fchrgeschirre, Zugleinen, Stakeout, Meterware, Trainingswagen, Boxenbauzubeh\u00f6r, u.v.m.<br \/>\n<a class=\"link\" href=\"http:\/\/www.mt-trainingswagen.de\/\" target=\"_blank\" rel=\"nofollow noopener noreferrer\"><span style=\"color: #0066cc;\">MT-Trainingswagen<\/span><\/a> &#8211; Neue, instandgesetzte und gebrauchte Trainingswagen f\u00fcr Schlittenhunde sowie Ersatzteile und Zubeh\u00f6r. Auf Wunsch werden auch Wagen speziell f\u00fcr Sie angefertigt.<br \/>\n<a class=\"link\" href=\"http:\/\/www.phoenixdogshop.de\/\" target=\"_blank\" rel=\"nofollow noopener noreferrer\"><span style=\"color: #0066cc;\">Phoenix Hundezubeh\u00f6r Manufaktur<\/span><\/a> &#8211; Vertrieb von Trainingswagen und Tretroller. Herstellung von Hundezubeh\u00f6r, X-Back Geschirre, F\u00fchrgeschirre, Tourengeschirre, Zugleinen, Ruckd\u00e4mpfer, Bauchgurte, Fahrrad-Zugvorrichtungen, Booties und Hundem\u00e4ntel.<br \/>\n<a class=\"link\" href=\"http:\/\/www.ph-hundebedarf.de\/\" target=\"_blank\" rel=\"nofollow noopener noreferrer\"><span style=\"color: #0066cc;\">PH &#8211; Pundsack Hundebedarf<\/span><\/a> &#8211; Alu-Trainingswagen und Zubeh\u00f6r f\u00fcr den Schlittenhunde<span id=\"span_17\">sport<\/span> werden mit Foto, Preis und Beschreibung vorgestellt. Auch Katalog in PDF.<\/p>\n<p>&nbsp;<\/p>\n<p><strong><em>Scooter<\/em><\/strong><\/p>\n<p><a class=\"link\" href=\"http:\/\/www.tektoss.eu\/index.php\" target=\"_blank\" rel=\"nofollow noopener noreferrer\"><span style=\"color: #0066cc;\">TEKTOSS<\/span><\/a>&nbsp;&#8211; Scooter&nbsp;&amp; Trainingswagen (Tschechien)<br \/>\n<a href=\"http:\/\/www.yedoo.eu\/de\/default.aspx\" target=\"_blank\" rel=\"noopener noreferrer\">Yedoo<\/a> &#8211; Scooter (Tschechien), in \u00d6sterreich: <a href=\"https:\/\/www.t43b.com\/yedoo\/\" target=\"_blank\" rel=\"noopener noreferrer\">T43B.Tech<\/a><br \/>\n<a href=\"http:\/\/www.petra-ruge.de\/\" target=\"_blank\" rel=\"noopener noreferrer\">Hadhi<\/a> &#8211; Scooter &amp; Trikes (Deutschland)<\/p>\n<p>&nbsp;<\/p>\n<p><em><strong>Hundeschlitten<\/strong><\/em><\/p>\n<p><a class=\"link\" href=\"http:\/\/www.danler-hundeschlitten.at\/\" target=\"_blank\" rel=\"nofollow noopener noreferrer\"><span style=\"color: #0066cc;\">Danler Hundeschlitten<\/span><\/a> &#8211; Hersteller von Hundeschlitten f\u00fcr den Renneinsatz.<br \/>\n<a class=\"link\" href=\"http:\/\/www.flauger-hundesport.de\/\" target=\"_blank\" rel=\"nofollow noopener noreferrer\"><span style=\"color: #0066cc;\">Flauger Hundesport<\/span><\/a> &#8211; Trainingswagen, Hundezwinger, Hundefuttter, Futtermittel, Danlerschlitten und Schlittenhundezubeh\u00f6r.<br \/>\n<a class=\"link\" href=\"http:\/\/www.malamute-sled.de\/\" target=\"_blank\" rel=\"nofollow noopener noreferrer\"><span style=\"color: #0066cc;\">Malamute-Sled<\/span><\/a> &#8211; Herstellung von Sprintschlitten in Handarbeit und mit viel Liebe zum Detail. Die wichtigsten Bestandteile sind Edelstahl, Carbon, Glasfaser, Teflon und Holz.<br \/>\n<a class=\"link\" href=\"http:\/\/www.sledwork.de\/\" target=\"_blank\" rel=\"nofollow noopener noreferrer\"><span style=\"color: #0066cc;\">SLEDWORK<\/span><\/a> &#8211; Entwickelt, fertigt und vertreibt Produkte f\u00fcr Gebrauchshunde, Sporthunde, Familienhunde, Schlittenhunde, Stadtw\u00f6lfe, gro\u00dfe und kleine Hunde.<br \/>\n<a href=\"http:\/\/www.hundeschlitten.at\/index.php\/de\/\" target=\"_blank\" rel=\"noopener noreferrer\">Rotter Speed Sled<\/a> &#8211; Schlitten, Wagen und Zubeh\u00f6r.<br \/>\n<a href=\"http:\/\/www.sled.cz\/index_ger.htm\" target=\"_blank\" rel=\"noopener noreferrer\">Franti\u0161ek CHLA\u0147<\/a> &#8211; Hundeschlitten &amp; Traininsgwagen (CZ)<br \/>\n<a href=\"http:\/\/www.xnira.com\/sleds.htm\" target=\"_blank\" rel=\"noopener noreferrer\">XNIRA.com<\/a> (Hundeschlitten aus Bulgarien)<br \/>\n<a href=\"http:\/\/www.rowerland.pl\/\" target=\"_blank\" rel=\"noopener noreferrer\">ROWER-LAND<\/a> (Schlittenequipment aus Polen)<br \/>\n<a href=\"http:\/\/www.skonk.no\/\" target=\"_blank\" rel=\"noopener noreferrer\">SKONK Sledworks<\/a> (Schlitten und Zubeh\u00f6r aus Norwegen)<br \/>\n<a href=\"https:\/\/www.affordabledogsleds.com\/\" target=\"_blank\" rel=\"noopener noreferrer\">AFFORDABLE DOG SLEDS<\/a> (Schlitten und Zubeh\u00f6r aus den USA)<br \/>\n<a href=\"http:\/\/www.mainemadedogsleds.com\/\" target=\"_blank\" rel=\"noopener noreferrer\">Maine Made Dogsleds<\/a> (Schlitten und Zubeh\u00f6r aus den USA)<br \/>\n<a href=\"http:\/\/www.arcticstarsleds.com\/\" target=\"_blank\" rel=\"noopener noreferrer\">Arcticstar Dogsleds<\/a> (Schlitten und Zubeh\u00f6r aus den USA)<\/p>\n<p>&nbsp;<\/p>\n<p><em><strong>Wichtige Links zum Thema Hund und Gesetze:<\/strong><\/em><\/p>\n<p><a class=\"link_extern\" title=\"Link \u00f6ffnet in neuem Fenster\" href=\"http:\/\/www.ris.bka.gv.at\/GeltendeFassung.wxe?Abfrage=Bundesnormen&amp;Gesetzesnummer=20003541\" target=\"_blank\" rel=\"noopener noreferrer\"><span style=\"color: #0066cc;\">Bundesgesetz \u00fcber den Schutz der Tiere (Tierschutzgesetz &#8211; TSchG)<\/span><\/a><\/p>\n<div><a class=\"link_extern\" title=\"Link \u00f6ffnet in neuem Fenster\" href=\"http:\/\/www.ris.bka.gv.at\/GeltendeFassung.wxe?Abfrage=Bundesnormen&amp;Gesetzesnummer=20003860\" target=\"_blank\" rel=\"noopener noreferrer\"><span style=\"color: #0066cc;\">2. Tierhaltungsverordnung (2. THV)<\/span><\/a><\/div>\n<div><a class=\"link_extern\" title=\"Link \u00f6ffnet in neuem Fenster\" href=\"http:\/\/www.ris.bka.gv.at\/GeltendeFassung.wxe?Abfrage=Bundesnormen&amp;Gesetzesnummer=20003822\" target=\"_blank\" rel=\"noopener noreferrer\"><span style=\"color: #0066cc;\">Tierheim-Verordnung (THV)<\/span><\/a><\/div>\n<div><a class=\"link_extern\" title=\"Link \u00f6ffnet in neuem Fenster\" href=\"http:\/\/www.ris.bka.gv.at\/GeltendeFassung.wxe?Abfrage=Bundesnormen&amp;Gesetzesnummer=20003825\" target=\"_blank\" rel=\"noopener noreferrer\"><span style=\"color: #0066cc;\">Tierschutz-Veranstaltungsverordnung (TSch-Veranst-V)<\/span><\/a><\/div>\n<div><a class=\"link_extern\" title=\"Link \u00f6ffnet in neuem Fenster\" href=\"http:\/\/www.ris.bka.gv.at\/GeltendeFassung.wxe?Abfrage=Bundesnormen&amp;Gesetzesnummer=20003823\" target=\"_blank\" rel=\"noopener noreferrer\"><span style=\"color: #0066cc;\">Zoo-Verordnung (ZooV)<\/span><\/a><\/div>\n<div><a class=\"link_extern\" title=\"Link \u00f6ffnet in neuem Fenster\" href=\"http:\/\/www.ris.bka.gv.at\/GeltendeFassung.wxe?Abfrage=Bundesnormen&amp;Gesetzesnummer=20003832\" target=\"_blank\" rel=\"noopener noreferrer\"><span style=\"color: #0066cc;\">Tierhaltungs-Gewerbeverordnung (TH-GewV)<\/span><\/a><\/div>\n<div><a class=\"link_extern\" title=\"Link \u00f6ffnet in neuem Fenster\" href=\"http:\/\/www.ris.bka.gv.at\/Dokument.wxe?Abfrage=BgblAuth&amp;Dokumentnummer=BGBLA_2004_II_494\" target=\"_blank\" rel=\"noopener noreferrer\"><span style=\"color: #0066cc;\">Diensthunde-Ausbildungsverordnung (Diensthunde-Ausb-V)<\/span><\/a><\/div>\n<div><a class=\"link_extern\" title=\"Link \u00f6ffnet in neuem Fenster\" href=\"http:\/\/www.ris.bka.gv.at\/GeltendeFassung.wxe?Abfrage=Bundesnormen&amp;Gesetzesnummer=20007723\" target=\"_blank\" rel=\"noopener noreferrer\"><span style=\"color: #0066cc;\">Hundeausbildungsverordnung<\/span><\/a><\/div>\n<div><a class=\"link_extern\" title=\"Link \u00f6ffnet in neuem Fenster\" href=\"http:\/\/www.ris.bka.gv.at\/GeltendeFassung.wxe?Abfrage=Bundesnormen&amp;Gesetzesnummer=20007205\" target=\"_blank\" rel=\"noopener noreferrer\"><span style=\"color: #0066cc;\">Tierschutzrat-Gesch\u00e4ftsordnung (TSR-GO)<\/span><\/a><\/div>\n<p>&nbsp;<\/p>\n<p><img loading=\"lazy\" decoding=\"async\" class=\"alignnone wp-image-748 size-full\" src=\"https:\/\/www.nssv.at\/vrsoe\/wp-content\/uploads\/2016\/08\/logo.png\" width=\"288\" height=\"68\"><\/p>\n<p><a href=\"https:\/\/heimtierdatenbank.ehealth.gv.at\/\" target=\"_blank\" rel=\"noopener noreferrer\"><span style=\"color: #0066cc;\">Heimtierdatenbank<\/span><\/a><br \/>\n<a href=\"https:\/\/www.konsumentenfragen.at\/konsumentenfragen\/Rund_um_den_Vertrag\/VertragsrechtlicheFragenbeimTierkauf\/ChippflichtbeimHund.html\" target=\"_blank\" rel=\"noopener noreferrer\"><span style=\"color: #0066cc;\">Informationen zur Chippflicht<\/span><\/a><br \/>\n<a href=\"https:\/\/heimtierdatenbank.ehealth.gv.at\/Suche.aspx\" target=\"_blank\" rel=\"noopener noreferrer\"><span style=\"color: #0066cc;\">Chipsuche<\/span><\/a><\/p>\n<p>Achtung! Eine Registrierung des Chips bei Animaldata, Tasso &amp; Co. bedeutet NICHT, dass der Chip automatisch in die gesetzlich vorgeschriebene Heimtierdatenbank aufgenommen wurde! Bitte \u00fcberpr\u00fcft anhand Eurer Chipnummer und der Suchfunktion auf der Webseite des Bundesministeriums BMG, ob Eure Hunde da ordnungsgem\u00e4\u00df gemeldet sind!<\/p>\n<p><a href=\"http:\/\/www.bmgf.gv.at\/home\/Gesundheit\/Reiseinformationen\/Reisen_nach_Oesterreich\/Reisen_mit_Hunden_Katzen_und_Frettchen_innerhalb_der_EU_des_EWR_und_der_Schweiz\" target=\"_blank\" rel=\"noopener noreferrer\"><span style=\"color: #0066cc;\">Reisen mit Hunden innerhalb der EU, des EWR und der Schweiz<\/span><\/a><br \/>\n<a href=\"http:\/\/www.bmgf.gv.at\/home\/Gesundheit\/Reiseinformationen\/Reisen_nach_Oesterreich\/Einreise_und_Wiedereinreise_mit_Heimtieren_aus_Drittstaaten_nach_Oesterreich\" target=\"_blank\" rel=\"noopener noreferrer\"><span style=\"color: #0066cc;\">Einreise und Wiedereinreise mit Heimtieren aus Drittstaaten nach \u00d6sterreich<\/span><\/a><br \/>\n<a href=\"http:\/\/www.bmg.gv.at\/home\/Schwerpunkte\/Reiseinformationen\/Allgemeine_Informationen\/Haeufige_Fragen_zu_Reisen_und_Wiedereinreisen_mit_Heimtieren_aus_Drittstaaten\" target=\"_blank\" rel=\"noopener noreferrer\"><span style=\"color: #0066cc;\">FAQ &#8211; Reisen und Wiedereinreisen mit Heimtieren aus Drittstaaten<\/span><\/a><br \/>\n<a href=\"http:\/\/www.bmgf.gv.at\/home\/Gesundheit\/Reiseinformationen\/Reisen_nach_Oesterreich\/EU_zugelassene_Labors_fuer_nbsp_serologische_Tollwutuntersuchungen_nbsp_bei_Hunden_Katzen_und_Frettchen_nbsp_in_Oesterreich\" target=\"_blank\" rel=\"noopener noreferrer\"><span style=\"color: #0066cc;\">EU-zugelassene Labors f\u00fcr&nbsp;serologische Tollwutuntersuchungen&nbsp;bei Hunden in \u00d6sterreich <\/span><\/a><\/p>\n<p><a href=\"http:\/\/www.bmgf.gv.at\/home\/Gesundheit\/Reiseinformationen\/Auslandsreisen\/Reisen_mit_Heimtieren_ins_Ausland\" target=\"_blank\" rel=\"noopener noreferrer\"><span style=\"color: #0066cc;\">Reisen mit Heimtieren ins Ausland <\/span><\/a><\/p>\n<p><a href=\"http:\/\/www.bmgf.gv.at\/cms\/home\/attachments\/8\/3\/0\/CH1118\/CMS1459506475555\/katzen_hunde_zucht.pdf\" target=\"_blank\" rel=\"noopener noreferrer\"><span style=\"color: #0066cc;\">Informationen zur Zucht von Katzen und Hunden (22.4.2016) <\/span><\/a><\/p>\n<p><a href=\"https:\/\/www.oesterreich.gv.at\/themen\/leben_in_oesterreich\/ombudsstellen_und_anwaltschaften\/Seite.3240010.html\" target=\"_blank\" rel=\"noopener noreferrer\">Tierschutz Ombudsstellen in \u00d6sterreich<\/a> (Externe Seite)<\/p>\n","protected":false},"excerpt":{"rendered":"<p>Links, Formulare &amp; Empfehlungen Letztes Update: 06\/01\/26 Auf dieser Seite fassen wir alle Links und Querverweise zusammen, die mit uns, unseren Gruppierungen oder auch mit befreundeten Clubs und Vereinen zusammenh\u00e4ngen. Wenn wir Seiten finden, die uns verlinkt haben, so werden wir auch hier bei uns einen Retourlink setzen und bedanken uns damit daf\u00fcr. Empfehlungen geben [&hellip;]<\/p>\n","protected":false},"author":1,"featured_media":732,"parent":0,"menu_order":0,"comment_status":"closed","ping_status":"closed","template":"","meta":{"_bbp_topic_count":0,"_bbp_reply_count":0,"_bbp_total_topic_count":0,"_bbp_total_reply_count":0,"_bbp_voice_count":0,"_bbp_anonymous_reply_count":0,"_bbp_topic_count_hidden":0,"_bbp_reply_count_hidden":0,"_bbp_forum_subforum_count":0,"ngg_post_thumbnail":0,"footnotes":""},"class_list":["post-64","page","type-page","status-publish","has-post-thumbnail","hentry"],"amp_enabled":true,"_links":{"self":[{"href":"https:\/\/www.nssv.at\/vrsoe\/wp-json\/wp\/v2\/pages\/64","targetHints":{"allow":["GET"]}}],"collection":[{"href":"https:\/\/www.nssv.at\/vrsoe\/wp-json\/wp\/v2\/pages"}],"about":[{"href":"https:\/\/www.nssv.at\/vrsoe\/wp-json\/wp\/v2\/types\/page"}],"author":[{"embeddable":true,"href":"https:\/\/www.nssv.at\/vrsoe\/wp-json\/wp\/v2\/users\/1"}],"replies":[{"embeddable":true,"href":"https:\/\/www.nssv.at\/vrsoe\/wp-json\/wp\/v2\/comments?post=64"}],"version-history":[{"count":14,"href":"https:\/\/www.nssv.at\/vrsoe\/wp-json\/wp\/v2\/pages\/64\/revisions"}],"predecessor-version":[{"id":11187,"href":"https:\/\/www.nssv.at\/vrsoe\/wp-json\/wp\/v2\/pages\/64\/revisions\/11187"}],"wp:featuredmedia":[{"embeddable":true,"href":"https:\/\/www.nssv.at\/vrsoe\/wp-json\/wp\/v2\/media\/732"}],"wp:attachment":[{"href":"https:\/\/www.nssv.at\/vrsoe\/wp-json\/wp\/v2\/media?parent=64"}],"curies":[{"name":"wp","href":"https:\/\/api.w.org\/{rel}","templated":true}]}}