{"id":34,"date":"2016-08-16T19:09:36","date_gmt":"2016-08-16T17:09:36","guid":{"rendered":"http:\/\/www.nssv.at\/VRSOE\/?page_id=34"},"modified":"2022-01-05T15:57:42","modified_gmt":"2022-01-05T14:57:42","slug":"unser-verband","status":"publish","type":"page","link":"https:\/\/www.nssv.at\/vrsoe\/unser-verband","title":{"rendered":"Unser Verband"},"content":{"rendered":"<p><strong>Unser Verband &#8211; Das Programm<\/strong><\/p>\n<p>Das Programm des VRS\u00d6 setzt sich aus den Einzelangeboten der angeschlossenen Mitgliedsvereine und -clubs zusammen. Diese beinhalten ein breit gef\u00e4chertes Bewegungsangebot f\u00fcr alle die mit aber auch ohne Hund aktiv sein wollen. Egal ob Anf\u00e4nger, Amateur oder Profi, bei uns ist jeder Willkommen der sich zum Ziel gesetzt hat f\u00fcr sich und seinen Hund etwas zu tun.<\/p>\n<p>Wir werden \u00f6fter darauf angesprochen, warum wir &#8222;reinrassig&#8220; im Verbandsnamen f\u00fchren, obwohl auch nicht-FCI Schlittenhunde (siehe unsere <a href=\"https:\/\/www.nssv.at\/vrsoe\/?p=428\" target=\"_blank\" rel=\"noopener\">Rasseliste der nordischen Schlittenhunde<\/a>) und &#8222;normale&#8220; Hunde bei uns zugelassen sind. Diese Frage muss von uns mit einer Gegenfrage beantwortet werden: Warum werden in der Rennszene bei speziellen &#8222;Begutachtungen&#8220; an Hunde Papiere wie z.B. f\u00fcr Huskies vergeben, die genetisch nicht mal in die N\u00e4he eines Huskies kommen, sondern nur so \u00e4hnlich aussehen? Warum haben angebliche FCI-Rasseschlittenhunde oft nicht einmal mehr optisch eine \u00c4hnlichkeit mit dem FCI-Rassestandard und trotzdem Papiere die ihre Reinrassigkeit bescheinigen?<\/p>\n<p>Wir lassen die in der <a href=\"https:\/\/www.nssv.at\/vrsoe\/?p=428\" target=\"_blank\" rel=\"noopener\">Rasseliste<\/a> von uns stehenden Hunde zu, auch ohne Papiere, weil diese durch die genannten Machenschaften sowieso wertlos geworden sind. Der bewusste und vors\u00e4tzliche Einsatz von Hunden mit falschen Papieren ist einfach nur Betrug und kommt leider immer \u00f6fter vor. Deswegen macht es f\u00fcr uns keinen Sinn auf Papiere zu beharren, weil man ohnehin nicht wei\u00df ob sie echt sind, oder nur gut gefaked.<\/p>\n<p>Mit Ende 2018 haben wir bei uns im Verband eine 2-Sektionen-Regelung beschlossen und eingef\u00fchrt. Sektion 1 ist f\u00fcr die Schlittenhunde (laut unserer <a href=\"https:\/\/www.nssv.at\/vrsoe\/?p=428\" target=\"_blank\" rel=\"noopener\">Rasseliste<\/a>) und dem Sport mit ihnen zust\u00e4ndig. Sektion 2 ist f\u00fcr alle anderen Hunde und dem Hunde-Zugsport mit ihnen zust\u00e4ndig. So haben wir eine einfache Trennung innerhalb des Verbandes, genau definierte Zust\u00e4ndigkeiten, und auch teilweise getrennte Events f\u00fcr beide Sektionen.<\/p>\n<p>Wenn Euch gef\u00e4llt was wir machen, dann w\u00e4re es sch\u00f6n wenn Ihr Euch uns anschlie\u00dfen w\u00fcrdet! Einer der uns angeschlossenen Gruppierungen hat sicherlich auch das Passende f\u00fcr Euch anzubieten (<a href=\"https:\/\/www.nssv.at\/vrsoe\/?page_id=7573\" target=\"_blank\" rel=\"noopener\">ONLINE-Beitrittsformular<\/a>):<\/p>\n<ul>\n<li>Schlittenhundesport mit Wagen, Bike&nbsp;und Scooter<\/li>\n<li>Nordic Walking, Nordic Walking mit Hund (Walk&#8217;n&#8217;Dog)<\/li>\n<li>Wandern, Hiking, Trekking (mit und ohne Hund)<\/li>\n<li>Schneeschuhwanderungen<\/li>\n<li>Schlittenhundetreffen zum Erfahrungsaustausch<\/li>\n<li>&#8222;Nacht der W\u00f6lfe&#8220; (Unsere Nachtwanderungen im Schein der Stirnlampen)<\/li>\n<li>Workshops, Erste-Hilfe-Hund-Seminare, Trainingsbegleitung, und noch vieles mehr &#8230;<\/li>\n<\/ul>\n<p>&nbsp;<\/p>\n<p><img loading=\"lazy\" decoding=\"async\" src=\"https:\/\/www.nssv.at\/vrsoe\/wp-content\/uploads\/2016\/08\/IMG_8910-2-300x210.jpg\" alt=\"IMG_8910-2\" width=\"300\" height=\"210\"><\/p>\n<p>\u00dcbrigens ist der VRS\u00d6 der einzige Verband in \u00d6sterreich, der die Sportart &#8222;Walk&#8217;n&#8217;Dog&#8220; also &#8222;Nordic Walking mit Hund&#8220; im Jahre 2008 in \u00d6sterreich eingef\u00fchrt und als \u00d6sterreichmeisterschaft durchgef\u00fchrt hat und auch weiter durchf\u00fchren wird. Ebenso wie unser &#8222;Hunde-Wandermarathon&#8220; \u00fcber eine Strecke von 42km, den wir ebenfalls (bei entsprechender Starteranzahl) als \u00d6sterreichmeisterschaft werten. Bei Interesse daran, meldet Euch doch einfach bei uns.<\/p>\n<p>&nbsp;<\/p>\n<hr>\n<p>&nbsp;<\/p>\n<p><strong>Die uns angeschlossenen Gruppierungen:<\/strong><\/p>\n<p>&nbsp;<\/p>\n<p><img loading=\"lazy\" decoding=\"async\" src=\"https:\/\/www.nssv.at\/vrsoe\/wp-content\/uploads\/2016\/08\/top-logo-amcg-2011-klein-300x83.jpg\" alt=\"top-logo-amcg-2011-klein\" width=\"348\" height=\"96\"><\/p>\n<p>Beginnen wir mit der Gemeinschaft der Schlittenhundefreunde, dem <strong>AMCSF\u00d6 &#8211; Alaskan Malamute Club und Schlittenhundefreunde \u00d6sterreich<\/strong>. Gegr\u00fcndet 2004. \u00dcber diese Gruppierung finden in unregelm\u00e4\u00dfigen Abst\u00e4nden diverse Treffen statt, die Erfahrungsaustausch, das Kn\u00fcpfen neuer Freundschaften, und gemeinsame Spazierg\u00e4nge oder kleine Wanderungen in der Natur zum Ziel haben. Alle nordischen Hunde sind dabei herzlichst Willkommen. Im Zuge dieser Zusammenk\u00fcnfte kann man vieles \u00fcber die Nordischen selbst, einiges \u00fcber die Ausr\u00fcstung und Haltung, sowie das Verhalten der Hunde erfahren. Diese Treffen sind zwanglos, unterliegen aber trotzdem ein paar wichtigen Regeln:<\/p>\n<ul>\n<li>Die Hunde sind in einem passenden F\u00fchrgeschirr oder Zugstopp-Halsb\u00e4ndern an der Leine zu halten.<\/li>\n<li>Hunde haben mit anderen Hunden nur dann Kontakt, wenn die Besitzer das ausdr\u00fccklich erlauben.<\/li>\n<li>Flexileinen und Schleppleinen sind so zu f\u00fchren, dass sie mit anderen nicht kreuzen k\u00f6nnen.<\/li>\n<li>Es werden keinerlei Leckerlies an fremde Hunde oder im Beisein anderer Hunde verteilt!<\/li>\n<li>Die Hunde m\u00fcssen zumindest eine g\u00fcltige Tollwutimpfung haben (Heimtierausweis kann von uns verlangt werden!).<\/li>\n<li>Hunde mit offensichtlich erkennbaren Krankheiten wie Durchfall, Hautkrankheiten, Milben, Husten, etc., d\u00fcrfen nicht teilnehmen!<\/li>\n<\/ul>\n<p>Das wars auch schon. Diese genannten Punkte dienen der Sicherheit der Hunde und um Bei\u00dfereien zu vermeiden. Wenn Ihr damit kein Problem habt, dann seid Ihr in unserer Runde gerne gesehen, und wir freuen uns auf ein erstes Kennenlernen mit Euch und Euren Fellnasen!<\/p>\n<p>\u00dcbrigens: Eine Mitgliedschaft im AMCSF\u00d6 ist seit Ende 2018 wieder BEITRAGSFREI!<\/p>\n<p><img loading=\"lazy\" decoding=\"async\" src=\"https:\/\/www.nssv.at\/vrsoe\/wp-content\/uploads\/2016\/08\/06-06-09_0923-300x225.jpg\" alt=\"06-06-09_0923\" width=\"300\" height=\"225\"> <img loading=\"lazy\" decoding=\"async\" src=\"https:\/\/www.nssv.at\/vrsoe\/wp-content\/uploads\/2016\/08\/IMG_0134-300x225.jpg\" alt=\"IMG_0134\" width=\"300\" height=\"225\"><\/p>\n<p><img loading=\"lazy\" decoding=\"async\" src=\"https:\/\/www.nssv.at\/vrsoe\/wp-content\/uploads\/2016\/08\/Anka_IMG_5343.jpg\" alt=\"Anka_IMG_5343\" width=\"200\" height=\"150\">&nbsp;<img loading=\"lazy\" decoding=\"async\" src=\"https:\/\/www.nssv.at\/vrsoe\/wp-content\/uploads\/2016\/08\/Baerli_IMG_2453.jpg\" alt=\"Baerli_IMG_2453\" width=\"200\" height=\"150\">&nbsp;<img loading=\"lazy\" decoding=\"async\" src=\"https:\/\/www.nssv.at\/vrsoe\/wp-content\/uploads\/2016\/08\/IMG_3614.jpg\" alt=\"IMG_3614\" width=\"200\" height=\"150\"><br \/>\n<img loading=\"lazy\" decoding=\"async\" src=\"https:\/\/www.nssv.at\/vrsoe\/wp-content\/uploads\/2016\/08\/IMG_3675.jpg\" alt=\"IMG_3675\" width=\"200\" height=\"150\">&nbsp;<img loading=\"lazy\" decoding=\"async\" src=\"https:\/\/www.nssv.at\/vrsoe\/wp-content\/uploads\/2016\/08\/Nanook_P4140050.jpg\" alt=\"Nanook_P4140050\" width=\"200\" height=\"150\">&nbsp;<img loading=\"lazy\" decoding=\"async\" src=\"https:\/\/www.nssv.at\/vrsoe\/wp-content\/uploads\/2016\/08\/Nanook_P4140067.jpg\" alt=\"Nanook_P4140067\" width=\"200\" height=\"150\"><\/p>\n<p>&nbsp;<\/p>\n<p>&nbsp;<\/p>\n<p><img loading=\"lazy\" decoding=\"async\" src=\"https:\/\/www.nssv.at\/vrsoe\/wp-content\/uploads\/2016\/08\/NSSV-2011-300x109.jpg\" alt=\"NSSV-2011\" width=\"300\" height=\"109\"><\/p>\n<p>Die n\u00e4chste Gruppierung in unserem Verband ist der <strong>NSSV &#8211; Nieder\u00f6sterreichischer Schlittenhunde Sportverein<\/strong>. 2005 gegr\u00fcndet und mittlerweile im 12. Jahr aktiv, hat sich der Verein immer um seine Mitglieder und Hunde gek\u00fcmmert, wobei die Sicherheit der Sportler und das Wohl der Hunde immer an erster Stelle standen. Der NSSV distanziert sich von der Rennszene weil diese Art von Sport sich nicht mit unserer Linie vereinbaren l\u00e4sst. Der NSSV hat zwar einige Mitglieder die an Rennen teilnehmen, sich aber nur aus Spa\u00df &amp; Fun das Geschehen antun und nicht&nbsp;mit falschem Ehrgeiz einem Stockerlplatz nach dem anderen nachjagen. Der Verein selbst veranstaltet selbst Trainingslager und auch Rennen, die sich jedoch grundlegend von anderen Clubs und Vereinen unterscheiden. Ein direkter Beitritt in den NSSV ist &#8211; um die allgemeine Ruhe im Verein zu bewahren &#8211; nicht m\u00f6glich. Es besteht jedoch \u00fcber den LTH-Austria die M\u00f6glichkeit nach einer bestimmten &#8222;Probezeit&#8220; in den NSSV zu wechseln. Der NSSV bietet von sich aus den Schlittenhundesport mit Wagen, Bike und Scooter an. In Kooperation mit den beiden anderen Gruppierungen auch Trekking und Nordic Walking mit und ohne Hund. Zusammen mit dem VRS\u00d6 werden auch \u00d6sterreichmeisterschaften ausgetragen. Der NSSV unterliegt zur G\u00e4nze den Regeln des VRS\u00d6 in Punkto Hunde- und Hundesport.<\/p>\n<p><img loading=\"lazy\" decoding=\"async\" class=\"alignnone wp-image-161 size-medium\" src=\"https:\/\/www.nssv.at\/vrsoe\/wp-content\/uploads\/2016\/08\/MG_2634-300x200.jpg\" alt=\"_MG_2634\" width=\"300\" height=\"200\" srcset=\"https:\/\/www.nssv.at\/vrsoe\/wp-content\/uploads\/2016\/08\/MG_2634-300x200.jpg 300w, https:\/\/www.nssv.at\/vrsoe\/wp-content\/uploads\/2016\/08\/MG_2634-768x512.jpg 768w, https:\/\/www.nssv.at\/vrsoe\/wp-content\/uploads\/2016\/08\/MG_2634-1024x683.jpg 1024w, https:\/\/www.nssv.at\/vrsoe\/wp-content\/uploads\/2016\/08\/MG_2634.jpg 1200w\" sizes=\"auto, (max-width: 300px) 100vw, 300px\" \/>&nbsp;<img loading=\"lazy\" decoding=\"async\" class=\"alignnone size-medium wp-image-165\" src=\"https:\/\/www.nssv.at\/vrsoe\/wp-content\/uploads\/2016\/08\/MG_2896-1-300x200.jpg\" alt=\"_MG_2896\" width=\"300\" height=\"200\" srcset=\"https:\/\/www.nssv.at\/vrsoe\/wp-content\/uploads\/2016\/08\/MG_2896-1-300x200.jpg 300w, https:\/\/www.nssv.at\/vrsoe\/wp-content\/uploads\/2016\/08\/MG_2896-1-768x512.jpg 768w, https:\/\/www.nssv.at\/vrsoe\/wp-content\/uploads\/2016\/08\/MG_2896-1-1024x683.jpg 1024w, https:\/\/www.nssv.at\/vrsoe\/wp-content\/uploads\/2016\/08\/MG_2896-1.jpg 1200w\" sizes=\"auto, (max-width: 300px) 100vw, 300px\" \/><br \/>\n<img loading=\"lazy\" decoding=\"async\" class=\"alignnone wp-image-163 size-medium\" src=\"https:\/\/www.nssv.at\/vrsoe\/wp-content\/uploads\/2016\/08\/MG_3201-300x200.jpg\" alt=\"_MG_3201\" width=\"300\" height=\"200\" srcset=\"https:\/\/www.nssv.at\/vrsoe\/wp-content\/uploads\/2016\/08\/MG_3201-300x200.jpg 300w, https:\/\/www.nssv.at\/vrsoe\/wp-content\/uploads\/2016\/08\/MG_3201-768x512.jpg 768w, https:\/\/www.nssv.at\/vrsoe\/wp-content\/uploads\/2016\/08\/MG_3201-1024x683.jpg 1024w, https:\/\/www.nssv.at\/vrsoe\/wp-content\/uploads\/2016\/08\/MG_3201.jpg 1200w\" sizes=\"auto, (max-width: 300px) 100vw, 300px\" \/> <img loading=\"lazy\" decoding=\"async\" class=\"alignnone wp-image-164 size-medium\" src=\"https:\/\/www.nssv.at\/vrsoe\/wp-content\/uploads\/2016\/08\/MG_3259-300x200.jpg\" alt=\"_MG_3259\" width=\"300\" height=\"200\" srcset=\"https:\/\/www.nssv.at\/vrsoe\/wp-content\/uploads\/2016\/08\/MG_3259-300x200.jpg 300w, https:\/\/www.nssv.at\/vrsoe\/wp-content\/uploads\/2016\/08\/MG_3259-768x512.jpg 768w, https:\/\/www.nssv.at\/vrsoe\/wp-content\/uploads\/2016\/08\/MG_3259-1024x683.jpg 1024w, https:\/\/www.nssv.at\/vrsoe\/wp-content\/uploads\/2016\/08\/MG_3259.jpg 1200w\" sizes=\"auto, (max-width: 300px) 100vw, 300px\" \/><br \/>\n<img loading=\"lazy\" decoding=\"async\" class=\"alignnone size-medium wp-image-166\" src=\"https:\/\/www.nssv.at\/vrsoe\/wp-content\/uploads\/2016\/08\/IMG_8856-300x200.jpg\" alt=\"IMG_8856\" width=\"300\" height=\"200\" srcset=\"https:\/\/www.nssv.at\/vrsoe\/wp-content\/uploads\/2016\/08\/IMG_8856-300x200.jpg 300w, https:\/\/www.nssv.at\/vrsoe\/wp-content\/uploads\/2016\/08\/IMG_8856-768x512.jpg 768w, https:\/\/www.nssv.at\/vrsoe\/wp-content\/uploads\/2016\/08\/IMG_8856-1024x683.jpg 1024w, https:\/\/www.nssv.at\/vrsoe\/wp-content\/uploads\/2016\/08\/IMG_8856.jpg 1280w\" sizes=\"auto, (max-width: 300px) 100vw, 300px\" \/> <img loading=\"lazy\" decoding=\"async\" class=\"alignnone size-medium wp-image-167\" src=\"https:\/\/www.nssv.at\/vrsoe\/wp-content\/uploads\/2016\/08\/IMG_9118-300x200.jpg\" alt=\"IMG_9118\" width=\"300\" height=\"200\" srcset=\"https:\/\/www.nssv.at\/vrsoe\/wp-content\/uploads\/2016\/08\/IMG_9118-300x200.jpg 300w, https:\/\/www.nssv.at\/vrsoe\/wp-content\/uploads\/2016\/08\/IMG_9118-768x512.jpg 768w, https:\/\/www.nssv.at\/vrsoe\/wp-content\/uploads\/2016\/08\/IMG_9118-1024x683.jpg 1024w, https:\/\/www.nssv.at\/vrsoe\/wp-content\/uploads\/2016\/08\/IMG_9118.jpg 1280w\" sizes=\"auto, (max-width: 300px) 100vw, 300px\" \/><br \/>\n<img loading=\"lazy\" decoding=\"async\" class=\"alignnone size-medium wp-image-169\" src=\"https:\/\/www.nssv.at\/vrsoe\/wp-content\/uploads\/2016\/08\/img_2970-300x200.jpg\" alt=\"img_2970\" width=\"300\" height=\"200\" srcset=\"https:\/\/www.nssv.at\/vrsoe\/wp-content\/uploads\/2016\/08\/img_2970-300x200.jpg 300w, https:\/\/www.nssv.at\/vrsoe\/wp-content\/uploads\/2016\/08\/img_2970-768x512.jpg 768w, https:\/\/www.nssv.at\/vrsoe\/wp-content\/uploads\/2016\/08\/img_2970.jpg 1024w\" sizes=\"auto, (max-width: 300px) 100vw, 300px\" \/> <img loading=\"lazy\" decoding=\"async\" class=\"alignnone size-medium wp-image-170\" src=\"https:\/\/www.nssv.at\/vrsoe\/wp-content\/uploads\/2016\/08\/img_3367-300x200.jpg\" alt=\"img_3367\" width=\"300\" height=\"200\" srcset=\"https:\/\/www.nssv.at\/vrsoe\/wp-content\/uploads\/2016\/08\/img_3367-300x200.jpg 300w, https:\/\/www.nssv.at\/vrsoe\/wp-content\/uploads\/2016\/08\/img_3367-768x512.jpg 768w, https:\/\/www.nssv.at\/vrsoe\/wp-content\/uploads\/2016\/08\/img_3367.jpg 1024w\" sizes=\"auto, (max-width: 300px) 100vw, 300px\" \/><\/p>\n<p>&nbsp;<\/p>\n<p>&nbsp;<\/p>\n<p><img loading=\"lazy\" decoding=\"async\" src=\"https:\/\/www.nssv.at\/vrsoe\/wp-content\/uploads\/2016\/08\/Wanderbanner2016-300x100.jpg\" alt=\"Wanderbanner2016\" width=\"327\" height=\"109\"><\/p>\n<p>Als neuester Verein im Verband, hat sich <strong>Long Trail Hikers &#8211; Austria (Langstreckenwandersport &amp; Nordic Trekking)<\/strong>, gegr\u00fcndet 2016, in den VRS\u00d6 eingegliedert. Dieser Sportverein hat sich das Ziel gesetzt abseits der \u00fcblichen Touristenstr\u00f6me und Sonntagshundef\u00fchrer auf neuen Trails und Wegen unterwegs zu sein. Entschleunigen ist das Motto, zur\u00fcck zur Natur und das&nbsp;Wiederfinden der inneren Ruhe.&nbsp;Ob mit oder&nbsp;ohne Hund ist dabei nebens\u00e4chlich. LTH-Austria ist auf alle F\u00e4lle eine&nbsp;Bereicherung des Verbandes und erg\u00e4nzt das Sportgef\u00fcge um den Wandersport f\u00fcr alle. Der Blog der Long Trail Hiker ist \u00fcber diesen Link zu erreichen: <a href=\"http:\/\/longtrailhikers.nssv.at\" target=\"_blank\" rel=\"noopener\">longtrailhikers.nssv.at<\/a>. Hier findet Ihr auch alle Infos \u00fcber diese Gemeinschaft.<\/p>\n<p><img loading=\"lazy\" decoding=\"async\" src=\"https:\/\/www.nssv.at\/vrsoe\/wp-content\/uploads\/2016\/08\/IMG_6622-300x200.jpg\" alt=\"IMG_6622\" width=\"300\" height=\"200\"> <img loading=\"lazy\" decoding=\"async\" src=\"https:\/\/www.nssv.at\/vrsoe\/wp-content\/uploads\/2016\/08\/IMG_6673-300x200.jpg\" alt=\"IMG_6673\" width=\"300\" height=\"200\"><br \/>\n<img loading=\"lazy\" decoding=\"async\" src=\"https:\/\/www.nssv.at\/vrsoe\/wp-content\/uploads\/2016\/08\/IMG_1891-300x200.jpg\" alt=\"IMG_1891\" width=\"300\" height=\"200\"> <img loading=\"lazy\" decoding=\"async\" src=\"https:\/\/www.nssv.at\/vrsoe\/wp-content\/uploads\/2016\/08\/IMG_2073-300x200.jpg\" alt=\"IMG_2073\" width=\"300\" height=\"200\"><br \/>\n<img loading=\"lazy\" decoding=\"async\" class=\"alignnone size-medium wp-image-171\" src=\"https:\/\/www.nssv.at\/vrsoe\/wp-content\/uploads\/2016\/08\/IMG_9964-300x200.jpg\" alt=\"IMG_9964\" width=\"300\" height=\"200\" srcset=\"https:\/\/www.nssv.at\/vrsoe\/wp-content\/uploads\/2016\/08\/IMG_9964-300x200.jpg 300w, https:\/\/www.nssv.at\/vrsoe\/wp-content\/uploads\/2016\/08\/IMG_9964-768x512.jpg 768w, https:\/\/www.nssv.at\/vrsoe\/wp-content\/uploads\/2016\/08\/IMG_9964-1024x683.jpg 1024w, https:\/\/www.nssv.at\/vrsoe\/wp-content\/uploads\/2016\/08\/IMG_9964.jpg 1280w\" sizes=\"auto, (max-width: 300px) 100vw, 300px\" \/> <img loading=\"lazy\" decoding=\"async\" class=\"alignnone size-medium wp-image-172\" src=\"https:\/\/www.nssv.at\/vrsoe\/wp-content\/uploads\/2016\/08\/IMG_10063-300x200.jpg\" alt=\"IMG_10063\" width=\"300\" height=\"200\" srcset=\"https:\/\/www.nssv.at\/vrsoe\/wp-content\/uploads\/2016\/08\/IMG_10063-300x200.jpg 300w, https:\/\/www.nssv.at\/vrsoe\/wp-content\/uploads\/2016\/08\/IMG_10063-768x512.jpg 768w, https:\/\/www.nssv.at\/vrsoe\/wp-content\/uploads\/2016\/08\/IMG_10063-1024x683.jpg 1024w, https:\/\/www.nssv.at\/vrsoe\/wp-content\/uploads\/2016\/08\/IMG_10063.jpg 1280w\" sizes=\"auto, (max-width: 300px) 100vw, 300px\" \/><\/p>\n<p>&nbsp;<\/p>\n<hr>\n<p>&nbsp;<\/p>\n<p><strong>Unsere derzeitigen Mitgliedsgruppierungen im Detail:<\/strong><\/p>\n<p>Unser Verband hat mit Stichtag 10.&nbsp;September 2016 drei Gruppierungen als Mitglieder. Eine Interessensgemeinschaft f\u00fcr nordische Hunde (AMCSF\u00d6) und zwei Vereine die sich mit Schlittenhunde- und Breitensport besch\u00e4ftigen und diese auch anbieten (NSSV, LTH-Austria). Wenn Ihr mehr \u00fcber die einzelnen Vereine und Gruppierungen wissen m\u00f6chtet, dann kontaktiert bitte das VRS\u00d6-Office, und Eure Mails werden an die zust\u00e4ndigen Referenten weitergeleitet und auch innerhalb k\u00fcrzester Zeit beantwortet.<\/p>\n<p>&nbsp;<\/p>\n<p><img loading=\"lazy\" decoding=\"async\" src=\"https:\/\/www.nssv.at\/vrsoe\/wp-content\/uploads\/2016\/08\/top-logo-amcg-2011-klein-300x83.jpg\" alt=\"top-logo-amcg-2011-klein\" width=\"300\" height=\"83\"><br \/>\nGegr\u00fcndet 2004 (bis 2011: AMCG &#8211; Alaskan Malamute Club Gerasdorf)<\/p>\n<p align=\"justify\"><strong>AMCSF\u00d6 &#8211; Alaskan Malamute Club und Schlittenhundefreunde \u00d6sterreich<\/strong><\/p>\n<p>Der AMCSF\u00d6 ist eine Interessensgemeinschaft von Haltern nordischer Hunderassen, die sich als Ziel gesetzt haben, mit ihren Hunden Spa\u00df zu haben. Fernab vom Zwang des Sports &#8211; nur zur Kommunikation und Fun. Der AMCG bietet seinen Mitgliedern zwanglose &#8222;Clubbings&#8220; also Clubtreffen der Mitglieder, kleinere Wanderungen, Informationsaustausch. Beim AMCSF\u00d6 ist es egal, ob die nordischen Hunde reinrassig sind, oder Papiere haben. Der Spa\u00dffaktor z\u00e4hlt. Info: Der AMCSF\u00d6 besitzt derzeit keine eigene Webseite, informiert jedoch \u00fcber den Verband.<\/p>\n<p>Der Club stellt f\u00fcr&nbsp;die Mitglieder im Verband folgende Leistungen zur Verf\u00fcgung:<\/p>\n<ul>\n<li>Organisierte Treffen und Erfahrungsaustausch zwischen den Schlittenhundefreunden.<\/li>\n<li>Unterst\u00fctzung bei Fragen rund um die Hunde (Haltung, Gesundheit, etc.).<\/li>\n<li>Zwangslose Spazierg\u00e4nge und Kurzwanderungen mit den Hunden.<\/li>\n<\/ul>\n<p>&nbsp;<\/p>\n<p><img loading=\"lazy\" decoding=\"async\" src=\"https:\/\/www.nssv.at\/vrsoe\/wp-content\/uploads\/2016\/08\/NSSV-2011-300x109.jpg\" alt=\"NSSV-2011\" width=\"300\" height=\"109\"><br \/>\nGegr\u00fcndet 2005, Mitglied im ASV\u00d6-N\u00d6<\/p>\n<p><strong>NSSV &#8211; Nieder\u00f6sterreichischer Schlittenhunde Sportverein<\/strong><\/p>\n<p>NSSV ist der Vorreiter vieler neuer Aktivit\u00e4ten mit dem Hund. Nicht der Kampf ums &#8222;Stockerl&#8220; steht an erster Stelle, sondern der gemeinsame Sport im Mensch-Hunde-Team. Seit 2006 von uns in Nieder\u00f6sterreich angeboten, ist das Walk&#8217;n&#8217;Dog &#8211; das Nordic Walking mit Hund (mit korrektem Bewegungsablauf, also kein Spazierengehen mit &#8222;Steckerln&#8220;). Weiters bietet der NSSV immer wieder Workshops f\u00fcr Interessenten und Neulinge zu absolut g\u00fcnstigen Kostenbeitr\u00e4gen an. Bei uns ist immer was los! Fragt einfach an, und ihr werdet vom Team des NSSV gerne \u00fcber die laufenden Aktivit\u00e4ten informiert.<\/p>\n<p>Info: Die Webseite des NSSV ist ausschlie\u00dflich nur f\u00fcr Mitglieder des Vereins erreichbar! (F\u00fcr alle offen und erreichbar: <a href=\"http:\/\/nssv.nssv.at\" target=\"_blank\" rel=\"noopener\">Webinfo NSSV<\/a>)<\/p>\n<p>Der Verein stellt f\u00fcr&nbsp;die Mitglieder im Verband (keine Verg\u00fcnstigungen f\u00fcr AMCSF\u00d6) folgende Leistungen zur Verf\u00fcgung:<\/p>\n<ul>\n<li>Erm\u00e4\u00dfigungen bei den meisten Events des NSSV.<\/li>\n<li>Zugang zur gr\u00f6\u00dften Datenbank f\u00fcr Schlittenhunde und allem &#8222;Drumherum&#8220;.<\/li>\n<li>Trainingslager f\u00fcr Wagen, Bike und Scooter.<\/li>\n<li>Workshops f\u00fcr Anf\u00e4nger (Training, Ausr\u00fcstung, etc.).<\/li>\n<li>Den &#8222;Activity-Pass&#8220; als bleibende Erinnerung an alle Aktivit\u00e4ten und zugleich Mitgliedsausweis.<\/li>\n<li>Mitgliedertreffen und Erfahrungsaustausch.<\/li>\n<li>Kostenloser Ausr\u00fcstungsverleih auf den eigenen Events (Wenn entsprechendes Equipment vorhanden ist).<\/li>\n<li>&#8222;Delta-Run&#8220; &#8211; Schlittenhunde-Differenzwertungsl\u00e4ufe (Exklusiv nur bei uns!).<\/li>\n<li>Rennen in den Kategorien Wagen D,C,B, Bike und Scooter (Nur national, keine Altmetalljagden!).<\/li>\n<li>NSSV Mitglieder erhalten \u00fcber den ASV\u00d6-N\u00d6 Fahrtkostenersatz und Trainingszusch\u00fcsse bei rechtzeitiger Einreichung.<\/li>\n<\/ul>\n<p>&nbsp;<\/p>\n<p><img loading=\"lazy\" decoding=\"async\" src=\"https:\/\/www.nssv.at\/vrsoe\/wp-content\/uploads\/2016\/08\/Wanderbanner2016-300x100.jpg\" alt=\"Wanderbanner2016\" width=\"300\" height=\"100\"><br \/>\nGegr\u00fcndet 2016<\/p>\n<p><strong>Long Trail Hikers &#8211; Austria (Langstreckenwandersport &amp; Nordic Trekking)<\/strong><\/p>\n<p>LTH-Austria ist die neueste Gruppierung in unserem Verband, und erg\u00e4nzt den Schlittenhundesport durch sein Angebot&nbsp;das sich auch an&nbsp;sportliche und bewegungsfreudige Menschen mit und ohne Hund richtet.&nbsp;Der LTH-Austria sieht sich&nbsp;weder als Schlittenhundesportverein noch als Dogtrekkingverein sondern als &#8222;Bewegungsf\u00f6rderer&#8220; in der freien Natur und ist sicherlich eine gro\u00dfe Bereicherung f\u00fcr den Verband. (<a href=\"http:\/\/longtrailhikers.nssv.at\" target=\"_blank\" rel=\"noopener\">Webseite LTH-Austria<\/a>)<\/p>\n<p>Der Verein stellt f\u00fcr&nbsp;die Mitglieder im Verband (keine Verg\u00fcnstigungen f\u00fcr AMCSF\u00d6) folgende Leistungen zur Verf\u00fcgung:<\/p>\n<ul>\n<li>Hiking &amp; Trekking in der Natur, abseits der Touristenwege.<\/li>\n<li>Entschleunigung vom Alltag und Spa\u00df im Freien mit oder ohne Hund.<\/li>\n<li>Erkundung der Natur und Freude daran.<\/li>\n<li>Famili\u00e4re Wanderpartien &#8211; egal ob 2 oder 50 Teilnehmer.<\/li>\n<li>F\u00fcr jene die es genau wissen wollen, gibt&#8217;s den &#8222;Expeditionsmodus&#8220;, Start &amp; Ziel wird vorgegeben, der Rest wird improvisiert.<\/li>\n<li>Hunde-Wandermarathon \u00d6sterreichmeisterschaften (In Zusammenarbeit mit dem VRS\u00d6).<\/li>\n<\/ul>\n<p>&nbsp;<\/p>\n<p><em>Ihr seid an einer Mitgliedschaft als Club oder Verein im VRS\u00d6 interessiert? Setzt Euch mit uns in Verbindung (Bei Interesse an einem der Mitgliederclubs bitte direkt mit&nbsp;dem&nbsp;jeweiligen&nbsp;Kontakt&nbsp;in&nbsp;Verbindung treten!) oder meldet Euch gleich <a href=\"https:\/\/www.nssv.at\/vrsoe\/?page_id=7573\" target=\"_blank\" rel=\"noopener\">ONLINE<\/a> bei uns an! <\/em><\/p>\n<p>&nbsp;<\/p>\n<hr>\n<p>&nbsp;<\/p>\n","protected":false},"excerpt":{"rendered":"<p>Unser Verband &#8211; Das Programm Das Programm des VRS\u00d6 setzt sich aus den Einzelangeboten der angeschlossenen Mitgliedsvereine und -clubs zusammen. Diese beinhalten ein breit gef\u00e4chertes Bewegungsangebot f\u00fcr alle die mit aber auch ohne Hund aktiv sein wollen. Egal ob Anf\u00e4nger, Amateur oder Profi, bei uns ist jeder Willkommen der sich zum Ziel gesetzt hat f\u00fcr [&hellip;]<\/p>\n","protected":false},"author":1,"featured_media":74,"parent":0,"menu_order":0,"comment_status":"closed","ping_status":"closed","template":"","meta":{"_bbp_topic_count":0,"_bbp_reply_count":0,"_bbp_total_topic_count":0,"_bbp_total_reply_count":0,"_bbp_voice_count":0,"_bbp_anonymous_reply_count":0,"_bbp_topic_count_hidden":0,"_bbp_reply_count_hidden":0,"_bbp_forum_subforum_count":0,"ngg_post_thumbnail":0,"footnotes":""},"class_list":["post-34","page","type-page","status-publish","has-post-thumbnail","hentry"],"amp_enabled":true,"_links":{"self":[{"href":"https:\/\/www.nssv.at\/vrsoe\/wp-json\/wp\/v2\/pages\/34","targetHints":{"allow":["GET"]}}],"collection":[{"href":"https:\/\/www.nssv.at\/vrsoe\/wp-json\/wp\/v2\/pages"}],"about":[{"href":"https:\/\/www.nssv.at\/vrsoe\/wp-json\/wp\/v2\/types\/page"}],"author":[{"embeddable":true,"href":"https:\/\/www.nssv.at\/vrsoe\/wp-json\/wp\/v2\/users\/1"}],"replies":[{"embeddable":true,"href":"https:\/\/www.nssv.at\/vrsoe\/wp-json\/wp\/v2\/comments?post=34"}],"version-history":[{"count":3,"href":"https:\/\/www.nssv.at\/vrsoe\/wp-json\/wp\/v2\/pages\/34\/revisions"}],"predecessor-version":[{"id":10497,"href":"https:\/\/www.nssv.at\/vrsoe\/wp-json\/wp\/v2\/pages\/34\/revisions\/10497"}],"wp:featuredmedia":[{"embeddable":true,"href":"https:\/\/www.nssv.at\/vrsoe\/wp-json\/wp\/v2\/media\/74"}],"wp:attachment":[{"href":"https:\/\/www.nssv.at\/vrsoe\/wp-json\/wp\/v2\/media?parent=34"}],"curies":[{"name":"wp","href":"https:\/\/api.w.org\/{rel}","templated":true}]}}