{"id":306,"date":"2016-09-12T19:41:48","date_gmt":"2016-09-12T17:41:48","guid":{"rendered":"http:\/\/www.nssv.at\/VRSOE\/?page_id=306"},"modified":"2026-01-06T13:35:35","modified_gmt":"2026-01-06T12:35:35","slug":"termine","status":"publish","type":"page","link":"https:\/\/www.nssv.at\/vrsoe\/termine","title":{"rendered":"Planungen &#038; Termine"},"content":{"rendered":"<p>Hier findet Ihr alle unsere <strong>Planungen &amp; Termine<\/strong>.<br \/>\n<em>Letztes Update: 06.01.2026<\/em><\/p>\n<p>&nbsp;<\/p>\n<p><a href=\"https:\/\/www.nssv.at\/vrsoe\/wp-content\/uploads\/2018\/01\/pawline.gif\" class=\"thickbox no_icon\"><img loading=\"lazy\" decoding=\"async\" class=\"alignnone size-full wp-image-7355\" src=\"https:\/\/www.nssv.at\/vrsoe\/wp-content\/uploads\/2018\/01\/pawline.gif\" alt=\"\" width=\"350\" height=\"40\"><\/a><a href=\"https:\/\/www.nssv.at\/vrsoe\/wp-content\/uploads\/2018\/01\/pawline.gif\" class=\"thickbox no_icon\"><img loading=\"lazy\" decoding=\"async\" class=\"alignnone size-full wp-image-7355\" src=\"https:\/\/www.nssv.at\/vrsoe\/wp-content\/uploads\/2018\/01\/pawline.gif\" alt=\"\" width=\"350\" height=\"40\"><\/a><\/p>\n<p>&nbsp;<\/p>\n<h2>Termine\/Planungen 2026:<\/h2>\n<p>&nbsp;<\/p>\n<p><img loading=\"lazy\" decoding=\"async\" class=\"alignnone wp-image-11096\" src=\"https:\/\/www.nssv.at\/vrsoe\/wp-content\/uploads\/2025\/12\/burning-feet-2026.jpg\" alt=\"\" width=\"700\" height=\"700\" srcset=\"https:\/\/www.nssv.at\/vrsoe\/wp-content\/uploads\/2025\/12\/burning-feet-2026.jpg 1024w, https:\/\/www.nssv.at\/vrsoe\/wp-content\/uploads\/2025\/12\/burning-feet-2026-300x300.jpg 300w, https:\/\/www.nssv.at\/vrsoe\/wp-content\/uploads\/2025\/12\/burning-feet-2026-150x150.jpg 150w, https:\/\/www.nssv.at\/vrsoe\/wp-content\/uploads\/2025\/12\/burning-feet-2026-768x768.jpg 768w\" sizes=\"auto, (max-width: 700px) 100vw, 700px\" \/><\/p>\n<p>Wir versuchens trotz vollkommener gegen uns arbeitender Gesetzeslage in N\u00d6 (Campingverbot daher kein Stake-Out m\u00f6glich, idiotische Auflagen in Bezug auf den &#8222;Schlittenhunde&#8220;sport, f\u00fcr den nicht ortsgebundenen Outdoorsport nicht einhaltbarer Vorschriften in Bezug auf Getr\u00e4nke und Verpflegung der Teilnehmer, und einigem mehr) unsere &#8222;Burning feet&#8220; wieder aufleben zu lassen. Um zumindest halbwegs gesetzeskonform agieren zu k\u00f6nnen, muss die Streckenl\u00e4nge aber leider von 42km auf maximal 15-20km verk\u00fcrzt werden. Geht halt leider nicht anders. Da kann jeder Danke zu den Politikern und auch M\u00f6chtegerntiersch\u00fctzerinnen und &#8222;Expertinnen&#8220; in diversen politischen Positionen und \u00c4mtern sagen. Keine Ahnung was bei diesem Sport gemacht wird, aber eine Lawine an Vorschriften und Gesetze beschlie\u00dfen wo einem davor graust als Veranstalter auch nur irgendwas noch in diesem N\u00d6 zu machen!<\/p>\n<p>Wir halten Euch aber auf dem Laufenden, ob wirs schaffen werden ein &#8222;Burning feet 2026&#8220; durchzuziehen!<\/p>\n<blockquote>\n<h6>\nAnmeldungen unter &#8222;Trekking allgemein&#8220; online schnell und einfach mit untenstehendem Link oder per Mail an unser Office: o&#102;&#102;&#105;&#x63;&#x65;&#x40;ns&#115;&#118;&#x2e;&#x61;&#x74;<\/h6>\n<\/blockquote>\n<p>&nbsp;<\/p>\n<p><a href=\"https:\/\/www.nssv.at\/vrsoe\/wp-content\/uploads\/2018\/01\/pawline.gif\" class=\"thickbox no_icon\"><img loading=\"lazy\" decoding=\"async\" class=\"alignnone size-full wp-image-7355\" src=\"https:\/\/www.nssv.at\/vrsoe\/wp-content\/uploads\/2018\/01\/pawline.gif\" alt=\"\" width=\"350\" height=\"40\"><\/a><a href=\"https:\/\/www.nssv.at\/vrsoe\/wp-content\/uploads\/2018\/01\/pawline.gif\" class=\"thickbox no_icon\"><img loading=\"lazy\" decoding=\"async\" class=\"alignnone size-full wp-image-7355\" src=\"https:\/\/www.nssv.at\/vrsoe\/wp-content\/uploads\/2018\/01\/pawline.gif\" alt=\"\" width=\"350\" height=\"40\"><\/a><\/p>\n<p>&nbsp;<\/p>\n<p>&nbsp;<\/p>\n<h2>*Anmeldung &amp; Teilnahme:<\/h2>\n<p>&nbsp;<\/p>\n<p><strong>Wenn Ihr bei einem Event von uns teilnehmen wollt, dann meldet Euch bitte wie folgt an:<\/strong><\/p>\n<p><em><strong>Neu:<\/strong>&nbsp;&nbsp;Alle&nbsp;Interessierten Mitglieder<\/em> k\u00f6nnen sich einfach gleich weiter unten unter <em>&#8222;Service f\u00fcr unsere Mitglieder&#8220;<\/em> schnell und formlos bei uns anmelden oder ihr Interesse f\u00fcr einen Event bekannt geben.<\/p>\n<p>F\u00fcr alle Nichtmitglieder und G\u00e4ste haben wir ein Anmeldeformular online:<\/p>\n<p><a href=\"https:\/\/www.nssv.at\/vrsoe\/?page_id=7567\" target=\"_blank\" rel=\"noopener noreferrer\">ONLINE &#8211; Anmeldeformular<\/a> (Anmeldung zu einer Veranstaltung f\u00fcr Nichtmitglieder)<\/p>\n<p><strong><em>Achtung &#8211; Gilt f\u00fcr Events mit einem Stake-Out:<\/em><\/strong>Wenn Ihr das allererste Mal dabei seid und Eure Hunde noch nicht bei uns im internen Verbandsregister eingetragen sind, dann meldet bitte Eure Hunde vor der Teilnahme online an. Dieses dient ausschlie\u00dflich dazu damit wir wissen dass Eure Hunde gesund und geimpft sind. Wir bitten auch den Impfpass beim ersten Zusammentreffen vorzuweisen um die Angaben zu verifizieren.&nbsp;Dies ist&nbsp;eine reine Vorsorgema\u00dfnahme, die unsere Hunde&nbsp;und sp\u00e4ter auch Eure vor&nbsp;m\u00f6glichen eingeschleppten Krankheiten sch\u00fctzen. Dieses Prozedere ist nur beim Erstkontakt bei uns erforderlich.<\/p>\n<p><a href=\"https:\/\/www.nssv.at\/vrsoe\/?page_id=7564\" target=\"_blank\" rel=\"noopener noreferrer\">ONLINE &#8211; Meldung eines Hundes ins VRS\u00d6 Microchip-Register<\/a> (Nur Pflicht bei Events mit Stake-Out!)<\/p>\n<p><strong><em>Die Leinenpflicht gilt immer! <\/em><\/strong>Es gilt auf allen unseren Events generell Leinenpflicht, unabh\u00e4ngig aktueller Gesetzgebungen!&nbsp;Diese Vorgabe ist nicht diskutierbar und gilt f\u00fcr alle Teilnehmer. Einzige Ausnahme davon: Bei steilen und rutschigen Abstiegen (wo keine gesetzliche Leinenpflicht besteht!) und ausschlie\u00dflich nur dann wenn die Hunde 100% abruffest sind, beim Inhaber bleiben, und ausreichender Abstand zu den anderen Hunden eingehalten wird! In diesem Fall m\u00fcssen die abgeleinten Hunde jedoch immer hinter allen anderen bleiben!<\/p>\n<p><em><strong>Wichtig!<\/strong> Viele Termine sind hier noch nicht vergeben. Das hat den Grund, dass wir ja&nbsp;ausschlie\u00dflich Drau\u00dfen unterwegs sind, und wir bei unseren Unternehmungen auch halbwegs annehmbares Wetter haben wollen. Die Aussage &#8222;es gibt kein schlechtes Wetter, sondern nur unzureichende Kleidung&#8220; mag zwar richtig sein, aber es ist nicht das Gelbe vom Ei immer bei Schlechtwetter Outdoor&nbsp;regelm\u00e4\u00dfig klatschnass&nbsp;zu sein. Sonne schadet zwar auch nicht, aber wenn es zu hei\u00df wird, hat es auch keinen Sinn, da achten wir auf die Hunde. Deswegen setzen wir unsere Termine oft kurzfristig (also 5-7 Tage vorher) an. Wenn Ihr an einem Event Interesse habt, dann schaut bitte \u00f6fter nach, ob schon ein Termin vergeben ist!<\/em><\/p>\n<p>&nbsp;<\/p>\n<p>&nbsp;<\/p>\n<blockquote>\n<blockquote>\n<div class=\"wpcf7 no-js\" id=\"wpcf7-f7580-o1\" lang=\"de-DE\" dir=\"ltr\" data-wpcf7-id=\"7580\">\n<div class=\"screen-reader-response\"><p role=\"status\" aria-live=\"polite\" aria-atomic=\"true\"><\/p> <ul><\/ul><\/div>\n<form action=\"\/vrsoe\/wp-json\/wp\/v2\/pages\/306#wpcf7-f7580-o1\" method=\"post\" class=\"wpcf7-form init\" aria-label=\"Kontaktformular\" novalidate=\"novalidate\" data-status=\"init\">\n<fieldset class=\"hidden-fields-container\"><input type=\"hidden\" name=\"_wpcf7\" value=\"7580\" \/><input type=\"hidden\" name=\"_wpcf7_version\" value=\"6.1.5\" \/><input type=\"hidden\" name=\"_wpcf7_locale\" value=\"de_DE\" \/><input type=\"hidden\" name=\"_wpcf7_unit_tag\" value=\"wpcf7-f7580-o1\" \/><input type=\"hidden\" name=\"_wpcf7_container_post\" value=\"0\" \/><input type=\"hidden\" name=\"_wpcf7_posted_data_hash\" value=\"\" \/>\n<\/fieldset>\n<p><b>Service f\u00fcr unsere Mitglieder:<\/b> Wenn Ihr Interesse an diesem Event habt, oder teilnehmen wollt, dann teilt es uns mit! W\u00e4hlt einfach die entsprechende Veranstaltung aus, und ob ihr vorgemerkt werden wollt, oder fix dabei seid!\n<\/p>\n<p><label><b> Name <\/b>(Pflichtfeld!):<br \/>\n<span class=\"wpcf7-form-control-wrap\" data-name=\"your-name\"><input size=\"40\" maxlength=\"400\" class=\"wpcf7-form-control wpcf7-text wpcf7-validates-as-required\" aria-required=\"true\" aria-invalid=\"false\" value=\"\" type=\"text\" name=\"your-name\" \/><\/span> <\/label>\n<\/p>\n<p><label><b> Deine Mailadresse <\/b>(Pflichtfeld!):<br \/>\n<span class=\"wpcf7-form-control-wrap\" data-name=\"your-email\"><input size=\"40\" maxlength=\"400\" class=\"wpcf7-form-control wpcf7-email wpcf7-validates-as-required wpcf7-text wpcf7-validates-as-email\" aria-required=\"true\" aria-invalid=\"false\" value=\"\" type=\"email\" name=\"your-email\" \/><\/span> <\/label>\n<\/p>\n<p><label><b> W\u00e4hle die gew\u00fcnschte Veranstaltung aus <\/b>(Pflichtfeld!):<\/label><br \/>\n<span class=\"wpcf7-form-control-wrap\" data-name=\"menue\"><select class=\"wpcf7-form-control wpcf7-select wpcf7-validates-as-required\" aria-required=\"true\" aria-invalid=\"false\" name=\"menue\"><option value=\"Bitte hier ausw\u00e4hlen ...\">Bitte hier ausw\u00e4hlen ...<\/option><option value=\"Burning feet 2026\">Burning feet 2026<\/option><\/select><\/span>\n<\/p>\n<p><label><b> Interessiert oder fix dabei? <\/b>(Pflichtfeld!):<\/label><br \/>\n<span class=\"wpcf7-form-control-wrap\" data-name=\"checkbox\"><span class=\"wpcf7-form-control wpcf7-checkbox wpcf7-validates-as-required\"><span class=\"wpcf7-list-item first\"><input type=\"checkbox\" name=\"checkbox[]\" value=\"Ja, ich interessiere mich daf\u00fcr und m\u00f6chte vorgemerkt werden.\" \/><span class=\"wpcf7-list-item-label\">Ja, ich interessiere mich daf\u00fcr und m\u00f6chte vorgemerkt werden.<\/span><\/span><span class=\"wpcf7-list-item last\"><input type=\"checkbox\" name=\"checkbox[]\" value=\"Ja, ich nehme fix teil!\" \/><span class=\"wpcf7-list-item-label\">Ja, ich nehme fix teil!<\/span><\/span><\/span><\/span>\n<\/p>\n<p><label><b> Mit oder ohne Hundebegleitung? <\/b>(Pflichtfeld!):<\/label><br \/>\n<span class=\"wpcf7-form-control-wrap\" data-name=\"checkbox-hund\"><span class=\"wpcf7-form-control wpcf7-checkbox wpcf7-validates-as-required\"><span class=\"wpcf7-list-item first\"><input type=\"checkbox\" name=\"checkbox-hund[]\" value=\"Ich komme mit Hund\" \/><span class=\"wpcf7-list-item-label\">Ich komme mit Hund<\/span><\/span><span class=\"wpcf7-list-item last\"><input type=\"checkbox\" name=\"checkbox-hund[]\" value=\"Ich komme ohne Hund\" \/><span class=\"wpcf7-list-item-label\">Ich komme ohne Hund<\/span><\/span><\/span><\/span>\n<\/p>\n<p><input class=\"wpcf7-form-control wpcf7-submit has-spinner\" type=\"submit\" value=\"Senden\" \/>\n<\/p><div class=\"wpcf7-response-output\" aria-hidden=\"true\"><\/div>\n<\/form>\n<\/div>\n<\/blockquote>\n<\/blockquote>\n<p>&nbsp;<\/p>\n<p><a href=\"https:\/\/www.nssv.at\/vrsoe\/wp-content\/uploads\/2018\/01\/pawline.gif\" class=\"thickbox no_icon\"><img loading=\"lazy\" decoding=\"async\" class=\"alignnone size-full wp-image-7355\" src=\"https:\/\/www.nssv.at\/vrsoe\/wp-content\/uploads\/2018\/01\/pawline.gif\" alt=\"\" width=\"350\" height=\"40\"><\/a><a href=\"https:\/\/www.nssv.at\/vrsoe\/wp-content\/uploads\/2018\/01\/pawline.gif\" class=\"thickbox no_icon\"><img loading=\"lazy\" decoding=\"async\" class=\"alignnone size-full wp-image-7355\" src=\"https:\/\/www.nssv.at\/vrsoe\/wp-content\/uploads\/2018\/01\/pawline.gif\" alt=\"\" width=\"350\" height=\"40\"><\/a><\/p>\n<p>&nbsp;<\/p>\n","protected":false},"excerpt":{"rendered":"<p>Hier findet Ihr alle unsere Planungen &amp; Termine. Letztes Update: 06.01.2026 &nbsp; &nbsp; Termine\/Planungen 2026: &nbsp; Wir versuchens trotz vollkommener gegen uns arbeitender Gesetzeslage in N\u00d6 (Campingverbot daher kein Stake-Out m\u00f6glich, idiotische Auflagen in Bezug auf den &#8222;Schlittenhunde&#8220;sport, f\u00fcr den nicht ortsgebundenen Outdoorsport nicht einhaltbarer Vorschriften in Bezug auf Getr\u00e4nke und Verpflegung der Teilnehmer, und [&hellip;]<\/p>\n","protected":false},"author":1,"featured_media":1085,"parent":0,"menu_order":0,"comment_status":"closed","ping_status":"closed","template":"","meta":{"_bbp_topic_count":0,"_bbp_reply_count":0,"_bbp_total_topic_count":0,"_bbp_total_reply_count":0,"_bbp_voice_count":0,"_bbp_anonymous_reply_count":0,"_bbp_topic_count_hidden":0,"_bbp_reply_count_hidden":0,"_bbp_forum_subforum_count":0,"ngg_post_thumbnail":0,"footnotes":""},"class_list":["post-306","page","type-page","status-publish","has-post-thumbnail","hentry"],"amp_enabled":true,"_links":{"self":[{"href":"https:\/\/www.nssv.at\/vrsoe\/wp-json\/wp\/v2\/pages\/306","targetHints":{"allow":["GET"]}}],"collection":[{"href":"https:\/\/www.nssv.at\/vrsoe\/wp-json\/wp\/v2\/pages"}],"about":[{"href":"https:\/\/www.nssv.at\/vrsoe\/wp-json\/wp\/v2\/types\/page"}],"author":[{"embeddable":true,"href":"https:\/\/www.nssv.at\/vrsoe\/wp-json\/wp\/v2\/users\/1"}],"replies":[{"embeddable":true,"href":"https:\/\/www.nssv.at\/vrsoe\/wp-json\/wp\/v2\/comments?post=306"}],"version-history":[{"count":5,"href":"https:\/\/www.nssv.at\/vrsoe\/wp-json\/wp\/v2\/pages\/306\/revisions"}],"predecessor-version":[{"id":11155,"href":"https:\/\/www.nssv.at\/vrsoe\/wp-json\/wp\/v2\/pages\/306\/revisions\/11155"}],"wp:featuredmedia":[{"embeddable":true,"href":"https:\/\/www.nssv.at\/vrsoe\/wp-json\/wp\/v2\/media\/1085"}],"wp:attachment":[{"href":"https:\/\/www.nssv.at\/vrsoe\/wp-json\/wp\/v2\/media?parent=306"}],"curies":[{"name":"wp","href":"https:\/\/api.w.org\/{rel}","templated":true}]}}